{"id":9114,"date":"2025-08-21T11:23:09","date_gmt":"2025-08-21T09:23:09","guid":{"rendered":"https:\/\/www.bez.sk\/?page_id=9114"},"modified":"2025-09-01T14:28:00","modified_gmt":"2025-09-01T12:28:00","slug":"certyfikaty-i-deklaracje","status":"publish","type":"page","link":"https:\/\/www.bez.sk\/pl\/certyfikaty-i-deklaracje\/","title":{"rendered":"Certyfikaty i deklaracje"},"content":{"rendered":"<div id='av_section_1'  class='avia-section av-1hkjs-0ed5fcecefd92ac99e3a568e0e4b5e59 main_color avia-section-large avia-no-border-styling  avia-builder-el-0  el_before_av_section  avia-builder-el-first  subpage-banner avia-bg-style-scroll container_wrap sidebar_right'  ><div class='container av-section-cont-open' ><main  role=\"main\" itemprop=\"mainContentOfPage\"  class='template-page content  av-content-small alpha units'><div class='post-entry post-entry-type-page post-entry-9114'><div class='entry-content-wrapper clearfix'>\n<div  class='flex_column av-96shk-f60adca8f8d5e0494cd1afea1f669c3a av_one_full  avia-builder-el-1  avia-builder-el-no-sibling  first flex_column_div  '     ><style type=\"text\/css\" data-created_by=\"avia_inline_auto\" id=\"style-css-av-m3j9fm82-9f02458fa701520c08446b727978fb8f\">\n#top .av-special-heading.av-m3j9fm82-9f02458fa701520c08446b727978fb8f{\npadding-bottom:10px;\n}\nbody .av-special-heading.av-m3j9fm82-9f02458fa701520c08446b727978fb8f .av-special-heading-tag .heading-char{\nfont-size:25px;\n}\n.av-special-heading.av-m3j9fm82-9f02458fa701520c08446b727978fb8f .av-subheading{\nfont-size:15px;\n}\n<\/style>\n<div  class='av-special-heading av-m3j9fm82-9f02458fa701520c08446b727978fb8f av-special-heading-h1 blockquote modern-quote  avia-builder-el-2  avia-builder-el-no-sibling '><h1 class='av-special-heading-tag '  itemprop=\"headline\"  >Certyfikaty i deklaracje<\/h1><div class=\"special-heading-border\"><div class=\"special-heading-inner-border\"><\/div><\/div><\/div><\/div>\n\n<\/div><\/div><\/main><!-- close content main element --><\/div><\/div><div id='av_section_2'  class='avia-section av-m3jyeeof-a6b9276884cdd9e904fd9eba11ab41a7 main_color avia-section-default avia-no-border-styling  avia-builder-el-3  el_after_av_section  el_before_av_section  stiahnite-si-katalogy-section avia-bg-style-scroll container_wrap sidebar_right'  ><div class='container av-section-cont-open' ><div class='template-page content  av-content-small alpha units'><div class='post-entry post-entry-type-page post-entry-9114'><div class='entry-content-wrapper clearfix'>\n\n\n<style type=\"text\/css\" data-created_by=\"avia_inline_auto\" id=\"style-css-av-7vuo8-9bd187ee3dc1759eb5b115ecb93af5ca\">\n.flex_column.av-7vuo8-9bd187ee3dc1759eb5b115ecb93af5ca{\nborder-radius:15px 15px 15px 15px;\npadding:40px 20px 40px 20px;\nbackground-color:#f9f9f9;\n}\n<\/style>\n<div  class='flex_column av-7vuo8-9bd187ee3dc1759eb5b115ecb93af5ca av_one_fourth  avia-builder-el-5  el_after_av_heading  el_before_av_one_fourth  first flex_column_div  '     ><p>\n<style type=\"text\/css\" data-created_by=\"avia_inline_auto\" id=\"style-css-av-m3k8nvxf-c421da16811214f8852751712fa36f54\">\n.avia-image-container.av-m3k8nvxf-c421da16811214f8852751712fa36f54 img.avia_image{\nbox-shadow:none;\n}\n.avia-image-container.av-m3k8nvxf-c421da16811214f8852751712fa36f54 .av-image-caption-overlay-center{\ncolor:#ffffff;\n}\n<\/style>\n<div  class='avia-image-container av-m3k8nvxf-c421da16811214f8852751712fa36f54 av-styling- avia-align-center  avia-builder-el-6  el_before_av_textblock  avia-builder-el-first '   itemprop=\"image\" itemscope=\"itemscope\" itemtype=\"https:\/\/schema.org\/ImageObject\" ><div class=\"avia-image-container-inner\"><div class=\"avia-image-overlay-wrap\"><img decoding=\"async\" fetchpriority=\"high\" class='wp-image- avia-img-lazy-loading-not- avia_image ' src=\"http:\/\/www.bez.sk\/wp-content\/uploads\/2024\/12\/file.svg\" alt='' title=''   itemprop=\"thumbnailUrl\"  \/><\/div><\/div><\/div><br \/>\n<section  class='av_textblock_section av-m3j9psq9-71a252b8bec59345d78801b147a3870a '   itemscope=\"itemscope\" itemtype=\"https:\/\/schema.org\/CreativeWork\" ><div class='avia_textblock'  itemprop=\"text\" ><p style=\"text-align: center;\">Deklaracja zgodno\u015bci &#8211; Transformator suchy \u017cywiczny tr\u00f3jfazowy Vyhl\u00e1senie o zhode v\u0161eob. PL epox<\/p>\n<\/div><\/section><br \/>\n<div  class='avia-button-wrap av-m3j9q798-d6ed076843be2c703ee0e6d5ac27dbe6-wrap avia-button-center  avia-builder-el-8  el_after_av_textblock  avia-builder-el-last '><a href='https:\/\/www.bez.sk\/wp-content\/uploads\/2025\/08\/Vyhla\u2560usenie_o_zhode_vs\u2560ieob._PL_epox.pdf'  class='avia-button av-m3j9q798-d6ed076843be2c703ee0e6d5ac27dbe6 av-link-btn avia-icon_select-no avia-size-medium avia-position-center avia-color-theme-color'  target=\"_blank\"  rel=\"noopener noreferrer\"  aria-label=\"Pobierz\"><span class='avia_iconbox_title' >Pobierz<\/span><\/a><\/div><\/p><\/div>\n<style type=\"text\/css\" data-created_by=\"avia_inline_auto\" id=\"style-css-av-m3kabpcs-5afb12da92f0a78edf9d5fc699e7fc1e\">\n.flex_column.av-m3kabpcs-5afb12da92f0a78edf9d5fc699e7fc1e{\nborder-radius:15px 15px 15px 15px;\npadding:40px 20px 40px 20px;\nbackground-color:#f9f9f9;\n}\n<\/style>\n<div  class='flex_column av-m3kabpcs-5afb12da92f0a78edf9d5fc699e7fc1e av_one_fourth  avia-builder-el-9  el_after_av_one_fourth  el_before_av_one_fourth  flex_column_div  '     ><p>\n<style type=\"text\/css\" data-created_by=\"avia_inline_auto\" id=\"style-css-av-254qj9-43a5e654736985e9b722c4ff3bf48b28\">\n.avia-image-container.av-254qj9-43a5e654736985e9b722c4ff3bf48b28 img.avia_image{\nbox-shadow:none;\n}\n.avia-image-container.av-254qj9-43a5e654736985e9b722c4ff3bf48b28 .av-image-caption-overlay-center{\ncolor:#ffffff;\n}\n<\/style>\n<div  class='avia-image-container av-254qj9-43a5e654736985e9b722c4ff3bf48b28 av-styling- avia-align-center  avia-builder-el-10  el_before_av_textblock  avia-builder-el-first '   itemprop=\"image\" itemscope=\"itemscope\" itemtype=\"https:\/\/schema.org\/ImageObject\" ><div class=\"avia-image-container-inner\"><div class=\"avia-image-overlay-wrap\"><img decoding=\"async\" fetchpriority=\"high\" class='wp-image- avia-img-lazy-loading-not- avia_image ' src=\"http:\/\/www.bez.sk\/wp-content\/uploads\/2024\/12\/file.svg\" alt='' title=''   itemprop=\"thumbnailUrl\"  \/><\/div><\/div><\/div><br \/>\n<section  class='av_textblock_section av-m3ka4hnv-85354e42f71d0dd73bc5af382e5de1a6 '   itemscope=\"itemscope\" itemtype=\"https:\/\/schema.org\/CreativeWork\" ><div class='avia_textblock'  itemprop=\"text\" ><p style=\"text-align: center;\">Deklaracja zgodno\u015bci &#8211; Transformator hermetyczny tr\u00f3jfazowy Vyhl\u00e1senie o zhode v\u0161eob. PL olej<\/p>\n<\/div><\/section><br \/>\n<div  class='avia-button-wrap av-1yts0d-27fa68efdfaee5876956d6ec82226acc-wrap avia-button-center  avia-builder-el-12  el_after_av_textblock  avia-builder-el-last '><a href='https:\/\/www.bez.sk\/wp-content\/uploads\/2025\/08\/Vyhla\u2560usenie_o_zhode_vs\u2560ieob._PL_olej.pdf'  class='avia-button av-1yts0d-27fa68efdfaee5876956d6ec82226acc av-link-btn avia-icon_select-no avia-size-medium avia-position-center avia-color-theme-color'  target=\"_blank\"  rel=\"noopener noreferrer\"  aria-label=\"Pobierz\"><span class='avia_iconbox_title' >Pobierz<\/span><\/a><\/div><\/p><\/div>\n<style type=\"text\/css\" data-created_by=\"avia_inline_auto\" id=\"style-css-av-av_one_fourth-63c9fab8ae1c3494555283b5001530fa\">\n.flex_column.av-av_one_fourth-63c9fab8ae1c3494555283b5001530fa{\nborder-radius:15px 15px 15px 15px;\npadding:40px 20px 40px 20px;\nbackground-color:#f9f9f9;\n}\n<\/style>\n<div  class='flex_column av-av_one_fourth-63c9fab8ae1c3494555283b5001530fa av_one_fourth  avia-builder-el-13  el_after_av_one_fourth  el_before_av_one_fourth  flex_column_div  '     ><p>\n<style type=\"text\/css\" data-created_by=\"avia_inline_auto\" id=\"style-css-av-av_image-2cb66ebd333c2b494e9ab76ff20d130b\">\n.avia-image-container.av-av_image-2cb66ebd333c2b494e9ab76ff20d130b img.avia_image{\nbox-shadow:none;\n}\n.avia-image-container.av-av_image-2cb66ebd333c2b494e9ab76ff20d130b .av-image-caption-overlay-center{\ncolor:#ffffff;\n}\n<\/style>\n<div  class='avia-image-container av-av_image-2cb66ebd333c2b494e9ab76ff20d130b av-styling- avia-align-center  avia-builder-el-14  el_before_av_textblock  avia-builder-el-first '   itemprop=\"image\" itemscope=\"itemscope\" itemtype=\"https:\/\/schema.org\/ImageObject\" ><div class=\"avia-image-container-inner\"><div class=\"avia-image-overlay-wrap\"><img decoding=\"async\" fetchpriority=\"high\" class='wp-image- avia-img-lazy-loading-not- avia_image ' src=\"http:\/\/www.bez.sk\/wp-content\/uploads\/2024\/12\/file.svg\" alt='' title=''   itemprop=\"thumbnailUrl\"  \/><\/div><\/div><\/div><br \/>\n<section  class='av_textblock_section av-mf13a7t2-a6ec3ffbc5bfe1a0eddb93e39adb864e '   itemscope=\"itemscope\" itemtype=\"https:\/\/schema.org\/CreativeWork\" ><div class='avia_textblock'  itemprop=\"text\" ><p style=\"text-align: center;\">Certificate of conformity<\/p>\n<\/div><\/section><br \/>\n<div  class='avia-button-wrap av-mf13av78-ae73b3407356abccae27d553c46d1106-wrap avia-button-center  avia-builder-el-16  el_after_av_textblock  avia-builder-el-last '><a href='https:\/\/www.bez.sk\/wp-content\/uploads\/2025\/09\/Certificate_of_conformity.pdf'  class='avia-button av-mf13av78-ae73b3407356abccae27d553c46d1106 av-link-btn avia-icon_select-no avia-size-medium avia-position-center avia-color-theme-color'  target=\"_blank\"  rel=\"noopener noreferrer\"  aria-label=\"Pobierz\"><span class='avia_iconbox_title' >Pobierz<\/span><\/a><\/div><\/p><\/div>\n<style type=\"text\/css\" data-created_by=\"avia_inline_auto\" id=\"style-css-av-av_one_fourth-63c9fab8ae1c3494555283b5001530fa\">\n.flex_column.av-av_one_fourth-63c9fab8ae1c3494555283b5001530fa{\nborder-radius:15px 15px 15px 15px;\npadding:40px 20px 40px 20px;\nbackground-color:#f9f9f9;\n}\n<\/style>\n<div  class='flex_column av-av_one_fourth-63c9fab8ae1c3494555283b5001530fa av_one_fourth  avia-builder-el-17  el_after_av_one_fourth  avia-builder-el-last  flex_column_div  '     ><p>\n<style type=\"text\/css\" data-created_by=\"avia_inline_auto\" id=\"style-css-av-av_image-2cb66ebd333c2b494e9ab76ff20d130b\">\n.avia-image-container.av-av_image-2cb66ebd333c2b494e9ab76ff20d130b img.avia_image{\nbox-shadow:none;\n}\n.avia-image-container.av-av_image-2cb66ebd333c2b494e9ab76ff20d130b .av-image-caption-overlay-center{\ncolor:#ffffff;\n}\n<\/style>\n<div  class='avia-image-container av-av_image-2cb66ebd333c2b494e9ab76ff20d130b av-styling- avia-align-center  avia-builder-el-18  el_before_av_textblock  avia-builder-el-first '   itemprop=\"image\" itemscope=\"itemscope\" itemtype=\"https:\/\/schema.org\/ImageObject\" ><div class=\"avia-image-container-inner\"><div class=\"avia-image-overlay-wrap\"><img decoding=\"async\" fetchpriority=\"high\" class='wp-image- avia-img-lazy-loading-not- avia_image ' src=\"http:\/\/www.bez.sk\/wp-content\/uploads\/2024\/12\/file.svg\" alt='' title=''   itemprop=\"thumbnailUrl\"  \/><\/div><\/div><\/div><br \/>\n<section  class='av_textblock_section av-mf13bm0i-127bc2306cc8050c485344b6043470d7 '   itemscope=\"itemscope\" itemtype=\"https:\/\/schema.org\/CreativeWork\" ><div class='avia_textblock'  itemprop=\"text\" ><p style=\"text-align: center;\">Certyfikat zgodno\u015bci<\/p>\n<\/div><\/section><br \/>\n<div  class='avia-button-wrap av-mf13byth-192d3eaa31e8fd810b94a95d4ff3c97a-wrap avia-button-center  avia-builder-el-20  el_after_av_textblock  avia-builder-el-last '><a href='https:\/\/www.bez.sk\/wp-content\/uploads\/2025\/09\/Certyfikat_zgodnosci.pdf'  class='avia-button av-mf13byth-192d3eaa31e8fd810b94a95d4ff3c97a av-link-btn avia-icon_select-no avia-size-medium avia-position-center avia-color-theme-color'  target=\"_blank\"  rel=\"noopener noreferrer\"  aria-label=\"Pobierz\"><span class='avia_iconbox_title' >Pobierz<\/span><\/a><\/div><\/p><\/div><\/div><\/div><\/div><!-- close content main div --><\/div><\/div><div id='av_section_3'  class='avia-section av-20bxut-771fbcfcbe2d0a75f8de7ea238b8bbea main_color avia-section-default avia-no-border-styling  avia-builder-el-21  el_after_av_section  avia-builder-el-last  kontakty-section avia-bg-style-scroll container_wrap sidebar_right'  ><div class='container av-section-cont-open' ><div class='template-page content  av-content-small alpha units'><div class='post-entry post-entry-type-page post-entry-9114'><div class='entry-content-wrapper clearfix'>\n<div  class='flex_column av-1yhfkd-0bf1da6f5771629fc85751f46806f6f5 av_one_full  avia-builder-el-22  el_before_av_one_half  avia-builder-el-first  initro-text-col first flex_column_div  '     ><section  class='av_textblock_section av-1qzckl-2533b5f1da91ab13cedc4e694e292803 '   itemscope=\"itemscope\" itemtype=\"https:\/\/schema.org\/CreativeWork\" ><div class='avia_textblock'  itemprop=\"text\" ><div class=\"title-container\">\n<div class=\"line\"><\/div>\n<p class=\"title\" style=\"text-align: center;\">Kontakt<\/p>\n<div class=\"line\"><\/div>\n<\/div>\n<\/div><\/section><\/div><div class='flex_column_table av-1jnv8d-f1f70ad0d17962fa1167bb847734ddae sc-av_one_half av-equal-height-column-flextable'>\n<style type=\"text\/css\" data-created_by=\"avia_inline_auto\" id=\"style-css-av-1jnv8d-f1f70ad0d17962fa1167bb847734ddae\">\n.flex_column.av-1jnv8d-f1f70ad0d17962fa1167bb847734ddae{\nwidth:45%;\nmargin-left:0;\nborder-width:3px;\nborder-color:#1e469b;\nborder-style:solid;\nborder-radius:15px 15px 15px 15px;\npadding:40px 40px 40px 40px;\n}\n#top .flex_column_table.av-equal-height-column-flextable.av-1jnv8d-f1f70ad0d17962fa1167bb847734ddae .av-flex-placeholder{\nwidth:10%;\n}\n<\/style>\n<div  class='flex_column av-1jnv8d-f1f70ad0d17962fa1167bb847734ddae av_one_half  avia-builder-el-24  el_after_av_one_full  el_before_av_one_half  kontaktujte-nas-col first flex_column_table_cell av-equal-height-column av-align-top  column-top-margin'     ><p>\n<style type=\"text\/css\" data-created_by=\"avia_inline_auto\" id=\"style-css-av-1dhpjp-5cd8fa3640dc0cc0b8386a6876fdea7f\">\n#top .av-special-heading.av-1dhpjp-5cd8fa3640dc0cc0b8386a6876fdea7f{\npadding-bottom:10px;\n}\nbody .av-special-heading.av-1dhpjp-5cd8fa3640dc0cc0b8386a6876fdea7f .av-special-heading-tag .heading-char{\nfont-size:25px;\n}\n.av-special-heading.av-1dhpjp-5cd8fa3640dc0cc0b8386a6876fdea7f .av-subheading{\nfont-size:15px;\n}\n<\/style>\n<div  class='av-special-heading av-1dhpjp-5cd8fa3640dc0cc0b8386a6876fdea7f av-special-heading-h2 blockquote modern-quote  avia-builder-el-25  el_before_av_codeblock  avia-builder-el-first  contact-title'><h2 class='av-special-heading-tag '  itemprop=\"headline\"  >Skontaktuj si\u0119 z nami<\/h2><div class=\"special-heading-border\"><div class=\"special-heading-inner-border\"><\/div><\/div><\/div><br \/>\n<\/p><\/div><div class='av-flex-placeholder'><\/div>\n<style type=\"text\/css\" data-created_by=\"avia_inline_auto\" id=\"style-css-av-140ykl-4c9893a21882407e0b04a936c5774085\">\n.flex_column.av-140ykl-4c9893a21882407e0b04a936c5774085{\nwidth:45%;\nmargin-left:0;\n}\n#top .flex_column_table.av-equal-height-column-flextable.av-140ykl-4c9893a21882407e0b04a936c5774085 .av-flex-placeholder{\nwidth:10%;\n}\n<\/style>\n<div  class='flex_column av-140ykl-4c9893a21882407e0b04a936c5774085 av_one_half  avia-builder-el-27  el_after_av_one_half  avia-builder-el-last  pomozme-pri-vybere-col flex_column_table_cell av-equal-height-column av-align-top  column-top-margin'     ><p>\n<style type=\"text\/css\" data-created_by=\"avia_inline_auto\" id=\"style-css-av-ugjnh-eeadcba798dddbebe42d347e0c9b1a62\">\n#top .hr.hr-invisible.av-ugjnh-eeadcba798dddbebe42d347e0c9b1a62{\nheight:30px;\n}\n<\/style>\n<div  class='hr av-ugjnh-eeadcba798dddbebe42d347e0c9b1a62 hr-invisible  avia-builder-el-28  el_before_av_heading  avia-builder-el-first  av-medium-hide av-small-hide av-mini-hide'><span class='hr-inner '><span class=\"hr-inner-style\"><\/span><\/span><\/div><br \/>\n\n<style type=\"text\/css\" data-created_by=\"avia_inline_auto\" id=\"style-css-av-pzcet-663d810b084660cc734cec0178abb8cd\">\n#top .av-special-heading.av-pzcet-663d810b084660cc734cec0178abb8cd{\npadding-bottom:10px;\n}\nbody .av-special-heading.av-pzcet-663d810b084660cc734cec0178abb8cd .av-special-heading-tag .heading-char{\nfont-size:25px;\n}\n.av-special-heading.av-pzcet-663d810b084660cc734cec0178abb8cd .av-subheading{\nfont-size:15px;\n}\n<\/style>\n<div  class='av-special-heading av-pzcet-663d810b084660cc734cec0178abb8cd av-special-heading-h3 blockquote modern-quote  avia-builder-el-29  el_after_av_hr  el_before_av_image  av-medium-hide av-small-hide av-mini-hide'><h3 class='av-special-heading-tag '  itemprop=\"headline\"  >Pomo\u017cemy Ci<\/h3><div class=\"special-heading-border\"><div class=\"special-heading-inner-border\"><\/div><\/div><\/div><br \/>\n\n<style type=\"text\/css\" data-created_by=\"avia_inline_auto\" id=\"style-css-av-ks24l-6fe79b3914061d1a7b226ddffa66611e\">\n.avia-image-container.av-ks24l-6fe79b3914061d1a7b226ddffa66611e img.avia_image{\nbox-shadow:none;\n}\n.avia-image-container.av-ks24l-6fe79b3914061d1a7b226ddffa66611e .av-image-caption-overlay-center{\ncolor:#ffffff;\n}\n<\/style>\n<div  class='avia-image-container av-ks24l-6fe79b3914061d1a7b226ddffa66611e av-styling- avia-align-left  avia-builder-el-30  el_after_av_heading  el_before_av_hr  arrow-image av-small-hide av-mini-hide'   itemprop=\"image\" itemscope=\"itemscope\" itemtype=\"https:\/\/schema.org\/ImageObject\" ><div class=\"avia-image-container-inner\"><div class=\"avia-image-overlay-wrap\"><img decoding=\"async\" fetchpriority=\"high\" class='wp-image- avia-img-lazy-loading-not- avia_image ' src=\"http:\/\/www.bez.sk\/wp-content\/uploads\/2024\/12\/arrow.svg\" alt='' title=''   itemprop=\"thumbnailUrl\"  \/><\/div><\/div><\/div><br \/>\n\n<style type=\"text\/css\" data-created_by=\"avia_inline_auto\" id=\"style-css-av-dhnd9-b115644b2a01697d639ff31fcf60e284\">\n#top .hr.hr-invisible.av-dhnd9-b115644b2a01697d639ff31fcf60e284{\nheight:50px;\n}\n<\/style>\n<div  class='hr av-dhnd9-b115644b2a01697d639ff31fcf60e284 hr-invisible  avia-builder-el-31  el_after_av_image  el_before_av_image '><span class='hr-inner '><span class=\"hr-inner-style\"><\/span><\/span><\/div><br \/>\n\n<style type=\"text\/css\" data-created_by=\"avia_inline_auto\" id=\"style-css-av-10vi5-e12b32a6655142368ea65a3d463d0808\">\n.avia-image-container.av-10vi5-e12b32a6655142368ea65a3d463d0808 img.avia_image{\nbox-shadow:none;\n}\n.avia-image-container.av-10vi5-e12b32a6655142368ea65a3d463d0808 .av-image-caption-overlay-center{\ncolor:#ffffff;\n}\n<\/style>\n<div  class='avia-image-container av-10vi5-e12b32a6655142368ea65a3d463d0808 av-styling- avia-align-left  avia-builder-el-32  el_after_av_hr  avia-builder-el-last  mapa-image'   itemprop=\"image\" itemscope=\"itemscope\" itemtype=\"https:\/\/schema.org\/ImageObject\" ><div class=\"avia-image-container-inner\"><div class=\"avia-image-overlay-wrap\"><img decoding=\"async\" fetchpriority=\"high\" class='wp-image-6121 avia-img-lazy-loading-not-6121 avia_image ' src=\"https:\/\/www.bez.sk\/wp-content\/uploads\/2025\/02\/transformatory-skladom.jpeg\" alt='' title='transformatory-skladom'  height=\"748\" width=\"1032\"  itemprop=\"thumbnailUrl\" srcset=\"https:\/\/www.bez.sk\/wp-content\/uploads\/2025\/02\/transformatory-skladom.jpeg 1032w, https:\/\/www.bez.sk\/wp-content\/uploads\/2025\/02\/transformatory-skladom-300x217.jpeg 300w, https:\/\/www.bez.sk\/wp-content\/uploads\/2025\/02\/transformatory-skladom-1030x747.jpeg 1030w, https:\/\/www.bez.sk\/wp-content\/uploads\/2025\/02\/transformatory-skladom-768x557.jpeg 768w, https:\/\/www.bez.sk\/wp-content\/uploads\/2025\/02\/transformatory-skladom-705x511.jpeg 705w\" sizes=\"(max-width: 1032px) 100vw, 1032px\" \/><\/div><\/div><\/div><\/p><\/div><\/div><!--close column table wrapper. Autoclose: 1 -->\n<\/div><\/div><\/div><!-- close content main div --><\/div><\/div><div id='after_section_3'  class='main_color av_default_container_wrap container_wrap sidebar_right'  ><div class='container av-section-cont-open' ><div class='template-page content  av-content-small alpha units'><div class='post-entry post-entry-type-page post-entry-9114'><div class='entry-content-wrapper clearfix'><\/p>\n","protected":false},"excerpt":{"rendered":"","protected":false},"author":7,"featured_media":0,"parent":0,"menu_order":0,"comment_status":"closed","ping_status":"closed","template":"","meta":{"footnotes":""},"class_list":["post-9114","page","type-page","status-publish","hentry"],"yoast_head":"<!-- This site is optimized with the Yoast SEO plugin v24.1 - https:\/\/yoast.com\/wordpress\/plugins\/seo\/ -->\n<title>Certyfikaty i deklaracje - BEZ Transform\u00e1tory<\/title>\n<meta name=\"robots\" content=\"index, follow, max-snippet:-1, max-image-preview:large, max-video-preview:-1\" \/>\n<link rel=\"canonical\" href=\"https:\/\/www.bez.sk\/pl\/certyfikaty-i-deklaracje\/\" \/>\n<meta property=\"og:locale\" content=\"pl_PL\" \/>\n<meta property=\"og:type\" content=\"article\" \/>\n<meta property=\"og:title\" content=\"Certyfikaty i deklaracje - BEZ Transform\u00e1tory\" \/>\n<meta property=\"og:url\" content=\"https:\/\/www.bez.sk\/pl\/certyfikaty-i-deklaracje\/\" \/>\n<meta property=\"og:site_name\" content=\"BEZ Transform\u00e1tory\" \/>\n<meta property=\"article:modified_time\" content=\"2025-09-01T12:28:00+00:00\" \/>\n<meta name=\"twitter:card\" content=\"summary_large_image\" \/>\n<meta name=\"twitter:label1\" content=\"Szacowany czas czytania\" \/>\n\t<meta name=\"twitter:data1\" content=\"2 minuty\" \/>\n<script type=\"application\/ld+json\" class=\"yoast-schema-graph\">{\"@context\":\"https:\/\/schema.org\",\"@graph\":[{\"@type\":\"WebPage\",\"@id\":\"https:\/\/www.bez.sk\/pl\/certyfikaty-i-deklaracje\/\",\"url\":\"https:\/\/www.bez.sk\/pl\/certyfikaty-i-deklaracje\/\",\"name\":\"Certyfikaty i deklaracje - BEZ Transform\u00e1tory\",\"isPartOf\":{\"@id\":\"https:\/\/www.bez.sk\/pl\/#website\"},\"datePublished\":\"2025-08-21T09:23:09+00:00\",\"dateModified\":\"2025-09-01T12:28:00+00:00\",\"breadcrumb\":{\"@id\":\"https:\/\/www.bez.sk\/pl\/certyfikaty-i-deklaracje\/#breadcrumb\"},\"inLanguage\":\"pl-PL\",\"potentialAction\":[{\"@type\":\"ReadAction\",\"target\":[\"https:\/\/www.bez.sk\/pl\/certyfikaty-i-deklaracje\/\"]}]},{\"@type\":\"BreadcrumbList\",\"@id\":\"https:\/\/www.bez.sk\/pl\/certyfikaty-i-deklaracje\/#breadcrumb\",\"itemListElement\":[{\"@type\":\"ListItem\",\"position\":1,\"name\":\"Domovsk\u00e1 str\u00e1nka\",\"item\":\"https:\/\/www.bez.sk\/pl\/%d0%b3%d0%be%d0%bb%d0%be%d0%b2%d0%bd%d0%b0-%d1%81%d1%82%d0%be%d1%80%d1%96%d0%bd%d0%ba%d0%b0\/\"},{\"@type\":\"ListItem\",\"position\":2,\"name\":\"Certyfikaty i deklaracje\"}]},{\"@type\":\"WebSite\",\"@id\":\"https:\/\/www.bez.sk\/pl\/#website\",\"url\":\"https:\/\/www.bez.sk\/pl\/\",\"name\":\"BEZ Transform\u00e1tory\",\"description\":\"\",\"potentialAction\":[{\"@type\":\"SearchAction\",\"target\":{\"@type\":\"EntryPoint\",\"urlTemplate\":\"https:\/\/www.bez.sk\/pl\/?s={search_term_string}\"},\"query-input\":{\"@type\":\"PropertyValueSpecification\",\"valueRequired\":true,\"valueName\":\"search_term_string\"}}],\"inLanguage\":\"pl-PL\"}]}<\/script>\n<!-- \/ Yoast SEO plugin. -->","yoast_head_json":{"title":"Certyfikaty i deklaracje - BEZ Transform\u00e1tory","robots":{"index":"index","follow":"follow","max-snippet":"max-snippet:-1","max-image-preview":"max-image-preview:large","max-video-preview":"max-video-preview:-1"},"canonical":"https:\/\/www.bez.sk\/pl\/certyfikaty-i-deklaracje\/","og_locale":"pl_PL","og_type":"article","og_title":"Certyfikaty i deklaracje - BEZ Transform\u00e1tory","og_url":"https:\/\/www.bez.sk\/pl\/certyfikaty-i-deklaracje\/","og_site_name":"BEZ Transform\u00e1tory","article_modified_time":"2025-09-01T12:28:00+00:00","twitter_card":"summary_large_image","twitter_misc":{"Szacowany czas czytania":"2 minuty"},"schema":{"@context":"https:\/\/schema.org","@graph":[{"@type":"WebPage","@id":"https:\/\/www.bez.sk\/pl\/certyfikaty-i-deklaracje\/","url":"https:\/\/www.bez.sk\/pl\/certyfikaty-i-deklaracje\/","name":"Certyfikaty i deklaracje - BEZ Transform\u00e1tory","isPartOf":{"@id":"https:\/\/www.bez.sk\/pl\/#website"},"datePublished":"2025-08-21T09:23:09+00:00","dateModified":"2025-09-01T12:28:00+00:00","breadcrumb":{"@id":"https:\/\/www.bez.sk\/pl\/certyfikaty-i-deklaracje\/#breadcrumb"},"inLanguage":"pl-PL","potentialAction":[{"@type":"ReadAction","target":["https:\/\/www.bez.sk\/pl\/certyfikaty-i-deklaracje\/"]}]},{"@type":"BreadcrumbList","@id":"https:\/\/www.bez.sk\/pl\/certyfikaty-i-deklaracje\/#breadcrumb","itemListElement":[{"@type":"ListItem","position":1,"name":"Domovsk\u00e1 str\u00e1nka","item":"https:\/\/www.bez.sk\/pl\/%d0%b3%d0%be%d0%bb%d0%be%d0%b2%d0%bd%d0%b0-%d1%81%d1%82%d0%be%d1%80%d1%96%d0%bd%d0%ba%d0%b0\/"},{"@type":"ListItem","position":2,"name":"Certyfikaty i deklaracje"}]},{"@type":"WebSite","@id":"https:\/\/www.bez.sk\/pl\/#website","url":"https:\/\/www.bez.sk\/pl\/","name":"BEZ Transform\u00e1tory","description":"","potentialAction":[{"@type":"SearchAction","target":{"@type":"EntryPoint","urlTemplate":"https:\/\/www.bez.sk\/pl\/?s={search_term_string}"},"query-input":{"@type":"PropertyValueSpecification","valueRequired":true,"valueName":"search_term_string"}}],"inLanguage":"pl-PL"}]}},"_links":{"self":[{"href":"https:\/\/www.bez.sk\/pl\/wp-json\/wp\/v2\/pages\/9114","targetHints":{"allow":["GET"]}}],"collection":[{"href":"https:\/\/www.bez.sk\/pl\/wp-json\/wp\/v2\/pages"}],"about":[{"href":"https:\/\/www.bez.sk\/pl\/wp-json\/wp\/v2\/types\/page"}],"author":[{"embeddable":true,"href":"https:\/\/www.bez.sk\/pl\/wp-json\/wp\/v2\/users\/7"}],"replies":[{"embeddable":true,"href":"https:\/\/www.bez.sk\/pl\/wp-json\/wp\/v2\/comments?post=9114"}],"version-history":[{"count":21,"href":"https:\/\/www.bez.sk\/pl\/wp-json\/wp\/v2\/pages\/9114\/revisions"}],"predecessor-version":[{"id":9332,"href":"https:\/\/www.bez.sk\/pl\/wp-json\/wp\/v2\/pages\/9114\/revisions\/9332"}],"wp:attachment":[{"href":"https:\/\/www.bez.sk\/pl\/wp-json\/wp\/v2\/media?parent=9114"}],"curies":[{"name":"wp","href":"https:\/\/api.w.org\/{rel}","templated":true}]}}