{"id":6119,"date":"2024-11-16T18:28:02","date_gmt":"2024-11-16T17:28:02","guid":{"rendered":"https:\/\/www.bez.sk\/transformatory-w-magazynie\/"},"modified":"2025-09-16T12:16:55","modified_gmt":"2025-09-16T10:16:55","slug":"transformatory-w-magazynie","status":"publish","type":"page","link":"https:\/\/www.bez.sk\/pl\/transformatory-w-magazynie\/","title":{"rendered":"Transformatory w magazynie"},"content":{"rendered":"<div id='av_section_1'  class='avia-section av-1hkjs-0ed5fcecefd92ac99e3a568e0e4b5e59 main_color avia-section-large avia-no-border-styling  avia-builder-el-0  el_before_av_section  avia-builder-el-first  subpage-banner avia-bg-style-scroll container_wrap sidebar_right'  ><div class='container av-section-cont-open' ><main  role=\"main\" itemprop=\"mainContentOfPage\"  class='template-page content  av-content-small alpha units'><div class='post-entry post-entry-type-page post-entry-6119'><div class='entry-content-wrapper clearfix'>\n<div  class='flex_column av-96shk-f60adca8f8d5e0494cd1afea1f669c3a av_one_full  avia-builder-el-1  avia-builder-el-no-sibling  first flex_column_div  '     ><p>\n<style type=\"text\/css\" data-created_by=\"avia_inline_auto\" id=\"style-css-av-m3j9fm82-d6f2875cd026ad4dcc55d5df01c763d8\">\n#top .av-special-heading.av-m3j9fm82-d6f2875cd026ad4dcc55d5df01c763d8{\npadding-bottom:10px;\n}\nbody .av-special-heading.av-m3j9fm82-d6f2875cd026ad4dcc55d5df01c763d8 .av-special-heading-tag .heading-char{\nfont-size:25px;\n}\n.av-special-heading.av-m3j9fm82-d6f2875cd026ad4dcc55d5df01c763d8 .av-subheading{\nfont-size:15px;\n}\n<\/style>\n<div  class='av-special-heading av-m3j9fm82-d6f2875cd026ad4dcc55d5df01c763d8 av-special-heading-h1 blockquote modern-quote  avia-builder-el-2  el_before_av_textblock  avia-builder-el-first '><h1 class='av-special-heading-tag '  itemprop=\"headline\"  >Transformatory w magazynie<\/h1><div class=\"special-heading-border\"><div class=\"special-heading-inner-border\"><\/div><\/div><\/div><br \/>\n<section  class='av_textblock_section av-m7j3f76k-0924cc548d6705e8f4e99c61c9b02294 '   itemscope=\"itemscope\" itemtype=\"https:\/\/schema.org\/CreativeWork\" ><div class='avia_textblock'  itemprop=\"text\" ><p>W poni\u017cszej tabeli znajduje si\u0119 aktualna lista transformator\u00f3w, kt\u00f3re posiadamy w magazynie.<\/p>\n<\/div><\/section><\/p><\/div>\n\n<\/div><\/div><\/main><!-- close content main element --><\/div><\/div><div id='av_section_2'  class='avia-section av-m3jyeeof-fb663a1e598d28394c63b58cea0330aa main_color avia-section-small avia-no-border-styling  avia-builder-el-4  el_after_av_section  el_before_av_section  stiahnite-si-katalogy-section avia-bg-style-scroll container_wrap sidebar_right'  ><div class='container av-section-cont-open' ><div class='template-page content  av-content-small alpha units'><div class='post-entry post-entry-type-page post-entry-6119'><div class='entry-content-wrapper clearfix'>\n<div  class='flex_column av-34qisg-c0b680cfb3c3065e8562c0129c5c4ff6 av_one_full  avia-builder-el-5  avia-builder-el-no-sibling  initro-text-col first flex_column_div  '     ><section  class='av_textblock_section av-2vsjqo-822cdd595eb27d2e1a7ba29f969ec45b '   itemscope=\"itemscope\" itemtype=\"https:\/\/schema.org\/CreativeWork\" ><div class='avia_textblock'  itemprop=\"text\" ><h2 style=\"text-align: center;\">W magazynie<\/h2>\n<p style=\"text-align: center;\"><table id=\"data-table-1\" class=\"dataTable csv-product-list atts-sklad-pl\"><thead><tr><th>\ufeffKraj<\/th><th>Moc<\/th><th>Typ<\/th><th>Oznaczenie typu<\/th><th>Przek\u0142adnia\/Grupa po\u0142\u0105cze\u0144<\/th><th>Ekranowany<\/th><th>Ilo\u015b\u0107<\/th><\/tr><\/thead>\n            <tbody><tr><td>SK-CZ<\/td><td>50<\/td><td>Olej<\/td><td>kTOHn 2610 \/ 22<\/td><td>22 \/ 0,4 \/ Dyn1<\/td><td>Nie<\/td><td>1<\/td><\/tr><tr><td>SK-CZ<\/td><td>250<\/td><td>Olej<\/td><td>aTOHn 3310 \/ 22<\/td><td>22 \/ 0,4 \/ Dyn1<\/td><td>Nie<\/td><td>7<\/td><\/tr><tr><td>SK-CZ<\/td><td>400<\/td><td>Olej<\/td><td>aTOHn 3510 \/ 22<\/td><td>22 \/ 0,4 \/ Dyn1<\/td><td>Nie<\/td><td>11<\/td><\/tr><tr><td>SK-CZ<\/td><td>630<\/td><td>Olej<\/td><td>aTOHn 3710 \/ 22<\/td><td>22 \/ 0,4 \/ Dyn1<\/td><td>Nie<\/td><td>1<\/td><\/tr><tr><td>SK-CZ<\/td><td>630<\/td><td>Epoksyd<\/td><td>aTSE 778 \/ 22<\/td><td>22 \/ 0,4 \/ Dyn1<\/td><td>Nie<\/td><td>1<\/td><\/tr><tr><td>SK-CZ<\/td><td>1000<\/td><td>Olej<\/td><td>aTOHn 3910 \/ 22<\/td><td>22 \/ 0,4 \/ Dyn1<\/td><td>Nie<\/td><td>8<\/td><\/tr><tr><td>SK-CZ<\/td><td>1600<\/td><td>Olej<\/td><td>aTOHn 4110 \/ 22<\/td><td>22 \/ 0,4 \/ Dyn1<\/td><td>Nie<\/td><td>2<\/td><\/tr><tr><td>SK-CZ<\/td><td>1600<\/td><td>Epoksyd<\/td><td>aTSE 818 \/ 22<\/td><td>22 \/ 0,4 \/ Dyn1<\/td><td>Nie<\/td><td>4<\/td><\/tr><tr><td>SK-CZ<\/td><td>1600<\/td><td>Epoksyd<\/td><td>aTUSE 818 \/ 22<\/td><td>22 \/ 0,4 \/ Dyn1<\/td><td>Tak<\/td><td>2<\/td><\/tr><tr><td>PL<\/td><td>160<\/td><td>Olej<\/td><td>aTOHn 3110 \/ 22<\/td><td>15,75 \/ 0,42 \/ Dyn5<\/td><td>Nie<\/td><td>4<\/td><\/tr><tr><td>PL<\/td><td>250<\/td><td>Olej<\/td><td>aTOHn 3310 \/ 22<\/td><td>21 \/ 0,42 \/ Dyn5<\/td><td>Nie<\/td><td>2<\/td><\/tr><tr><td>PL<\/td><td>250<\/td><td>Olej<\/td><td>aTOHn 3310 \/ 22<\/td><td>15,75 \/ 0,42 \/ Dyn5<\/td><td>Nie<\/td><td>4<\/td><\/tr><tr><td>PL<\/td><td>400<\/td><td>Olej<\/td><td>aTOHn 3510 \/ 22<\/td><td>15,75 \/ 0,42 \/ Dyn5<\/td><td>Nie<\/td><td>1<\/td><\/tr><tr><td>PL<\/td><td>400<\/td><td>Olej<\/td><td>aTOHn 3510 \/ 22<\/td><td>21 \/ 0,42 \/ Dyn5<\/td><td>Nie<\/td><td>1<\/td><\/tr><tr><td>PL<\/td><td>630<\/td><td>Olej<\/td><td>aTUOHn 3710 \/ 22<\/td><td>15,75 \/ 0,8 \/ Dyn5<\/td><td>Tak<\/td><td>3<\/td><\/tr><tr><td>PL<\/td><td>630<\/td><td>Olej<\/td><td>aTOHn 3710 \/ 22<\/td><td>21 \/ 0,42 \/ Dyn5<\/td><td>Nie<\/td><td>2<\/td><\/tr><tr><td>PL<\/td><td>1000<\/td><td>Olej<\/td><td>aTUOHn 3910 \/ 22<\/td><td>21 \/ 0,8 \/ Dyn5<\/td><td>Tak<\/td><td>11<\/td><\/tr><tr><td>PL<\/td><td>1000<\/td><td>Olej<\/td><td>aTUOHn 3910 \/ 22<\/td><td>15,75 \/ 0,8 \/ Dyn5<\/td><td>Tak<\/td><td>1<\/td><\/tr><tr><td>PL<\/td><td>1000<\/td><td>Epoksyd<\/td><td>aTUSE 798 \/ 22<\/td><td>15,75 \/ 0,42 \/ Dyn5<\/td><td>Tak<\/td><td>1<\/td><\/tr><tr><td>HU<\/td><td>100<\/td><td>Olej<\/td><td>aTOHn 2910 \/ 22<\/td><td>22 \/ 0,42 \/ Dyn5<\/td><td>Nie<\/td><td>1<\/td><\/tr><tr><td>HU<\/td><td>160<\/td><td>Olej<\/td><td>aTOHn 3110 \/ 22<\/td><td>22 \/ 0,42 \/ Dyn5<\/td><td>Nie<\/td><td>2<\/td><\/tr><tr><td>HU<\/td><td>250<\/td><td>Olej<\/td><td>aTOHn 3310 \/ 22<\/td><td>22 \/ 0,42 \/ Dyn5<\/td><td>Nie<\/td><td>3<\/td><\/tr><tr><td>HU<\/td><td>630<\/td><td>Olej<\/td><td>aTOHn 3710 \/ 22<\/td><td>22 \/ 0,42 \/ Dyn5<\/td><td>Nie<\/td><td>3<\/td><\/tr><tr><td>HU<\/td><td>630<\/td><td>Olej<\/td><td>aTOHn 3710 \/ 10<\/td><td>11 \/ 0,42 \/ Dyn5<\/td><td>Nie<\/td><td>2<\/td><\/tr><tr><td>HU<\/td><td>1000<\/td><td>Olej<\/td><td>aTOHn 3910 \/ 22<\/td><td>22 \/ 0,42 \/ Dyn5<\/td><td>Nie<\/td><td>6<\/td><\/tr><tr><td>HU<\/td><td>1250<\/td><td>Olej<\/td><td>aTOHn 4010 \/ 22<\/td><td>22 \/ 0,42 \/ Dyn1<\/td><td>Nie<\/td><td>1<\/td><\/tr><tr><td>HU<\/td><td>1600<\/td><td>Olej<\/td><td>aTOHn 4110 \/ 22<\/td><td>22 \/ 0,42 \/ Dyn5<\/td><td>Nie<\/td><td>2<\/td><\/tr><tr><td>HU<\/td><td>2000<\/td><td>Olej<\/td><td>aTOHn 4210 \/ 22<\/td><td>22 \/ 0,42 \/ Dyn5<\/td><td>Nie<\/td><td>2<\/td><\/tr><tr><td>DE<\/td><td>400<\/td><td>Olej<\/td><td>aTOHn 3510 \/ 22<\/td><td>20 \/ 0,4 \/ Dyn5<\/td><td>Nie<\/td><td>5<\/td><\/tr><tr><td>DE<\/td><td>400<\/td><td>Olej<\/td><td>aTOHn 3510 \/ 10<\/td><td>10 \/ 0,4 \/ Dyn5<\/td><td>Nie<\/td><td>2<\/td><\/tr><tr><td>DE<\/td><td>630<\/td><td>Olej<\/td><td>aTOHn 3710 \/ 10<\/td><td>10 \/ 0,4 \/ Dyn5<\/td><td>Nie<\/td><td>41<\/td><\/tr><tr><td>DE<\/td><td>630<\/td><td>Olej<\/td><td>aTOHn 3710 \/ 22<\/td><td>20 \/ 0,4 \/ Dyn5<\/td><td>Nie<\/td><td>3<\/td><\/tr><tr><td>DE<\/td><td>800<\/td><td>Olej<\/td><td>aTOHn 3810 \/ 22<\/td><td>20 \/ 0,4 \/ Dyn5<\/td><td>Nie<\/td><td>11<\/td><\/tr><tr><td>DE<\/td><td>1000<\/td><td>Olej<\/td><td>aTOHn 3910 \/ 22<\/td><td>20 \/ 0,4 \/ Dyn5<\/td><td>Nie<\/td><td>11<\/td><\/tr><tr><td>DE<\/td><td>1000<\/td><td>Olej<\/td><td>aTOHn   3910 \/ 10<\/td><td>10 \/ 0,4 \/ Dyn5<\/td><td>Nie<\/td><td>7<\/td><\/tr><tr><td>DE<\/td><td>1250<\/td><td>Olej<\/td><td>aTOHn 4010 \/ 10<\/td><td>10 \/ 0,4 \/ Dyn5<\/td><td>Nie<\/td><td>8<\/td><\/tr><tr><td>DE<\/td><td>1250<\/td><td>Olej<\/td><td>aTOHn 4010 \/ 22<\/td><td>20 \/ 0,4 \/ Dyn5<\/td><td>Nie<\/td><td>12<\/td><\/tr><tr><td>DE<\/td><td>1600<\/td><td>Olej<\/td><td>aTOHn 4110 \/ 10<\/td><td>10 \/ 0,4 \/ Dyn5<\/td><td>Nie<\/td><td>7<\/td><\/tr><tr><td>DE<\/td><td>1600<\/td><td>Olej<\/td><td>aTOHn 4110 \/ 22<\/td><td>20 \/ 0,4 \/ Dyn5<\/td><td>Nie<\/td><td>12<\/td><\/tr><tr><td>DE<\/td><td>2000<\/td><td>Olej<\/td><td>aTOHn 4210 \/ 22<\/td><td>20 \/ 0,4 \/ Dyn5<\/td><td>Nie<\/td><td>3<\/td><\/tr><tr><td>DE<\/td><td>2000<\/td><td>Olej<\/td><td>aTOHn 4210 \/ 10<\/td><td>10 \/ 0,4 \/ Dyn5<\/td><td>Nie<\/td><td>3<\/td><\/tr><tr><td>DE<\/td><td>2500<\/td><td>Olej<\/td><td>aTOHn 4310 \/ 10<\/td><td>10 \/ 0,4 \/ Dyn5<\/td><td>Nie<\/td><td>5<\/td><\/tr><tr><td>DE<\/td><td>2500<\/td><td>Olej<\/td><td>aTOHn 4310 \/ 22<\/td><td>20 \/ 0,4 \/ Dyn5<\/td><td>Nie<\/td><td>3<\/td><\/tr><tr><td>Inne kraje<\/td><td>400<\/td><td>Olej<\/td><td>aTOHn 3510 \/ 22<\/td><td>21 \/ 0,42 \/ Dyn11<\/td><td>Nie<\/td><td>1<\/td><\/tr><tr><td>Inne kraje<\/td><td>630<\/td><td>Olej<\/td><td>aTOHn 3710 \/ 22<\/td><td>20 \/ 0,4 \/ Dyn11<\/td><td>Nie<\/td><td>2<\/td><\/tr><tr><td>Inne kraje<\/td><td>630<\/td><td>Olej<\/td><td>aTOHn 3710 \/ 10<\/td><td>10,5 \/ 0,42 \/ Dyn11<\/td><td>Nie<\/td><td>2<\/td><\/tr><tr><td>Inne kraje<\/td><td>630<\/td><td>Olej<\/td><td>aTOHn 3710 \/ 22<\/td><td>21 \/ 0,42 \/ Dyn11<\/td><td>Nie<\/td><td>1<\/td><\/tr><tr><td>Inne kraje<\/td><td>630<\/td><td>Olej<\/td><td>aTOHn 3710 \/ 10<\/td><td>10 \/ 0,4 \/ Dyn11<\/td><td>Nie<\/td><td>1<\/td><\/tr><tr><td>Inne kraje<\/td><td>1000<\/td><td>Olej<\/td><td>aTOHn 3910 \/ 10<\/td><td>10,5 \/ 0,42 \/ Dyn11<\/td><td>Nie<\/td><td>1<\/td><\/tr><tr><td>Inne kraje<\/td><td>1000<\/td><td>Olej<\/td><td>aTOHn 3910 \/ 22<\/td><td>21 \/ 0,42 \/ Dyn11<\/td><td>Nie<\/td><td>1<\/td><\/tr><tr><td>Inne kraje<\/td><td>1000<\/td><td>Olej<\/td><td>aTOHn   3910 \/ 10<\/td><td>10 \/ 0,4 \/ Dyn11<\/td><td>Nie<\/td><td>2<\/td><\/tr><tr><td>Inne kraje<\/td><td>1250<\/td><td>Olej<\/td><td>aTOHn 4010 \/ 22<\/td><td>20 \/ 0,4 \/ Dyn11<\/td><td>Nie<\/td><td>1<\/td><\/tr><tr><td>Inne kraje<\/td><td>1600<\/td><td>Olej<\/td><td>aTOHn 4110 \/ 22<\/td><td>20 \/ 0,4 \/ Dyn11<\/td><td>Nie<\/td><td>1<\/td><\/tr><tr><td>Inne kraje<\/td><td>2000<\/td><td>Olej<\/td><td>aTUOHn 4210 \/ 22<\/td><td>20 \/ 0,8 \/ Dyn11<\/td><td>Tak<\/td><td>1<\/td><\/tr><tr><td>Inne kraje<\/td><td>2000<\/td><td>Epoksyd<\/td><td>aTSE 828 \/ 10<\/td><td>10 \/ 0,4 \/ Dyn11<\/td><td>Nie<\/td><td>2<\/td><\/tr><tr><td>Inne kraje<\/td><td>2500<\/td><td>Epoksyd<\/td><td>aTSE 838 \/ 10<\/td><td>10 \/ 0,4 \/ Dyn11<\/td><td>Nie<\/td><td>2<\/td><\/tr><\/tbody>\n        <\/table><\/p>\n<\/div><\/section><br \/>\n<section  class='av_textblock_section av-mfmawisj-7b985d748679ca1a441a3f249a591548 '   itemscope=\"itemscope\" itemtype=\"https:\/\/schema.org\/CreativeWork\" ><div class='avia_textblock'  itemprop=\"text\" ><h2 style=\"text-align: center;\">W produkcji<\/h2>\n<p style=\"text-align: center;\"><table id=\"data-table-2\" class=\"dataTable csv-product-list atts-plan-pl\"><thead><tr><th>\ufeffKraj<\/th><th>Moc<\/th><th>Typ<\/th><th>Oznaczenie typu<\/th><th>Przek\u0142adnia\/Grupa po\u0142\u0105cze\u0144<\/th><th>Ekranowany<\/th><th>Ilo\u015b\u0107<\/th><th>Termin uko\u0144czenia produkcji<\/th><\/tr><\/thead>\n            <tbody><tr><td>SK-CZ<\/td><td>160<\/td><td>Olej<\/td><td>aTOHn 3110 \/ 22<\/td><td>22 \/ 0,4 \/ Dyn1<\/td><td>Nie<\/td><td>1<\/td><td>05.06.2026<\/td><\/tr><tr><td>SK-CZ<\/td><td>250<\/td><td>Olej<\/td><td>aTOHn 3310 \/ 22<\/td><td>22 \/ 0,4 \/ Dyn1<\/td><td>Nie<\/td><td>2<\/td><td>05.06.2026<\/td><\/tr><tr><td>SK-CZ<\/td><td>630<\/td><td>Olej<\/td><td>aTOHn 3710 \/ 22<\/td><td>22 \/ 0,4 \/ Dyn1<\/td><td>Nie<\/td><td>4<\/td><td>22.05.2026<\/td><\/tr><tr><td>SK-CZ<\/td><td>1250<\/td><td>Olej<\/td><td>aTOHn 4010 \/ 22<\/td><td>22 \/ 0,4 \/ Dyn1<\/td><td>Nie<\/td><td>1<\/td><td>05.06.2026<\/td><\/tr><tr><td>SK-CZ<\/td><td>1600<\/td><td>Olej<\/td><td>aTOHn 4110 \/ 22<\/td><td>22 \/ 0,4 \/ Dyn1<\/td><td>Nie<\/td><td>2<\/td><td>22.05.2026<\/td><\/tr><tr><td>SK-CZ<\/td><td>1600<\/td><td>Epoksyd<\/td><td>aTSE 818 \/ 22<\/td><td>22 \/ 0,4 \/ Dyn1<\/td><td>Nie<\/td><td>2<\/td><td>08.05.2026<\/td><\/tr><tr><td>SK-CZ<\/td><td>1600<\/td><td>Olej<\/td><td>aTOHn 4110 \/ 22<\/td><td>22 \/ 0,4 \/ Dyn1<\/td><td>Nie<\/td><td>1<\/td><td>07.05.2026<\/td><\/tr><tr><td>SK-CZ<\/td><td>2000<\/td><td>Olej<\/td><td>aTOHn 4210 \/ 22<\/td><td>22 \/ 0,4 \/ Dyn1<\/td><td>Nie<\/td><td>1<\/td><td>05.06.2026<\/td><\/tr><tr><td>SK-CZ<\/td><td>2000<\/td><td>Olej<\/td><td>aTOHn 4210 \/ 22<\/td><td>22 \/ 0,4 \/ Dyn1<\/td><td>Nie<\/td><td>1<\/td><td>19.05.2026<\/td><\/tr><tr><td>SK-CZ<\/td><td>2000<\/td><td>Olej<\/td><td>aTOHn 4210 \/ 22<\/td><td>22 \/ 0,4 \/ Dyn1<\/td><td>Nie<\/td><td>1<\/td><td>12.05.2026<\/td><\/tr><tr><td>HU<\/td><td>400<\/td><td>Olej<\/td><td>aTOHn 3510 \/ 22<\/td><td>22 \/ 0,42 \/ Dyn5<\/td><td>Nie<\/td><td>1<\/td><td>05.06.2026<\/td><\/tr><tr><td>HU<\/td><td>630<\/td><td>Olej<\/td><td>aTOHn 3710 \/ 22<\/td><td>22 \/ 0,42 \/ Dyn5<\/td><td>Nie<\/td><td>2<\/td><td>29.05.2026<\/td><\/tr><tr><td>HU<\/td><td>1000<\/td><td>Olej<\/td><td>aTOHn 3910 \/ 10<\/td><td>11,0 \/ 0,42 \/ Dyn5<\/td><td>Nie<\/td><td>1<\/td><td>05.06.2026<\/td><\/tr><tr><td>HU<\/td><td>1000<\/td><td>Olej<\/td><td>aTOHn 3910 \/ 22<\/td><td>22 \/ 0,42 \/ Dyn5<\/td><td>Nie<\/td><td>2<\/td><td>15.05.2026<\/td><\/tr><tr><td>HU<\/td><td>2000<\/td><td>Olej<\/td><td>aTOHn 4210 \/ 22<\/td><td>22 \/ 0,42 \/ Dyn5<\/td><td>Nie<\/td><td>1<\/td><td>12.05.2026<\/td><\/tr><tr><td>HU<\/td><td>2500<\/td><td>Olej<\/td><td>aTOHn 4310 \/ 22<\/td><td>22 \/ 0,42 \/ Dyn5<\/td><td>Nie<\/td><td>2<\/td><td>19.05.2026<\/td><\/tr><tr><td>DE<\/td><td>630<\/td><td>Olej<\/td><td>aTOHn 3710 \/ 22<\/td><td>20 \/ 0,4 \/ Dyn5<\/td><td>Nie<\/td><td>6<\/td><td>05.06.2026<\/td><\/tr><tr><td>DE<\/td><td>630<\/td><td>Olej<\/td><td>aTOHn 3710 \/ 22<\/td><td>20 \/ 0,4 \/ Dyn5<\/td><td>Nie<\/td><td>1<\/td><td>08.05.2026<\/td><\/tr><tr><td>DE<\/td><td>630<\/td><td>Olej<\/td><td>aTOHn 3710 \/ 10<\/td><td>10 \/ 0,4 \/ Dyn5<\/td><td>Nie<\/td><td>11<\/td><td>20.05.2026<\/td><\/tr><tr><td>DE<\/td><td>630<\/td><td>Olej<\/td><td>aTOHn 3710 \/ 22<\/td><td>20 \/ 0,4 \/ Dyn5<\/td><td>Nie<\/td><td>10<\/td><td>29.05.2026<\/td><\/tr><tr><td>DE<\/td><td>800<\/td><td>Olej<\/td><td>aTOHn 3810 \/ 22<\/td><td>20 \/ 0,4 \/ Dyn5<\/td><td>Nie<\/td><td>3<\/td><td>22.05.2026<\/td><\/tr><tr><td>DE<\/td><td>800<\/td><td>Olej<\/td><td>aTOHn 3810 \/ 10<\/td><td>10 \/ 0,4 \/ Dyn5<\/td><td>Nie<\/td><td>4<\/td><td>22.05.2026<\/td><\/tr><tr><td>DE<\/td><td>1000<\/td><td>Olej<\/td><td>aTOHn   3910 \/ 10<\/td><td>10 \/ 0,4 \/ Dyn5<\/td><td>Nie<\/td><td>6<\/td><td>14.05.2026<\/td><\/tr><tr><td>DE<\/td><td>1000<\/td><td>Olej<\/td><td>aTOHn 3910 \/ 22<\/td><td>20 \/ 0,4 \/ Dyn5<\/td><td>Nie<\/td><td>4<\/td><td>22.05.2026<\/td><\/tr><tr><td>DE<\/td><td>1000<\/td><td>Olej<\/td><td>aTOHn 3910 \/ 22<\/td><td>20 \/ 0,4 \/ Dyn5<\/td><td>Nie<\/td><td>4<\/td><td>29.05.2026<\/td><\/tr><tr><td>DE<\/td><td>1250<\/td><td>Olej<\/td><td>aTOHn 4010 \/ 22<\/td><td>20 \/ 0,4 \/ Dyn5<\/td><td>Nie<\/td><td>4<\/td><td>22.05.2026<\/td><\/tr><tr><td>DE<\/td><td>1250<\/td><td>Olej<\/td><td>aTOHn 4010 \/ 10<\/td><td>10 \/ 0,4 \/ Dyn5<\/td><td>Nie<\/td><td>1<\/td><td>08.05.2026<\/td><\/tr><tr><td>DE<\/td><td>1600<\/td><td>Olej<\/td><td>aTOHn 4110 \/ 10<\/td><td>10 \/ 0,4 \/ Dyn5<\/td><td>Nie<\/td><td>5<\/td><td>05.06.2026<\/td><\/tr><tr><td>DE<\/td><td>1600<\/td><td>Olej<\/td><td>aTOHn 4110 \/ 22<\/td><td>20 \/ 0,4 \/ Dyn5<\/td><td>Nie<\/td><td>4<\/td><td>05.06.2026<\/td><\/tr><tr><td>DE<\/td><td>1600<\/td><td>Olej<\/td><td>aTOHn 4110 \/ 22<\/td><td>20 \/ 0,4 \/ Dyn5<\/td><td>Nie<\/td><td>3<\/td><td>08.05.2026<\/td><\/tr><tr><td>DE<\/td><td>2000<\/td><td>Olej<\/td><td>aTOHn 4210 \/ 22<\/td><td>20 \/ 0,4 \/ Dyn5<\/td><td>Nie<\/td><td>7<\/td><td>06.05.2026<\/td><\/tr><tr><td>DE<\/td><td>2500<\/td><td>Olej<\/td><td>aTOHn 4310 \/ 10<\/td><td>10 \/ 0,4 \/ Dyn5<\/td><td>Nie<\/td><td>3<\/td><td>05.06.2026<\/td><\/tr><tr><td>DE<\/td><td>2500<\/td><td>Olej<\/td><td>aTOHn 4310 \/ 10<\/td><td>10 \/ 0,4 \/ Dyn5<\/td><td>Nie<\/td><td>1<\/td><td>05.05.2026<\/td><\/tr><\/tbody>\n        <\/table><\/p>\n<\/div><\/section><\/p><\/div><\/div><\/div><\/div><!-- close content main div --><\/div><\/div><div id='av_section_3'  class='avia-section av-m7n2xbql-db70f85dce5f6aad49c0d2bac07e346e main_color avia-section-no-padding avia-no-border-styling  avia-builder-el-8  el_after_av_section  avia-builder-el-last  avia-bg-style-scroll container_wrap sidebar_right'  ><div class='container av-section-cont-open' ><div class='template-page content  av-content-small alpha units'><div class='post-entry post-entry-type-page post-entry-6119'><div class='entry-content-wrapper clearfix'>\n\n<style type=\"text\/css\" data-created_by=\"avia_inline_auto\" id=\"style-css-av-m7n2uy2l-2833be2faf22bc35362f1798b3cb6270\">\n.flex_column.av-m7n2uy2l-2833be2faf22bc35362f1798b3cb6270{\npadding:15px 0 0 15px;\n}\n<\/style>\n<div  class='flex_column av-m7n2uy2l-2833be2faf22bc35362f1798b3cb6270 av_one_half  avia-builder-el-9  el_before_av_one_half  avia-builder-el-first  first flex_column_div  '     ><section  class='av_textblock_section av-m7khrbks-114d5e2e4407fb97dc22afbf3a27bfe8 '   itemscope=\"itemscope\" itemtype=\"https:\/\/schema.org\/CreativeWork\" ><div class='avia_textblock'  itemprop=\"text\" ><h3>Z przyjemno\u015bci\u0105 przygotujemy ofert\u0119 magazynow\u0105 zgodnie z Twoimi wymaganiami.<\/h3>\n<\/div><\/section><\/div>\n<style type=\"text\/css\" data-created_by=\"avia_inline_auto\" id=\"style-css-av-m7n2v6rg-3057d183f6176f36b9d20cebbf58965c\">\n.flex_column.av-m7n2v6rg-3057d183f6176f36b9d20cebbf58965c{\npadding:15px 0 15px 0;\n}\n<\/style>\n<div  class='flex_column av-m7n2v6rg-3057d183f6176f36b9d20cebbf58965c av_one_half  avia-builder-el-11  el_after_av_one_half  avia-builder-el-last  flex_column_div  '     ><section  class='av_textblock_section av-bb1x1-daa8d67fc9a521fa51732881d0c7cec4 '   itemscope=\"itemscope\" itemtype=\"https:\/\/schema.org\/CreativeWork\" ><div class='avia_textblock'  itemprop=\"text\" ><h3 style=\"text-align: right;\">Kontakt: <span style=\"color: #1e469b;\"><a style=\"color: #1e469b;\" href=\"mailto:stock@bez.sk\">stock@bez.sk<\/a><\/span><\/h3>\n<p style=\"text-align: right;\">Aktualizacja: Zaktualizowano dzi\u015b rano o 8:00.<\/p>\n<\/div><\/section><\/div>\n<\/div><\/div><\/div><!-- close content main div --><\/div><\/div><div id='after_section_3'  class='main_color av_default_container_wrap container_wrap sidebar_right'  ><div class='container av-section-cont-open' ><div class='template-page content  av-content-small alpha units'><div class='post-entry post-entry-type-page post-entry-6119'><div class='entry-content-wrapper clearfix'><\/p>\n","protected":false},"excerpt":{"rendered":"","protected":false},"author":3,"featured_media":0,"parent":0,"menu_order":0,"comment_status":"closed","ping_status":"closed","template":"","meta":{"footnotes":""},"class_list":["post-6119","page","type-page","status-publish","hentry"],"yoast_head":"<!-- This site is optimized with the Yoast SEO plugin v24.1 - https:\/\/yoast.com\/wordpress\/plugins\/seo\/ -->\n<title>Transformatory w magazynie - BEZ Transform\u00e1tory<\/title>\n<meta name=\"robots\" content=\"index, follow, max-snippet:-1, max-image-preview:large, max-video-preview:-1\" \/>\n<link rel=\"canonical\" href=\"https:\/\/www.bez.sk\/pl\/transformatory-w-magazynie\/\" \/>\n<meta property=\"og:locale\" content=\"pl_PL\" \/>\n<meta property=\"og:type\" content=\"article\" \/>\n<meta property=\"og:title\" content=\"Transformatory w magazynie - BEZ Transform\u00e1tory\" \/>\n<meta property=\"og:url\" content=\"https:\/\/www.bez.sk\/pl\/transformatory-w-magazynie\/\" \/>\n<meta property=\"og:site_name\" content=\"BEZ Transform\u00e1tory\" \/>\n<meta property=\"article:modified_time\" content=\"2025-09-16T10:16:55+00:00\" \/>\n<meta name=\"twitter:card\" content=\"summary_large_image\" \/>\n<meta name=\"twitter:label1\" content=\"Szacowany czas czytania\" \/>\n\t<meta name=\"twitter:data1\" content=\"4 minuty\" \/>\n<script type=\"application\/ld+json\" class=\"yoast-schema-graph\">{\"@context\":\"https:\/\/schema.org\",\"@graph\":[{\"@type\":\"WebPage\",\"@id\":\"https:\/\/www.bez.sk\/pl\/transformatory-w-magazynie\/\",\"url\":\"https:\/\/www.bez.sk\/pl\/transformatory-w-magazynie\/\",\"name\":\"Transformatory w magazynie - BEZ Transform\u00e1tory\",\"isPartOf\":{\"@id\":\"https:\/\/www.bez.sk\/pl\/#website\"},\"datePublished\":\"2024-11-16T17:28:02+00:00\",\"dateModified\":\"2025-09-16T10:16:55+00:00\",\"breadcrumb\":{\"@id\":\"https:\/\/www.bez.sk\/pl\/transformatory-w-magazynie\/#breadcrumb\"},\"inLanguage\":\"pl-PL\",\"potentialAction\":[{\"@type\":\"ReadAction\",\"target\":[\"https:\/\/www.bez.sk\/pl\/transformatory-w-magazynie\/\"]}]},{\"@type\":\"BreadcrumbList\",\"@id\":\"https:\/\/www.bez.sk\/pl\/transformatory-w-magazynie\/#breadcrumb\",\"itemListElement\":[{\"@type\":\"ListItem\",\"position\":1,\"name\":\"Domovsk\u00e1 str\u00e1nka\",\"item\":\"https:\/\/www.bez.sk\/pl\/%d0%b3%d0%be%d0%bb%d0%be%d0%b2%d0%bd%d0%b0-%d1%81%d1%82%d0%be%d1%80%d1%96%d0%bd%d0%ba%d0%b0\/\"},{\"@type\":\"ListItem\",\"position\":2,\"name\":\"Transformatory w magazynie\"}]},{\"@type\":\"WebSite\",\"@id\":\"https:\/\/www.bez.sk\/pl\/#website\",\"url\":\"https:\/\/www.bez.sk\/pl\/\",\"name\":\"BEZ Transform\u00e1tory\",\"description\":\"\",\"potentialAction\":[{\"@type\":\"SearchAction\",\"target\":{\"@type\":\"EntryPoint\",\"urlTemplate\":\"https:\/\/www.bez.sk\/pl\/?s={search_term_string}\"},\"query-input\":{\"@type\":\"PropertyValueSpecification\",\"valueRequired\":true,\"valueName\":\"search_term_string\"}}],\"inLanguage\":\"pl-PL\"}]}<\/script>\n<!-- \/ Yoast SEO plugin. -->","yoast_head_json":{"title":"Transformatory w magazynie - BEZ Transform\u00e1tory","robots":{"index":"index","follow":"follow","max-snippet":"max-snippet:-1","max-image-preview":"max-image-preview:large","max-video-preview":"max-video-preview:-1"},"canonical":"https:\/\/www.bez.sk\/pl\/transformatory-w-magazynie\/","og_locale":"pl_PL","og_type":"article","og_title":"Transformatory w magazynie - BEZ Transform\u00e1tory","og_url":"https:\/\/www.bez.sk\/pl\/transformatory-w-magazynie\/","og_site_name":"BEZ Transform\u00e1tory","article_modified_time":"2025-09-16T10:16:55+00:00","twitter_card":"summary_large_image","twitter_misc":{"Szacowany czas czytania":"4 minuty"},"schema":{"@context":"https:\/\/schema.org","@graph":[{"@type":"WebPage","@id":"https:\/\/www.bez.sk\/pl\/transformatory-w-magazynie\/","url":"https:\/\/www.bez.sk\/pl\/transformatory-w-magazynie\/","name":"Transformatory w magazynie - BEZ Transform\u00e1tory","isPartOf":{"@id":"https:\/\/www.bez.sk\/pl\/#website"},"datePublished":"2024-11-16T17:28:02+00:00","dateModified":"2025-09-16T10:16:55+00:00","breadcrumb":{"@id":"https:\/\/www.bez.sk\/pl\/transformatory-w-magazynie\/#breadcrumb"},"inLanguage":"pl-PL","potentialAction":[{"@type":"ReadAction","target":["https:\/\/www.bez.sk\/pl\/transformatory-w-magazynie\/"]}]},{"@type":"BreadcrumbList","@id":"https:\/\/www.bez.sk\/pl\/transformatory-w-magazynie\/#breadcrumb","itemListElement":[{"@type":"ListItem","position":1,"name":"Domovsk\u00e1 str\u00e1nka","item":"https:\/\/www.bez.sk\/pl\/%d0%b3%d0%be%d0%bb%d0%be%d0%b2%d0%bd%d0%b0-%d1%81%d1%82%d0%be%d1%80%d1%96%d0%bd%d0%ba%d0%b0\/"},{"@type":"ListItem","position":2,"name":"Transformatory w magazynie"}]},{"@type":"WebSite","@id":"https:\/\/www.bez.sk\/pl\/#website","url":"https:\/\/www.bez.sk\/pl\/","name":"BEZ Transform\u00e1tory","description":"","potentialAction":[{"@type":"SearchAction","target":{"@type":"EntryPoint","urlTemplate":"https:\/\/www.bez.sk\/pl\/?s={search_term_string}"},"query-input":{"@type":"PropertyValueSpecification","valueRequired":true,"valueName":"search_term_string"}}],"inLanguage":"pl-PL"}]}},"_links":{"self":[{"href":"https:\/\/www.bez.sk\/pl\/wp-json\/wp\/v2\/pages\/6119","targetHints":{"allow":["GET"]}}],"collection":[{"href":"https:\/\/www.bez.sk\/pl\/wp-json\/wp\/v2\/pages"}],"about":[{"href":"https:\/\/www.bez.sk\/pl\/wp-json\/wp\/v2\/types\/page"}],"author":[{"embeddable":true,"href":"https:\/\/www.bez.sk\/pl\/wp-json\/wp\/v2\/users\/3"}],"replies":[{"embeddable":true,"href":"https:\/\/www.bez.sk\/pl\/wp-json\/wp\/v2\/comments?post=6119"}],"version-history":[{"count":50,"href":"https:\/\/www.bez.sk\/pl\/wp-json\/wp\/v2\/pages\/6119\/revisions"}],"predecessor-version":[{"id":9599,"href":"https:\/\/www.bez.sk\/pl\/wp-json\/wp\/v2\/pages\/6119\/revisions\/9599"}],"wp:attachment":[{"href":"https:\/\/www.bez.sk\/pl\/wp-json\/wp\/v2\/media?parent=6119"}],"curies":[{"name":"wp","href":"https:\/\/api.w.org\/{rel}","templated":true}]}}