{"id":6017,"date":"2024-11-08T02:02:09","date_gmt":"2024-11-08T01:02:09","guid":{"rendered":"https:\/\/www.bez.sk\/formularz-zapytania\/"},"modified":"2026-03-31T12:50:47","modified_gmt":"2026-03-31T10:50:47","slug":"formularz-zapytania","status":"publish","type":"page","link":"https:\/\/www.bez.sk\/pl\/formularz-zapytania\/","title":{"rendered":"Formularz zapytania"},"content":{"rendered":"<div id='av_section_1'  class='avia-section av-b06-76b2fa22975f4cd9e31375a927c53f64 main_color avia-section-large avia-no-border-styling  avia-builder-el-0  el_before_av_section  avia-builder-el-first  subpage-banner avia-bg-style-scroll container_wrap sidebar_right'  ><div class='container av-section-cont-open' ><main  role=\"main\" itemprop=\"mainContentOfPage\"  class='template-page content  av-content-small alpha units'><div class='post-entry post-entry-type-page post-entry-6017'><div class='entry-content-wrapper clearfix'>\n<div  class='flex_column av-xkn2o-05bfdd8b6ce926e7ee4039f741f16d01 av_one_full  avia-builder-el-1  avia-builder-el-no-sibling  first flex_column_div  '     ><style type=\"text\/css\" data-created_by=\"avia_inline_auto\" id=\"style-css-av-m38127mo-d5823d49d6ecc422dc21e41ebd298c42\">\n#top .av-special-heading.av-m38127mo-d5823d49d6ecc422dc21e41ebd298c42{\npadding-bottom:10px;\n}\nbody .av-special-heading.av-m38127mo-d5823d49d6ecc422dc21e41ebd298c42 .av-special-heading-tag .heading-char{\nfont-size:25px;\n}\n.av-special-heading.av-m38127mo-d5823d49d6ecc422dc21e41ebd298c42 .av-subheading{\nfont-size:15px;\n}\n<\/style>\n<div  class='av-special-heading av-m38127mo-d5823d49d6ecc422dc21e41ebd298c42 av-special-heading-h1 blockquote modern-quote  avia-builder-el-2  avia-builder-el-no-sibling '><h1 class='av-special-heading-tag '  itemprop=\"headline\"  >Formularz zapytania<\/h1><div class=\"special-heading-border\"><div class=\"special-heading-inner-border\"><\/div><\/div><\/div><\/div>\n\n<\/div><\/div><\/main><!-- close content main element --><\/div><\/div><div id='av_section_2'  class='avia-section av-m38kjkps-478e526a886bc2912a092de9bf84a84d main_color avia-section-default avia-no-border-styling  avia-builder-el-3  el_after_av_section  avia-builder-el-last  dopytovy-plocha avia-bg-style-scroll container_wrap sidebar_right'  ><div class='container av-section-cont-open' ><div class='template-page content  av-content-small alpha units'><div class='post-entry post-entry-type-page post-entry-6017'><div class='entry-content-wrapper clearfix'>\n\n<style type=\"text\/css\" data-created_by=\"avia_inline_auto\" id=\"style-css-av-f4l7k-633b07d0757f2cd9d1214a6a0b6c0d6e\">\n.flex_column.av-f4l7k-633b07d0757f2cd9d1214a6a0b6c0d6e{\nwidth:58.8%;\n}\n<\/style>\n<div  class='flex_column av-f4l7k-633b07d0757f2cd9d1214a6a0b6c0d6e av_three_fifth  avia-builder-el-4  el_before_av_two_fifth  avia-builder-el-first  formular-column first flex_column_div  '     ><p>\n<style type=\"text\/css\" data-created_by=\"avia_inline_auto\" id=\"style-css-av-m38176lj-60185b9142427ffe4ae108678623d6e2\">\n#top .av-special-heading.av-m38176lj-60185b9142427ffe4ae108678623d6e2{\npadding-bottom:10px;\n}\nbody .av-special-heading.av-m38176lj-60185b9142427ffe4ae108678623d6e2 .av-special-heading-tag .heading-char{\nfont-size:25px;\n}\n.av-special-heading.av-m38176lj-60185b9142427ffe4ae108678623d6e2 .av-subheading{\nfont-size:15px;\n}\n<\/style>\n<div  class='av-special-heading av-m38176lj-60185b9142427ffe4ae108678623d6e2 av-special-heading-h3 blockquote modern-quote  avia-builder-el-5  el_before_av_codeblock  avia-builder-el-first '><h3 class='av-special-heading-tag '  itemprop=\"headline\"  >Formularz zapytania<\/h3><div class=\"special-heading-border\"><div class=\"special-heading-inner-border\"><\/div><\/div><\/div><br \/>\n<\/p><\/div>\n<style type=\"text\/css\" data-created_by=\"avia_inline_auto\" id=\"style-css-av-alqk0-0c46f4773140e6bbc2846a1accf75b26\">\n.flex_column.av-alqk0-0c46f4773140e6bbc2846a1accf75b26{\nwidth:38.2%;\nmargin-left:3%;\n}\n<\/style>\n<div  class='flex_column av-alqk0-0c46f4773140e6bbc2846a1accf75b26 av_two_fifth  avia-builder-el-7  el_after_av_three_fifth  el_before_av_hr  formular-technicka-column flex_column_div  '     ><p>\n<style type=\"text\/css\" data-created_by=\"avia_inline_auto\" id=\"style-css-av-m3816zhm-032215d5143b154cf5d7f2a2441c1fce\">\n#top .av-special-heading.av-m3816zhm-032215d5143b154cf5d7f2a2441c1fce{\npadding-bottom:10px;\n}\nbody .av-special-heading.av-m3816zhm-032215d5143b154cf5d7f2a2441c1fce .av-special-heading-tag .heading-char{\nfont-size:25px;\n}\n.av-special-heading.av-m3816zhm-032215d5143b154cf5d7f2a2441c1fce .av-subheading{\nfont-size:15px;\n}\n<\/style>\n<div  class='av-special-heading av-m3816zhm-032215d5143b154cf5d7f2a2441c1fce av-special-heading-h3 blockquote modern-quote  avia-builder-el-8  el_before_av_textblock  avia-builder-el-first '><h3 class='av-special-heading-tag '  itemprop=\"headline\"  >Potrzebujesz porady?<\/h3><div class=\"special-heading-border\"><div class=\"special-heading-inner-border\"><\/div><\/div><\/div><br \/>\n<section  class='av_textblock_section av-m3817dgw-25051b358ad49d0247e50ca4429cd700 '   itemscope=\"itemscope\" itemtype=\"https:\/\/schema.org\/CreativeWork\" ><div class='avia_textblock'  itemprop=\"text\" ><p>W\u0142a\u015bciwy dob\u00f3r transformatora wymaga dok\u0142adnych parametr\u00f3w technicznych. Je\u015bli potrzebujesz fachowej konsultacji w ich okre\u015bleniu, skontaktuj si\u0119 z naszymi specjalistami od transformator\u00f3w.<\/p>\n<\/div><\/section><br \/>\n<div  class='avia-button-wrap av-m3817pqs-cf0c4524890d8fbf799dc6e5aecbace7-wrap avia-button-left  avia-builder-el-10  el_after_av_textblock  avia-builder-el-last '><a href='https:\/\/www.bez.sk\/pl\/kontakt-2\/'  class='avia-button av-m3817pqs-cf0c4524890d8fbf799dc6e5aecbace7 av-link-btn avia-icon_select-yes-right-icon avia-size-small avia-position-left avia-color-theme-color'   aria-label=\"Skontaktuj si\u0119 z nami\"><span class='avia_iconbox_title' >Skontaktuj si\u0119 z nami<\/span><span class='avia_button_icon avia_button_icon_right avia-iconfont avia-font-fontello' data-av_icon='\ue800' data-av_iconfont='fontello' ><\/span><\/a><\/div><\/p><\/div>\n<style type=\"text\/css\" data-created_by=\"avia_inline_auto\" id=\"style-css-av-m38sh0sg-69ad1fe8b9106e9cbef9a131a7d21f8a\">\n#top .hr.hr-invisible.av-m38sh0sg-69ad1fe8b9106e9cbef9a131a7d21f8a{\nheight:50px;\n}\n<\/style>\n<div  class='hr av-m38sh0sg-69ad1fe8b9106e9cbef9a131a7d21f8a hr-invisible  avia-builder-el-11  el_after_av_two_fifth  avia-builder-el-last '><span class='hr-inner '><span class=\"hr-inner-style\"><\/span><\/span><\/div>\n<\/div><\/div><\/div><!-- close content main div --><\/div><\/div><div id='after_section_2'  class='main_color av_default_container_wrap container_wrap sidebar_right'  ><div class='container av-section-cont-open' ><div class='template-page content  av-content-small alpha units'><div class='post-entry post-entry-type-page post-entry-6017'><div class='entry-content-wrapper clearfix'>\n","protected":false},"excerpt":{"rendered":"","protected":false},"author":3,"featured_media":0,"parent":0,"menu_order":0,"comment_status":"closed","ping_status":"closed","template":"","meta":{"footnotes":""},"class_list":["post-6017","page","type-page","status-publish","hentry"],"yoast_head":"<!-- This site is optimized with the Yoast SEO plugin v24.1 - https:\/\/yoast.com\/wordpress\/plugins\/seo\/ -->\n<title>Formularz zapytania - BEZ Transform\u00e1tory<\/title>\n<meta name=\"robots\" content=\"index, follow, max-snippet:-1, max-image-preview:large, max-video-preview:-1\" \/>\n<link rel=\"canonical\" href=\"https:\/\/www.bez.sk\/pl\/formularz-zapytania\/\" \/>\n<meta property=\"og:locale\" content=\"pl_PL\" \/>\n<meta property=\"og:type\" content=\"article\" \/>\n<meta property=\"og:title\" content=\"Formularz zapytania - BEZ Transform\u00e1tory\" \/>\n<meta property=\"og:url\" content=\"https:\/\/www.bez.sk\/pl\/formularz-zapytania\/\" \/>\n<meta property=\"og:site_name\" content=\"BEZ Transform\u00e1tory\" \/>\n<meta property=\"article:modified_time\" content=\"2026-03-31T10:50:47+00:00\" \/>\n<meta name=\"twitter:card\" content=\"summary_large_image\" \/>\n<meta name=\"twitter:label1\" content=\"Szacowany czas czytania\" \/>\n\t<meta name=\"twitter:data1\" content=\"16 minut\" \/>\n<script type=\"application\/ld+json\" class=\"yoast-schema-graph\">{\"@context\":\"https:\/\/schema.org\",\"@graph\":[{\"@type\":\"WebPage\",\"@id\":\"https:\/\/www.bez.sk\/pl\/formularz-zapytania\/\",\"url\":\"https:\/\/www.bez.sk\/pl\/formularz-zapytania\/\",\"name\":\"Formularz zapytania - BEZ Transform\u00e1tory\",\"isPartOf\":{\"@id\":\"https:\/\/www.bez.sk\/pl\/#website\"},\"datePublished\":\"2024-11-08T01:02:09+00:00\",\"dateModified\":\"2026-03-31T10:50:47+00:00\",\"breadcrumb\":{\"@id\":\"https:\/\/www.bez.sk\/pl\/formularz-zapytania\/#breadcrumb\"},\"inLanguage\":\"pl-PL\",\"potentialAction\":[{\"@type\":\"ReadAction\",\"target\":[\"https:\/\/www.bez.sk\/pl\/formularz-zapytania\/\"]}]},{\"@type\":\"BreadcrumbList\",\"@id\":\"https:\/\/www.bez.sk\/pl\/formularz-zapytania\/#breadcrumb\",\"itemListElement\":[{\"@type\":\"ListItem\",\"position\":1,\"name\":\"Domovsk\u00e1 str\u00e1nka\",\"item\":\"https:\/\/www.bez.sk\/pl\/%d0%b3%d0%be%d0%bb%d0%be%d0%b2%d0%bd%d0%b0-%d1%81%d1%82%d0%be%d1%80%d1%96%d0%bd%d0%ba%d0%b0\/\"},{\"@type\":\"ListItem\",\"position\":2,\"name\":\"Formularz zapytania\"}]},{\"@type\":\"WebSite\",\"@id\":\"https:\/\/www.bez.sk\/pl\/#website\",\"url\":\"https:\/\/www.bez.sk\/pl\/\",\"name\":\"BEZ Transform\u00e1tory\",\"description\":\"\",\"potentialAction\":[{\"@type\":\"SearchAction\",\"target\":{\"@type\":\"EntryPoint\",\"urlTemplate\":\"https:\/\/www.bez.sk\/pl\/?s={search_term_string}\"},\"query-input\":{\"@type\":\"PropertyValueSpecification\",\"valueRequired\":true,\"valueName\":\"search_term_string\"}}],\"inLanguage\":\"pl-PL\"}]}<\/script>\n<!-- \/ Yoast SEO plugin. -->","yoast_head_json":{"title":"Formularz zapytania - BEZ Transform\u00e1tory","robots":{"index":"index","follow":"follow","max-snippet":"max-snippet:-1","max-image-preview":"max-image-preview:large","max-video-preview":"max-video-preview:-1"},"canonical":"https:\/\/www.bez.sk\/pl\/formularz-zapytania\/","og_locale":"pl_PL","og_type":"article","og_title":"Formularz zapytania - BEZ Transform\u00e1tory","og_url":"https:\/\/www.bez.sk\/pl\/formularz-zapytania\/","og_site_name":"BEZ Transform\u00e1tory","article_modified_time":"2026-03-31T10:50:47+00:00","twitter_card":"summary_large_image","twitter_misc":{"Szacowany czas czytania":"16 minut"},"schema":{"@context":"https:\/\/schema.org","@graph":[{"@type":"WebPage","@id":"https:\/\/www.bez.sk\/pl\/formularz-zapytania\/","url":"https:\/\/www.bez.sk\/pl\/formularz-zapytania\/","name":"Formularz zapytania - BEZ Transform\u00e1tory","isPartOf":{"@id":"https:\/\/www.bez.sk\/pl\/#website"},"datePublished":"2024-11-08T01:02:09+00:00","dateModified":"2026-03-31T10:50:47+00:00","breadcrumb":{"@id":"https:\/\/www.bez.sk\/pl\/formularz-zapytania\/#breadcrumb"},"inLanguage":"pl-PL","potentialAction":[{"@type":"ReadAction","target":["https:\/\/www.bez.sk\/pl\/formularz-zapytania\/"]}]},{"@type":"BreadcrumbList","@id":"https:\/\/www.bez.sk\/pl\/formularz-zapytania\/#breadcrumb","itemListElement":[{"@type":"ListItem","position":1,"name":"Domovsk\u00e1 str\u00e1nka","item":"https:\/\/www.bez.sk\/pl\/%d0%b3%d0%be%d0%bb%d0%be%d0%b2%d0%bd%d0%b0-%d1%81%d1%82%d0%be%d1%80%d1%96%d0%bd%d0%ba%d0%b0\/"},{"@type":"ListItem","position":2,"name":"Formularz zapytania"}]},{"@type":"WebSite","@id":"https:\/\/www.bez.sk\/pl\/#website","url":"https:\/\/www.bez.sk\/pl\/","name":"BEZ Transform\u00e1tory","description":"","potentialAction":[{"@type":"SearchAction","target":{"@type":"EntryPoint","urlTemplate":"https:\/\/www.bez.sk\/pl\/?s={search_term_string}"},"query-input":{"@type":"PropertyValueSpecification","valueRequired":true,"valueName":"search_term_string"}}],"inLanguage":"pl-PL"}]}},"_links":{"self":[{"href":"https:\/\/www.bez.sk\/pl\/wp-json\/wp\/v2\/pages\/6017","targetHints":{"allow":["GET"]}}],"collection":[{"href":"https:\/\/www.bez.sk\/pl\/wp-json\/wp\/v2\/pages"}],"about":[{"href":"https:\/\/www.bez.sk\/pl\/wp-json\/wp\/v2\/types\/page"}],"author":[{"embeddable":true,"href":"https:\/\/www.bez.sk\/pl\/wp-json\/wp\/v2\/users\/3"}],"replies":[{"embeddable":true,"href":"https:\/\/www.bez.sk\/pl\/wp-json\/wp\/v2\/comments?post=6017"}],"version-history":[{"count":2,"href":"https:\/\/www.bez.sk\/pl\/wp-json\/wp\/v2\/pages\/6017\/revisions"}],"predecessor-version":[{"id":12026,"href":"https:\/\/www.bez.sk\/pl\/wp-json\/wp\/v2\/pages\/6017\/revisions\/12026"}],"wp:attachment":[{"href":"https:\/\/www.bez.sk\/pl\/wp-json\/wp\/v2\/media?parent=6017"}],"curies":[{"name":"wp","href":"https:\/\/api.w.org\/{rel}","templated":true}]}}