{"id":5973,"date":"2024-11-22T15:24:01","date_gmt":"2024-11-22T14:24:01","guid":{"rendered":"https:\/\/www.bez.sk\/transformatory-suche\/"},"modified":"2025-09-01T14:45:18","modified_gmt":"2025-09-01T12:45:18","slug":"transformatory-suche","status":"publish","type":"page","link":"https:\/\/www.bez.sk\/pl\/transformatory-suche\/","title":{"rendered":"Transformatory suche"},"content":{"rendered":"\n<style type=\"text\/css\" data-created_by=\"avia_inline_auto\" id=\"style-css-av-1ib0uu-4bcd6ac68237f5c81089435d4dbc3c61\">\n.avia-section.av-1ib0uu-4bcd6ac68237f5c81089435d4dbc3c61{\nbackground-repeat:no-repeat;\nbackground-image:url(https:\/\/www.bez.sk\/wp-content\/uploads\/2024\/11\/PF__4031.jpg);\nbackground-position:50% 50%;\nbackground-attachment:scroll;\n}\n.avia-section.av-1ib0uu-4bcd6ac68237f5c81089435d4dbc3c61 .av-section-color-overlay{\nopacity:0.6;\nbackground-color:#092b7a;\n}\n<\/style>\n<div id='av_section_1'  class='avia-section av-1ib0uu-4bcd6ac68237f5c81089435d4dbc3c61 main_color avia-section-large avia-no-border-styling  avia-builder-el-0  el_before_av_section  avia-builder-el-first  subpage-banner avia-full-stretch avia-bg-style-scroll av-section-color-overlay-active container_wrap sidebar_right'  data-section-bg-repeat='stretch'><div class=\"av-section-color-overlay-wrap\"><div class=\"av-section-color-overlay\"><\/div><div class='container av-section-cont-open' ><main  role=\"main\" itemprop=\"mainContentOfPage\"  class='template-page content  av-content-small alpha units'><div class='post-entry post-entry-type-page post-entry-5973'><div class='entry-content-wrapper clearfix'>\n<div  class='flex_column av-4wtfa-0bfa06ac4e31e8ee9d2917005e78780e av_one_full  avia-builder-el-1  avia-builder-el-no-sibling  first flex_column_div  '     ><p>\n<style type=\"text\/css\" data-created_by=\"avia_inline_auto\" id=\"style-css-av-m3n17cs2-7f4fb40800d90a9cc41f6a774afa3398\">\n#top .av-special-heading.av-m3n17cs2-7f4fb40800d90a9cc41f6a774afa3398{\npadding-bottom:10px;\n}\nbody .av-special-heading.av-m3n17cs2-7f4fb40800d90a9cc41f6a774afa3398 .av-special-heading-tag .heading-char{\nfont-size:25px;\n}\n.av-special-heading.av-m3n17cs2-7f4fb40800d90a9cc41f6a774afa3398 .av-subheading{\nfont-size:15px;\n}\n<\/style>\n<div  class='av-special-heading av-m3n17cs2-7f4fb40800d90a9cc41f6a774afa3398 av-special-heading-h1 blockquote modern-quote  avia-builder-el-2  el_before_av_textblock  avia-builder-el-first '><h1 class='av-special-heading-tag '  itemprop=\"headline\"  >Transformatory suche<\/h1><div class=\"special-heading-border\"><div class=\"special-heading-inner-border\"><\/div><\/div><\/div><br \/>\n<section  class='av_textblock_section av-m3ssd0ny-36151cd440ae458981ec1fc2813d8564 '   itemscope=\"itemscope\" itemtype=\"https:\/\/schema.org\/CreativeWork\" ><div class='avia_textblock'  itemprop=\"text\" ><p>Produkujemy transformatory suche o maksymalnej mocy wyj\u015bciowej do 6300 kVA.<\/p>\n<\/div><\/section><\/p><\/div>\n\n<\/div><\/div><\/main><!-- close content main element --><\/div><\/div><\/div><div id='av_section_2'  class='avia-section av-m3n1vy1b-7d2477e1dcf37490ddc0540920fd73c8 main_color avia-section-default avia-no-border-styling  avia-builder-el-4  el_after_av_section  avia-builder-el-last  popis-section tehnicke-specifikacije-section avia-bg-style-scroll container_wrap sidebar_right'  ><div class='container av-section-cont-open' ><div class='template-page content  av-content-small alpha units'><div class='post-entry post-entry-type-page post-entry-5973'><div class='entry-content-wrapper clearfix'>\n<div  class='flex_column av-m3syog9h-ad58e54c8008d85369f960563041b8a2 av_one_full  avia-builder-el-5  el_before_av_three_fifth  avia-builder-el-first  tehnicke-specifikacije-section-headling first flex_column_div  '     ><style type=\"text\/css\" data-created_by=\"avia_inline_auto\" id=\"style-css-av-m3syp4cv-3576493c507d137dd7e94c55f5a13037\">\n#top .av-special-heading.av-m3syp4cv-3576493c507d137dd7e94c55f5a13037{\npadding-bottom:10px;\n}\nbody .av-special-heading.av-m3syp4cv-3576493c507d137dd7e94c55f5a13037 .av-special-heading-tag .heading-char{\nfont-size:25px;\n}\n.av-special-heading.av-m3syp4cv-3576493c507d137dd7e94c55f5a13037 .av-subheading{\nfont-size:15px;\n}\n<\/style>\n<div  class='av-special-heading av-m3syp4cv-3576493c507d137dd7e94c55f5a13037 av-special-heading-h3 blockquote modern-quote  avia-builder-el-6  avia-builder-el-no-sibling '><h3 class='av-special-heading-tag '  itemprop=\"headline\"  >Og\u00f3lna charakterystyka<\/h3><div class=\"special-heading-border\"><div class=\"special-heading-inner-border\"><\/div><\/div><\/div><\/div><div class='flex_column_table av-m3n24lf8-dcf8f6dfafb77c2f0049af734531af34 sc-av_three_fifth av-equal-height-column-flextable'><div  class='flex_column av-m3n24lf8-dcf8f6dfafb77c2f0049af734531af34 av_three_fifth  avia-builder-el-7  el_after_av_one_full  el_before_av_two_fifth  first flex_column_table_cell av-equal-height-column av-align-middle  column-top-margin'     ><section  class='av_textblock_section av-m3n2mmfu-b2fe7ac550f348d1b514f07366ef9456 '   itemscope=\"itemscope\" itemtype=\"https:\/\/schema.org\/CreativeWork\" ><div class='avia_textblock'  itemprop=\"text\" ><div class=\"flex-container\">\n<div class=\"icon-container\"><img loading=\"lazy\" decoding=\"async\" class=\"alignnone wp-image-854\" src=\"http:\/\/www.bez.sk\/wp-content\/uploads\/2024\/11\/certificate_7757629.svg\" alt=\"\" width=\"46\" height=\"46\"><\/div>\n<div class=\"text-container\">\n<h3>Standardy:<\/h3>\n<h4>IEC 60076, PN-EN 60076; PN-EN 50708; ISO 9001, ISO 14001, ISO 45001:2019; Rozporz\u0105dzenie Komisji UE nr 2019\/1783 (548\/2014) \u2013 (EcoDesign Etap 2)*<\/h4>\n<\/div>\n<\/div>\n<\/div><\/section><br \/>\n<section  class='av_textblock_section av-m3odmale-323281a9bc0a08a845dc3e27253edb9e '   itemscope=\"itemscope\" itemtype=\"https:\/\/schema.org\/CreativeWork\" ><div class='avia_textblock'  itemprop=\"text\" ><div class=\"flex-container\">\n<div class=\"icon-container\"><img loading=\"lazy\" decoding=\"async\" class=\"alignnone wp-image-844\" src=\"http:\/\/www.bez.sk\/wp-content\/uploads\/2024\/11\/vykon-ico.svg\" alt=\"\" width=\"69\" height=\"69\"><\/div>\n<div class=\"text-container\">\n<h3><strong>Moc, kVA<\/strong><\/h3>\n<h4>do 22kV: 100 &#8211; 6300*<br \/>\ndo 35kV: 100 &#8211; 4000*<\/h4>\n<\/div>\n<\/div>\n<\/div><\/section><br \/>\n<section  class='av_textblock_section av-m3odtqdc-ecb4fd027a201a6fc6920f3813cfdf2c '   itemscope=\"itemscope\" itemtype=\"https:\/\/schema.org\/CreativeWork\" ><div class='avia_textblock'  itemprop=\"text\" ><div class=\"flex-container\">\n<div class=\"icon-container\"><img loading=\"lazy\" decoding=\"async\" class=\"alignnone wp-image-849\" src=\"http:\/\/www.bez.sk\/wp-content\/uploads\/2024\/11\/vyssie-ico-2.svg\" alt=\"\" width=\"43\" height=\"43\"><\/div>\n<div class=\"text-container\">\n<h3><strong>Napi\u0119cie g\u00f3rne, kV<\/strong><\/h3>\n<h4>do 35*<\/h4>\n<\/div>\n<\/div>\n<\/div><\/section><br \/>\n<section  class='av_textblock_section av-m3odvldh-e43ee864e86395110e78f5b245e0f3a6 '   itemscope=\"itemscope\" itemtype=\"https:\/\/schema.org\/CreativeWork\" ><div class='avia_textblock'  itemprop=\"text\" ><div class=\"flex-container\">\n<div class=\"icon-container\"><img decoding=\"async\" src=\"http:\/\/www.bez.sk\/wp-content\/uploads\/2024\/11\/2931152_adjust_control_gear_settings_setup_icon.svg\" width=\"40\"><\/div>\n<div class=\"text-container\">\n<h3><strong>Zakres regulacji, GN<\/strong><\/h3>\n<h4>\u00b1 2 x 2,5 % bezobci\u0105\u017ceniowo*<\/h4>\n<\/div>\n<\/div>\n<\/div><\/section><br \/>\n<section  class='av_textblock_section av-m3oe1rsp-a426e215920a80ab6f80d0897b58b8d1 '   itemscope=\"itemscope\" itemtype=\"https:\/\/schema.org\/CreativeWork\" ><div class='avia_textblock'  itemprop=\"text\" ><div class=\"flex-container\">\n<div class=\"icon-container\"><img loading=\"lazy\" decoding=\"async\" class=\"alignnone wp-image-850\" src=\"http:\/\/www.bez.sk\/wp-content\/uploads\/2024\/11\/nizsie-ico-2.svg\" alt=\"\" width=\"45\" height=\"45\"><\/div>\n<div class=\"text-container\">\n<h3><strong>Napi\u0119cie dolne, V<\/strong><\/h3>\n<h4>400\/231; 420\/242*<\/h4>\n<\/div>\n<\/div>\n<\/div><\/section><br \/>\n<section  class='av_textblock_section av-m3oe4026-19f63fb180d46314c8de8d796595e000 '   itemscope=\"itemscope\" itemtype=\"https:\/\/schema.org\/CreativeWork\" ><div class='avia_textblock'  itemprop=\"text\" ><div class=\"flex-container\">\n<div class=\"icon-container\"><img decoding=\"async\" src=\"http:\/\/www.bez.sk\/wp-content\/uploads\/2024\/11\/5817220_cooling_snow_snowflake_winter_icon.svg\" width=\"36\"><\/div>\n<div class=\"text-container\">\n<h3><strong>Ch\u0142odzenie<\/strong><\/h3>\n<h4>AN; AN\/AF (kr\u00f3tkotrwa\u0142y wzrost mocy znamionowej o +40% z wentylatorami)<\/h4>\n<\/div>\n<\/div>\n<\/div><\/section><br \/>\n<section  class='av_textblock_section av-mbp4lgse-a046d44266bde8e78025067c19d1d0a6 '   itemscope=\"itemscope\" itemtype=\"https:\/\/schema.org\/CreativeWork\" ><div class='avia_textblock'  itemprop=\"text\" ><div class=\"flex-container\">\n<div class=\"icon-container\"><img loading=\"lazy\" decoding=\"async\" class=\"alignnone wp-image-890\" src=\"http:\/\/www.bez.sk\/wp-content\/uploads\/2024\/11\/vector-ico.svg\" alt=\"\" width=\"133\" height=\"133\"><\/div>\n<div class=\"text-container\">\n<h3>Uk\u0142ady po\u0142\u0105cze\u0144<\/h3>\n<h4>Yyn0; Dyn1; Dyn5; Dyn11 lub inne*<\/h4>\n<\/div>\n<\/div>\n<\/div><\/section><br \/>\n<section  class='av_textblock_section av-m3st7na4-626327b935ab787ef99c8e3d7f51f43b '   itemscope=\"itemscope\" itemtype=\"https:\/\/schema.org\/CreativeWork\" ><div class='avia_textblock'  itemprop=\"text\" ><p>*Inne warto\u015bci parametr\u00f3w na \u017cyczenie klienta<\/p>\n<\/div><\/section><\/p><\/div><div class='av-flex-placeholder'><\/div><div  class='flex_column av-8lolq-b5bfcfa6e4bae80603598a615764d0ee av_two_fifth  avia-builder-el-16  el_after_av_three_fifth  el_before_av_one_full  flex_column_table_cell av-equal-height-column av-align-middle  column-top-margin'     ><style type=\"text\/css\" data-created_by=\"avia_inline_auto\" id=\"style-css-av-m3n1ye8b-987c3abe2a66f9c79bf9483e87cff1cf\">\n.avia-image-container.av-m3n1ye8b-987c3abe2a66f9c79bf9483e87cff1cf img.avia_image{\nbox-shadow:none;\n}\n.avia-image-container.av-m3n1ye8b-987c3abe2a66f9c79bf9483e87cff1cf .av-image-caption-overlay-center{\ncolor:#ffffff;\n}\n<\/style>\n<div  class='avia-image-container av-m3n1ye8b-987c3abe2a66f9c79bf9483e87cff1cf av-styling- avia-align-center  avia-builder-el-17  avia-builder-el-no-sibling '   itemprop=\"image\" itemscope=\"itemscope\" itemtype=\"https:\/\/schema.org\/ImageObject\" ><div class=\"avia-image-container-inner\"><div class=\"avia-image-overlay-wrap\"><img decoding=\"async\" fetchpriority=\"high\" class='wp-image-5976 avia-img-lazy-loading-not-5976 avia_image ' src=\"https:\/\/www.bez.sk\/wp-content\/uploads\/2024\/11\/suchy-boxed.png\" alt='' title='suchy-boxed'  height=\"1000\" width=\"1000\"  itemprop=\"thumbnailUrl\" srcset=\"https:\/\/www.bez.sk\/wp-content\/uploads\/2024\/11\/suchy-boxed.png 1000w, https:\/\/www.bez.sk\/wp-content\/uploads\/2024\/11\/suchy-boxed-300x300.png 300w, https:\/\/www.bez.sk\/wp-content\/uploads\/2024\/11\/suchy-boxed-80x80.png 80w, https:\/\/www.bez.sk\/wp-content\/uploads\/2024\/11\/suchy-boxed-768x768.png 768w, https:\/\/www.bez.sk\/wp-content\/uploads\/2024\/11\/suchy-boxed-36x36.png 36w, https:\/\/www.bez.sk\/wp-content\/uploads\/2024\/11\/suchy-boxed-180x180.png 180w, https:\/\/www.bez.sk\/wp-content\/uploads\/2024\/11\/suchy-boxed-705x705.png 705w, https:\/\/www.bez.sk\/wp-content\/uploads\/2024\/11\/suchy-boxed-575x575.png 575w\" sizes=\"(max-width: 1000px) 100vw, 1000px\" \/><\/div><\/div><\/div><\/div><\/div><!--close column table wrapper. Autoclose: 1 --><div  class='flex_column av-p2ifa-6b571184329657ab45b9e240f5a45937 av_one_full  avia-builder-el-18  el_after_av_two_fifth  el_before_av_one_full  first flex_column_div  '     ><p>\n<style type=\"text\/css\" data-created_by=\"avia_inline_auto\" id=\"style-css-av-m3stwg0f-6f6e7a436c544f7e79f770d754189215\">\n#top .hr.hr-invisible.av-m3stwg0f-6f6e7a436c544f7e79f770d754189215{\nheight:50px;\n}\n<\/style>\n<div  class='hr av-m3stwg0f-6f6e7a436c544f7e79f770d754189215 hr-invisible  avia-builder-el-19  el_before_av_buttonrow  avia-builder-el-first '><span class='hr-inner '><span class=\"hr-inner-style\"><\/span><\/span><\/div><br \/>\n<div  class='avia-buttonrow-wrap av-m3st6xtu-8a2296fa88eb614076a4a0d8319748f8 avia-buttonrow-center  avia-builder-el-20  el_after_av_hr  avia-builder-el-last '>\n\n<style type=\"text\/css\" data-created_by=\"avia_inline_auto\" id=\"style-css-av-m3st5uqu-20553880a75bcd288a0ccecd40245c1a\">\n#top #wrap_all .avia-button.av-m3st5uqu-20553880a75bcd288a0ccecd40245c1a{\nmargin-bottom:5px;\nmargin-right:3px;\nmargin-left:3px;\n}\n<\/style>\n<a href='https:\/\/www.bez.sk\/pl\/formularz-zapytania\/'  class='avia-button av-m3st5uqu-20553880a75bcd288a0ccecd40245c1a avia-icon_select-no avia-size-large avia-color-theme-color'   aria-label=\"Formularz zapytania\"><span class='avia_iconbox_title' >Formularz zapytania<\/span><\/a>\n\n<style type=\"text\/css\" data-created_by=\"avia_inline_auto\" id=\"style-css-av-m3st6mz1-6ae0800ffbd3a4205ddf1b75bcfb877b\">\n#top #wrap_all .avia-button.av-m3st6mz1-6ae0800ffbd3a4205ddf1b75bcfb877b{\nmargin-bottom:5px;\nmargin-right:3px;\nmargin-left:3px;\n}\n<\/style>\n<a href='https:\/\/www.bez.sk\/wp-content\/uploads\/2025\/09\/BEZ_SUCHE_ZYWICZNE_transformatory_katalog_08_2025_PL.pdf'  class='avia-button av-m3st6mz1-6ae0800ffbd3a4205ddf1b75bcfb877b avia-icon_select-yes-left-icon avia-size-large avia-color-theme-color'  target=\"_blank\"  rel=\"noopener noreferrer\"  aria-label=\"Katalog\"><span class='avia_button_icon avia_button_icon_left avia-iconfont avia-font-dow-pdf-icon' data-av_icon='\ue800' data-av_iconfont='dow-pdf-icon' ><\/span><span class='avia_iconbox_title' >Katalog<\/span><\/a>\n<\/div><\/p><\/div><div  class='flex_column av-fpthn-2fbf2da85bd8fa7da7b4993efcf637b1 av_one_full  avia-builder-el-21  el_after_av_one_full  avia-builder-el-last  first flex_column_div  column-top-margin'     ><section  class='av_textblock_section av-xh4z-8bacac4fa853c1f63973d073eb7bd616 '   itemscope=\"itemscope\" itemtype=\"https:\/\/schema.org\/CreativeWork\" ><div class='avia_textblock'  itemprop=\"text\" ><p>Produkujemy r\u00f3wnie\u017c transformatory suche przeznaczone dla odnawialnych \u017ar\u00f3de\u0142 energii, wi\u0119cej <a href=\"https:\/\/www.bez.sk\/pl\/transformatory-dla-odnawialnych-zrodel-energii\/\"><strong>TUTAJ <\/strong><\/a><\/p>\n<\/div><\/section><\/div><\/div><\/div><\/div><!-- close content main div --><\/div><\/div><div id='after_section_2'  class='main_color av_default_container_wrap container_wrap sidebar_right'  ><div class='container av-section-cont-open' ><div class='template-page content  av-content-small alpha units'><div class='post-entry post-entry-type-page post-entry-5973'><div class='entry-content-wrapper clearfix'>\n","protected":false},"excerpt":{"rendered":"","protected":false},"author":3,"featured_media":0,"parent":0,"menu_order":0,"comment_status":"closed","ping_status":"closed","template":"","meta":{"footnotes":""},"class_list":["post-5973","page","type-page","status-publish","hentry"],"yoast_head":"<!-- This site is optimized with the Yoast SEO plugin v24.1 - https:\/\/yoast.com\/wordpress\/plugins\/seo\/ -->\n<title>Transformatory suche - BEZ Transform\u00e1tory<\/title>\n<meta name=\"robots\" content=\"index, follow, max-snippet:-1, max-image-preview:large, max-video-preview:-1\" \/>\n<link rel=\"canonical\" href=\"https:\/\/www.bez.sk\/pl\/transformatory-suche\/\" \/>\n<meta property=\"og:locale\" content=\"pl_PL\" \/>\n<meta property=\"og:type\" content=\"article\" \/>\n<meta property=\"og:title\" content=\"Transformatory suche - BEZ Transform\u00e1tory\" \/>\n<meta property=\"og:url\" content=\"https:\/\/www.bez.sk\/pl\/transformatory-suche\/\" \/>\n<meta property=\"og:site_name\" content=\"BEZ Transform\u00e1tory\" \/>\n<meta property=\"article:modified_time\" content=\"2025-09-01T12:45:18+00:00\" \/>\n<meta name=\"twitter:card\" content=\"summary_large_image\" \/>\n<meta name=\"twitter:label1\" content=\"Szacowany czas czytania\" \/>\n\t<meta name=\"twitter:data1\" content=\"30 minut\" \/>\n<script type=\"application\/ld+json\" class=\"yoast-schema-graph\">{\"@context\":\"https:\/\/schema.org\",\"@graph\":[{\"@type\":\"WebPage\",\"@id\":\"https:\/\/www.bez.sk\/pl\/transformatory-suche\/\",\"url\":\"https:\/\/www.bez.sk\/pl\/transformatory-suche\/\",\"name\":\"Transformatory suche - BEZ Transform\u00e1tory\",\"isPartOf\":{\"@id\":\"https:\/\/www.bez.sk\/pl\/#website\"},\"primaryImageOfPage\":{\"@id\":\"https:\/\/www.bez.sk\/pl\/transformatory-suche\/#primaryimage\"},\"image\":{\"@id\":\"https:\/\/www.bez.sk\/pl\/transformatory-suche\/#primaryimage\"},\"thumbnailUrl\":\"http:\/\/www.bez.sk\/wp-content\/uploads\/2024\/11\/certificate_7757629.svg\",\"datePublished\":\"2024-11-22T14:24:01+00:00\",\"dateModified\":\"2025-09-01T12:45:18+00:00\",\"breadcrumb\":{\"@id\":\"https:\/\/www.bez.sk\/pl\/transformatory-suche\/#breadcrumb\"},\"inLanguage\":\"pl-PL\",\"potentialAction\":[{\"@type\":\"ReadAction\",\"target\":[\"https:\/\/www.bez.sk\/pl\/transformatory-suche\/\"]}]},{\"@type\":\"ImageObject\",\"inLanguage\":\"pl-PL\",\"@id\":\"https:\/\/www.bez.sk\/pl\/transformatory-suche\/#primaryimage\",\"url\":\"http:\/\/www.bez.sk\/wp-content\/uploads\/2024\/11\/certificate_7757629.svg\",\"contentUrl\":\"http:\/\/www.bez.sk\/wp-content\/uploads\/2024\/11\/certificate_7757629.svg\"},{\"@type\":\"BreadcrumbList\",\"@id\":\"https:\/\/www.bez.sk\/pl\/transformatory-suche\/#breadcrumb\",\"itemListElement\":[{\"@type\":\"ListItem\",\"position\":1,\"name\":\"Domovsk\u00e1 str\u00e1nka\",\"item\":\"https:\/\/www.bez.sk\/pl\/%d0%b3%d0%be%d0%bb%d0%be%d0%b2%d0%bd%d0%b0-%d1%81%d1%82%d0%be%d1%80%d1%96%d0%bd%d0%ba%d0%b0\/\"},{\"@type\":\"ListItem\",\"position\":2,\"name\":\"Transformatory suche\"}]},{\"@type\":\"WebSite\",\"@id\":\"https:\/\/www.bez.sk\/pl\/#website\",\"url\":\"https:\/\/www.bez.sk\/pl\/\",\"name\":\"BEZ Transform\u00e1tory\",\"description\":\"\",\"potentialAction\":[{\"@type\":\"SearchAction\",\"target\":{\"@type\":\"EntryPoint\",\"urlTemplate\":\"https:\/\/www.bez.sk\/pl\/?s={search_term_string}\"},\"query-input\":{\"@type\":\"PropertyValueSpecification\",\"valueRequired\":true,\"valueName\":\"search_term_string\"}}],\"inLanguage\":\"pl-PL\"}]}<\/script>\n<!-- \/ Yoast SEO plugin. -->","yoast_head_json":{"title":"Transformatory suche - BEZ Transform\u00e1tory","robots":{"index":"index","follow":"follow","max-snippet":"max-snippet:-1","max-image-preview":"max-image-preview:large","max-video-preview":"max-video-preview:-1"},"canonical":"https:\/\/www.bez.sk\/pl\/transformatory-suche\/","og_locale":"pl_PL","og_type":"article","og_title":"Transformatory suche - BEZ Transform\u00e1tory","og_url":"https:\/\/www.bez.sk\/pl\/transformatory-suche\/","og_site_name":"BEZ Transform\u00e1tory","article_modified_time":"2025-09-01T12:45:18+00:00","twitter_card":"summary_large_image","twitter_misc":{"Szacowany czas czytania":"30 minut"},"schema":{"@context":"https:\/\/schema.org","@graph":[{"@type":"WebPage","@id":"https:\/\/www.bez.sk\/pl\/transformatory-suche\/","url":"https:\/\/www.bez.sk\/pl\/transformatory-suche\/","name":"Transformatory suche - BEZ Transform\u00e1tory","isPartOf":{"@id":"https:\/\/www.bez.sk\/pl\/#website"},"primaryImageOfPage":{"@id":"https:\/\/www.bez.sk\/pl\/transformatory-suche\/#primaryimage"},"image":{"@id":"https:\/\/www.bez.sk\/pl\/transformatory-suche\/#primaryimage"},"thumbnailUrl":"http:\/\/www.bez.sk\/wp-content\/uploads\/2024\/11\/certificate_7757629.svg","datePublished":"2024-11-22T14:24:01+00:00","dateModified":"2025-09-01T12:45:18+00:00","breadcrumb":{"@id":"https:\/\/www.bez.sk\/pl\/transformatory-suche\/#breadcrumb"},"inLanguage":"pl-PL","potentialAction":[{"@type":"ReadAction","target":["https:\/\/www.bez.sk\/pl\/transformatory-suche\/"]}]},{"@type":"ImageObject","inLanguage":"pl-PL","@id":"https:\/\/www.bez.sk\/pl\/transformatory-suche\/#primaryimage","url":"http:\/\/www.bez.sk\/wp-content\/uploads\/2024\/11\/certificate_7757629.svg","contentUrl":"http:\/\/www.bez.sk\/wp-content\/uploads\/2024\/11\/certificate_7757629.svg"},{"@type":"BreadcrumbList","@id":"https:\/\/www.bez.sk\/pl\/transformatory-suche\/#breadcrumb","itemListElement":[{"@type":"ListItem","position":1,"name":"Domovsk\u00e1 str\u00e1nka","item":"https:\/\/www.bez.sk\/pl\/%d0%b3%d0%be%d0%bb%d0%be%d0%b2%d0%bd%d0%b0-%d1%81%d1%82%d0%be%d1%80%d1%96%d0%bd%d0%ba%d0%b0\/"},{"@type":"ListItem","position":2,"name":"Transformatory suche"}]},{"@type":"WebSite","@id":"https:\/\/www.bez.sk\/pl\/#website","url":"https:\/\/www.bez.sk\/pl\/","name":"BEZ Transform\u00e1tory","description":"","potentialAction":[{"@type":"SearchAction","target":{"@type":"EntryPoint","urlTemplate":"https:\/\/www.bez.sk\/pl\/?s={search_term_string}"},"query-input":{"@type":"PropertyValueSpecification","valueRequired":true,"valueName":"search_term_string"}}],"inLanguage":"pl-PL"}]}},"_links":{"self":[{"href":"https:\/\/www.bez.sk\/pl\/wp-json\/wp\/v2\/pages\/5973","targetHints":{"allow":["GET"]}}],"collection":[{"href":"https:\/\/www.bez.sk\/pl\/wp-json\/wp\/v2\/pages"}],"about":[{"href":"https:\/\/www.bez.sk\/pl\/wp-json\/wp\/v2\/types\/page"}],"author":[{"embeddable":true,"href":"https:\/\/www.bez.sk\/pl\/wp-json\/wp\/v2\/users\/3"}],"replies":[{"embeddable":true,"href":"https:\/\/www.bez.sk\/pl\/wp-json\/wp\/v2\/comments?post=5973"}],"version-history":[{"count":30,"href":"https:\/\/www.bez.sk\/pl\/wp-json\/wp\/v2\/pages\/5973\/revisions"}],"predecessor-version":[{"id":9351,"href":"https:\/\/www.bez.sk\/pl\/wp-json\/wp\/v2\/pages\/5973\/revisions\/9351"}],"wp:attachment":[{"href":"https:\/\/www.bez.sk\/pl\/wp-json\/wp\/v2\/media?parent=5973"}],"curies":[{"name":"wp","href":"https:\/\/api.w.org\/{rel}","templated":true}]}}