{"id":5971,"date":"2024-12-03T17:20:03","date_gmt":"2024-12-03T16:20:03","guid":{"rendered":"https:\/\/www.bez.sk\/mozliwosci-dla-mlodych-ludzi\/"},"modified":"2025-11-03T16:27:48","modified_gmt":"2025-11-03T15:27:48","slug":"mozliwosci-dla-mlodych-ludzi","status":"publish","type":"page","link":"https:\/\/www.bez.sk\/pl\/mozliwosci-dla-mlodych-ludzi\/","title":{"rendered":"Mo\u017cliwo\u015bci dla m\u0142odych ludzi"},"content":{"rendered":"<div id='av_section_1'  class='avia-section av-1hkjs-0ed5fcecefd92ac99e3a568e0e4b5e59 main_color avia-section-large avia-no-border-styling  avia-builder-el-0  el_before_av_section  avia-builder-el-first  subpage-banner avia-bg-style-scroll container_wrap sidebar_right'  ><div class='container av-section-cont-open' ><main  role=\"main\" itemprop=\"mainContentOfPage\"  class='template-page content  av-content-small alpha units'><div class='post-entry post-entry-type-page post-entry-5971'><div class='entry-content-wrapper clearfix'>\n<div  class='flex_column av-96shk-f60adca8f8d5e0494cd1afea1f669c3a av_one_full  avia-builder-el-1  avia-builder-el-no-sibling  first flex_column_div  '     ><style type=\"text\/css\" data-created_by=\"avia_inline_auto\" id=\"style-css-av-m3j9fm82-9a33d2181f2ec8f812c38181c1ce9a8e\">\n#top .av-special-heading.av-m3j9fm82-9a33d2181f2ec8f812c38181c1ce9a8e{\npadding-bottom:10px;\n}\nbody .av-special-heading.av-m3j9fm82-9a33d2181f2ec8f812c38181c1ce9a8e .av-special-heading-tag .heading-char{\nfont-size:25px;\n}\n.av-special-heading.av-m3j9fm82-9a33d2181f2ec8f812c38181c1ce9a8e .av-subheading{\nfont-size:15px;\n}\n<\/style>\n<div  class='av-special-heading av-m3j9fm82-9a33d2181f2ec8f812c38181c1ce9a8e av-special-heading-h1 blockquote modern-quote  avia-builder-el-2  avia-builder-el-no-sibling '><h1 class='av-special-heading-tag '  itemprop=\"headline\"  >Mo\u017cliwo\u015bci dla m\u0142odych ludzi<\/h1><div class=\"special-heading-border\"><div class=\"special-heading-inner-border\"><\/div><\/div><\/div><\/div>\n\n<\/div><\/div><\/main><!-- close content main element --><\/div><\/div><div id='prilezitosti-pre-mladich'  class='avia-section av-m3k4bblk-7aaf1d332693811815911bd2afa51389 main_color avia-section-default avia-no-border-styling  avia-builder-el-3  el_after_av_section  avia-builder-el-last  prilezitosti-pre-mladich avia-bg-style-scroll container_wrap sidebar_right'  ><div class='container av-section-cont-open' ><div class='template-page content  av-content-small alpha units'><div class='post-entry post-entry-type-page post-entry-5971'><div class='entry-content-wrapper clearfix'>\n<div class='flex_column_table av-m3k4dx2k-7dfe48137ab23f4f1613f65ee068343a sc-av_one_full av-equal-height-column-flextable'>\n<style type=\"text\/css\" data-created_by=\"avia_inline_auto\" id=\"style-css-av-m3k4dx2k-7dfe48137ab23f4f1613f65ee068343a\">\n.flex_column.av-m3k4dx2k-7dfe48137ab23f4f1613f65ee068343a{\nwidth:100%;\nmargin-left:0;\n}\n#top .flex_column_table.av-equal-height-column-flextable.av-m3k4dx2k-7dfe48137ab23f4f1613f65ee068343a .av-flex-placeholder{\nwidth:0%;\n}\n<\/style>\n<div  class='flex_column av-m3k4dx2k-7dfe48137ab23f4f1613f65ee068343a av_one_full  avia-builder-el-4  el_before_av_hr  avia-builder-el-first  first flex_column_table_cell av-equal-height-column av-align-middle  '     ><style type=\"text\/css\" data-created_by=\"avia_inline_auto\" id=\"style-css-av-m3k4djcc-2bbfb0a56e70e448429d723e7a5aefea\">\n#top .av-special-heading.av-m3k4djcc-2bbfb0a56e70e448429d723e7a5aefea{\npadding-bottom:10px;\n}\nbody .av-special-heading.av-m3k4djcc-2bbfb0a56e70e448429d723e7a5aefea .av-special-heading-tag .heading-char{\nfont-size:25px;\n}\n.av-special-heading.av-m3k4djcc-2bbfb0a56e70e448429d723e7a5aefea .av-subheading{\nfont-size:15px;\n}\n<\/style>\n<div  class='av-special-heading av-m3k4djcc-2bbfb0a56e70e448429d723e7a5aefea av-special-heading-h2 blockquote modern-quote  avia-builder-el-5  avia-builder-el-no-sibling '><h2 class='av-special-heading-tag '  itemprop=\"headline\"  >Podw\u00f3jna edukacja<\/h2><div class=\"special-heading-border\"><div class=\"special-heading-inner-border\"><\/div><\/div><\/div><\/div><\/div><!--close column table wrapper. Autoclose: 1 -->\n<style type=\"text\/css\" data-created_by=\"avia_inline_auto\" id=\"style-css-av-m3ynzqyp-36e3e675a576b4bcc930cb33245296d5\">\n#top .hr.hr-invisible.av-m3ynzqyp-36e3e675a576b4bcc930cb33245296d5{\nheight:50px;\n}\n<\/style>\n<div  class='hr av-m3ynzqyp-36e3e675a576b4bcc930cb33245296d5 hr-invisible  avia-builder-el-6  el_after_av_one_full  el_before_av_one_full '><span class='hr-inner '><span class=\"hr-inner-style\"><\/span><\/span><\/div>\n<div  class='flex_column av-2x49c-1dd96923f31c174da6f3fc61ee9b4beb av_one_full  avia-builder-el-7  el_after_av_hr  el_before_av_three_fifth  first flex_column_div  '     ><p><section  class='av_textblock_section av-m3ynmbmo-8cf12fb897f6f1833a764dc616c95ddc '   itemscope=\"itemscope\" itemtype=\"https:\/\/schema.org\/CreativeWork\" ><div class='avia_textblock'  itemprop=\"text\" ><p>BEZ ma wyj\u0105tkow\u0105 pozycj\u0119, poniewa\u017c jego produkty s\u0105 integraln\u0105 cz\u0119\u015bci\u0105 rozwi\u0105za\u0144 elektryfikacyjnych dla miast, gmin, park\u00f3w przemys\u0142owych i elektrowni, w tym odnawialnych \u017ar\u00f3de\u0142 energii. W\u0142a\u015bnie dlatego studia u nas w ramach kszta\u0142cenia dualnego s\u0105 tak wyj\u0105tkow\u0105 okazj\u0105 &#8211; oferujemy nie tylko szkolenie teoretyczne, ale tak\u017ce prawdziwe do\u015bwiadczenie zawodowe w stabilnej i rozwijaj\u0105cej si\u0119 firmie, kt\u00f3ra wyznacza trendy w bran\u017cy transformator\u00f3w. W BEZ b\u0119dziesz pracowa\u0107 w \u015brodowisku, kt\u00f3re jest zaanga\u017cowane w globalne projekty energetyczne i gdzie ka\u017cdy dzie\u0144 przynosi nowe wyzwania i mo\u017cliwo\u015bci rozwoju.<\/p>\n<\/div><\/section><br \/>\n\n<style type=\"text\/css\" data-created_by=\"avia_inline_auto\" id=\"style-css-av-m3ynzdqg-16276fbbbf30430e7415d2ead445363f\">\n#top .hr.hr-invisible.av-m3ynzdqg-16276fbbbf30430e7415d2ead445363f{\nheight:40px;\n}\n<\/style>\n<div  class='hr av-m3ynzdqg-16276fbbbf30430e7415d2ead445363f hr-invisible  avia-builder-el-9  el_after_av_textblock  el_before_av_textblock '><span class='hr-inner '><span class=\"hr-inner-style\"><\/span><\/span><\/div><br \/>\n<section  class='av_textblock_section av-m3ynngpt-556849f8f1e8c78d0de84163e82a78ba '   itemscope=\"itemscope\" itemtype=\"https:\/\/schema.org\/CreativeWork\" ><div class='avia_textblock'  itemprop=\"text\" ><h3>Dlaczego warto wybra\u0107 kszta\u0142cenie dualne w <span class=\"notranslate\">BEZ TRANSFORMATORY<\/span>?<\/h3>\n<\/div><\/section><br \/>\n<section  class='av_textblock_section av-m3ynol12-a7b0046d96f4e3e62d72c44f11a386f7 '   itemscope=\"itemscope\" itemtype=\"https:\/\/schema.org\/CreativeWork\" ><div class='avia_textblock'  itemprop=\"text\" ><p>Wyobra\u017a sobie studia, kt\u00f3re przygotuj\u0105 Ci\u0119 na przysz\u0142o\u015b\u0107 nie tylko w teorii, ale tak\u017ce w praktyce w prawdziwej firmie z wieloletni\u0105 tradycj\u0105 i wysokimi standardami. Kszta\u0142cenie dualne w <strong><span class=\"notranslate\">BEZ TRANSFORMATOR\u00d3W <\/span><\/strong> to nie tylko studia &#8211; to droga do umiej\u0119tno\u015bci, do\u015bwiadczenia i bezpiecznej kariery.<\/p>\n<\/div><\/section><br \/>\n<section  class='av_textblock_section av-m3ynqssg-8429edb07a2d9e97eb3a004b70757fb3 '   itemscope=\"itemscope\" itemtype=\"https:\/\/schema.org\/CreativeWork\" ><div class='avia_textblock'  itemprop=\"text\" ><ul>\n<li>Korzy\u015bci finansowe: opr\u00f3cz bezp\u0142atnej nauki mo\u017cesz otrzyma\u0107 stypendium firmowe w wysoko\u015bci do 135 euro miesi\u0119cznie, dodatki transportowe i nagrody za produktywn\u0105 prac\u0119.<\/li>\n<li>\u015awietne warunki: posi\u0142ki zapewniane przez pracodawc\u0119 i bezp\u0142atne pomoce w pracy.<\/li>\n<li>Praktyka na najwy\u017cszym poziomie: 50% szkolenia sk\u0142ada si\u0119 z praktycznego do\u015bwiadczenia bezpo\u015brednio w firmie, gdzie nauczysz si\u0119 prawdziwych nawyk\u00f3w pracy.<\/li>\n<li>Bezpiecze\u0144stwo na przysz\u0142o\u015b\u0107: po pomy\u015blnym uko\u0144czeniu studi\u00f3w masz gwarancj\u0119 pracy w renomowanej firmie.<\/li>\n<\/ul>\n<\/div><\/section><\/p><\/div><div class='flex_column_table av-m3ynvqat-f464119d487e2fa5e8966e3d7d8348de sc-av_three_fifth av-equal-height-column-flextable'>\n<style type=\"text\/css\" data-created_by=\"avia_inline_auto\" id=\"style-css-av-m3ynvqat-f464119d487e2fa5e8966e3d7d8348de\">\n.flex_column.av-m3ynvqat-f464119d487e2fa5e8966e3d7d8348de{\nwidth:58.8%;\nmargin-left:0;\n}\n#top .flex_column_table.av-equal-height-column-flextable.av-m3ynvqat-f464119d487e2fa5e8966e3d7d8348de .av-flex-placeholder{\nwidth:3%;\n}\n<\/style>\n<div  class='flex_column av-m3ynvqat-f464119d487e2fa5e8966e3d7d8348de av_three_fifth  avia-builder-el-13  el_after_av_one_full  el_before_av_two_fifth  first flex_column_table_cell av-equal-height-column av-align-middle  column-top-margin'     ><section  class='av_textblock_section av-m3ynrpfd-8d79695975176b22dcd1f6e7a6ca454e '   itemscope=\"itemscope\" itemtype=\"https:\/\/schema.org\/CreativeWork\" ><div class='avia_textblock'  itemprop=\"text\" ><h3>Historia podw\u00f3jnego sukcesu<\/h3>\n<\/div><\/section><br \/>\n\n<style type=\"text\/css\" data-created_by=\"avia_inline_auto\" id=\"style-css-av-m3yob1rd-a1abdff45a5ec3a9236601399d9c60ff\">\n#top .hr.hr-invisible.av-m3yob1rd-a1abdff45a5ec3a9236601399d9c60ff{\nheight:20px;\n}\n<\/style>\n<div  class='hr av-m3yob1rd-a1abdff45a5ec3a9236601399d9c60ff hr-invisible  avia-builder-el-15  el_after_av_textblock  el_before_av_textblock '><span class='hr-inner '><span class=\"hr-inner-style\"><\/span><\/span><\/div><br \/>\n<section  class='av_textblock_section av-m3ynuid5-d3a2ae1b3f7fd09dce1cfdd27ebef84f '   itemscope=\"itemscope\" itemtype=\"https:\/\/schema.org\/CreativeWork\" ><div class='avia_textblock'  itemprop=\"text\" ><blockquote>\n<p style=\"text-align: left;\"><strong>Stephen<\/strong><\/p>\n<p style=\"font-weight: 400;\">Uczy\u0142em si\u0119 w \u015aredniej Szkole Zawodowej Elektrotechniki przy ulicy Rybni\u010dka w Bratys\u0142awie. Wybra\u0142em kierunek elektromechanika, poniewa\u017c chcia\u0142em kontynuowa\u0107 rodzinn\u0105 tradycj\u0119 elektryk\u00f3w, w kt\u00f3rej m\u00f3j ojciec r\u00f3wnie\u017c jest elektrykiem. <\/p>\n<p style=\"font-weight: 400;\">Od pierwszego roku korzystam z mo\u017cliwo\u015bci kszta\u0142cenia dualnego. W BEZ kszta\u0142ci\u0142em si\u0119 w systemie dualnym przez ca\u0142y okres studi\u00f3w. Kszta\u0142cenie dualne da\u0142o mi lepsz\u0105 praktyk\u0119 i przygotowanie ni\u017c tylko praca na hali produkcyjnej w szkole. Mia\u0142em mo\u017cliwo\u015b\u0107 bezpo\u015bredniego kontaktu z produkcj\u0105. Dzi\u0119ki dobremu zespo\u0142owi zosta\u0142em w BEZce po szkole i pracuj\u0119 tam ju\u017c od 4 lat. Dano mi mo\u017cliwo\u015b\u0107 nauki i rozwoju. Obecnie pracuj\u0119 na stanowisku seniora w dziale monta\u017cu, co pozwala mi r\u00f3wnie\u017c uczestniczy\u0107 w produkcji transformator\u00f3w specjalnych.      <\/p>\n<\/blockquote>\n<\/div><\/section><\/p><\/div><div class='av-flex-placeholder'><\/div>\n<style type=\"text\/css\" data-created_by=\"avia_inline_auto\" id=\"style-css-av-jm428-c61eb6f352d97bd8697e9e06ce68ba84\">\n.flex_column.av-jm428-c61eb6f352d97bd8697e9e06ce68ba84{\nwidth:38.2%;\nmargin-left:0;\n}\n#top .flex_column_table.av-equal-height-column-flextable.av-jm428-c61eb6f352d97bd8697e9e06ce68ba84 .av-flex-placeholder{\nwidth:3%;\n}\n<\/style>\n<div  class='flex_column av-jm428-c61eb6f352d97bd8697e9e06ce68ba84 av_two_fifth  avia-builder-el-17  el_after_av_three_fifth  el_before_av_one_full  flex_column_table_cell av-equal-height-column av-align-middle  column-top-margin'     ><style type=\"text\/css\" data-created_by=\"avia_inline_auto\" id=\"style-css-av-m3k4g0jd-c15784891cce51a68ce7eb406f7394b6\">\n.avia-image-container.av-m3k4g0jd-c15784891cce51a68ce7eb406f7394b6 img.avia_image{\nbox-shadow:none;\n}\n.avia-image-container.av-m3k4g0jd-c15784891cce51a68ce7eb406f7394b6 .av-image-caption-overlay-center{\ncolor:#ffffff;\n}\n<\/style>\n<div  class='avia-image-container av-m3k4g0jd-c15784891cce51a68ce7eb406f7394b6 av-styling- avia-align-center  avia-builder-el-18  avia-builder-el-no-sibling '   itemprop=\"image\" itemscope=\"itemscope\" itemtype=\"https:\/\/schema.org\/ImageObject\" ><div class=\"avia-image-container-inner\"><div class=\"avia-image-overlay-wrap\"><img decoding=\"async\" fetchpriority=\"high\" class='wp-image-6027 avia-img-lazy-loading-not-6027 avia_image ' src=\"https:\/\/www.bez.sk\/wp-content\/uploads\/2024\/11\/Layer-601@2x.png\" alt='' title='Layer 601@2x'  height=\"3188\" width=\"2300\"  itemprop=\"thumbnailUrl\" srcset=\"https:\/\/www.bez.sk\/wp-content\/uploads\/2024\/11\/Layer-601@2x.png 2300w, https:\/\/www.bez.sk\/wp-content\/uploads\/2024\/11\/Layer-601@2x-216x300.png 216w, https:\/\/www.bez.sk\/wp-content\/uploads\/2024\/11\/Layer-601@2x-743x1030.png 743w, https:\/\/www.bez.sk\/wp-content\/uploads\/2024\/11\/Layer-601@2x-768x1065.png 768w, https:\/\/www.bez.sk\/wp-content\/uploads\/2024\/11\/Layer-601@2x-1108x1536.png 1108w, https:\/\/www.bez.sk\/wp-content\/uploads\/2024\/11\/Layer-601@2x-1478x2048.png 1478w, https:\/\/www.bez.sk\/wp-content\/uploads\/2024\/11\/Layer-601@2x-1082x1500.png 1082w, https:\/\/www.bez.sk\/wp-content\/uploads\/2024\/11\/Layer-601@2x-509x705.png 509w\" sizes=\"(max-width: 2300px) 100vw, 2300px\" \/><\/div><\/div><\/div><\/div><\/div><!--close column table wrapper. Autoclose: 1 --><div  class='flex_column av-hadeg-0a45cae5fd391d6bb04d602f63a42f29 av_one_full  avia-builder-el-19  el_after_av_two_fifth  el_before_av_one_full  first flex_column_div  '     ><section  class='av_textblock_section av-m3ynxeao-adbc1312e0d9a770773959454cfd6ad1 '   itemscope=\"itemscope\" itemtype=\"https:\/\/schema.org\/CreativeWork\" ><div class='avia_textblock'  itemprop=\"text\" ><p><strong>Z kt\u00f3rymi szko\u0142ami obecnie wsp\u00f3\u0142pracujemy:<\/strong><\/p>\n<p>&#8211; Secondary Vocational School of Electrical Engineering Trnava<\/p>\n<p>&#8211; Secondary Vocational Technical School, Vranovsk\u00e1 4, 851 01 Petr\u017ealka<u><\/u><u><\/u><\/p>\n<\/div><\/section><\/div><div  class='flex_column av-73n8o-3e21d811ca313a928027fe09cde7aa1f av_one_full  avia-builder-el-21  el_after_av_one_full  avia-builder-el-last  first flex_column_div  column-top-margin'     ><div  class='avia-button-wrap av-m3k4qv01-0945c3e554308952331b383675b3d1ca-wrap avia-button-left  avia-builder-el-22  avia-builder-el-no-sibling '><a href='https:\/\/stm.csod.com\/ux\/ats\/careersite\/4\/home\/?c=stm&amp;country=sk'  class='avia-button av-m3k4qv01-0945c3e554308952331b383675b3d1ca av-link-btn avia-icon_select-no avia-size-medium avia-position-left avia-color-theme-color'  target=\"_blank\"  rel=\"noopener noreferrer\"  aria-label=\"Otwarte pozycje\"><span class='avia_iconbox_title' >Otwarte pozycje<\/span><\/a><\/div><\/div><\/div><\/div><\/div><!-- close content main div --><\/div><\/div><div id='after_section_2'  class='main_color av_default_container_wrap container_wrap sidebar_right'  ><div class='container av-section-cont-open' ><div class='template-page content  av-content-small alpha units'><div class='post-entry post-entry-type-page post-entry-5971'><div class='entry-content-wrapper clearfix'>\n","protected":false},"excerpt":{"rendered":"","protected":false},"author":3,"featured_media":0,"parent":0,"menu_order":0,"comment_status":"closed","ping_status":"closed","template":"","meta":{"footnotes":""},"class_list":["post-5971","page","type-page","status-publish","hentry"],"yoast_head":"<!-- This site is optimized with the Yoast SEO plugin v24.1 - https:\/\/yoast.com\/wordpress\/plugins\/seo\/ -->\n<title>Mo\u017cliwo\u015bci dla m\u0142odych ludzi - BEZ Transform\u00e1tory<\/title>\n<meta name=\"robots\" content=\"index, follow, max-snippet:-1, max-image-preview:large, max-video-preview:-1\" \/>\n<link rel=\"canonical\" href=\"https:\/\/www.bez.sk\/pl\/mozliwosci-dla-mlodych-ludzi\/\" \/>\n<meta property=\"og:locale\" content=\"pl_PL\" \/>\n<meta property=\"og:type\" content=\"article\" \/>\n<meta property=\"og:title\" content=\"Mo\u017cliwo\u015bci dla m\u0142odych ludzi - BEZ Transform\u00e1tory\" \/>\n<meta property=\"og:url\" content=\"https:\/\/www.bez.sk\/pl\/mozliwosci-dla-mlodych-ludzi\/\" \/>\n<meta property=\"og:site_name\" content=\"BEZ Transform\u00e1tory\" \/>\n<meta property=\"article:modified_time\" content=\"2025-11-03T15:27:48+00:00\" \/>\n<meta name=\"twitter:card\" content=\"summary_large_image\" \/>\n<meta name=\"twitter:label1\" content=\"Szacowany czas czytania\" \/>\n\t<meta name=\"twitter:data1\" content=\"32 minuty\" \/>\n<script type=\"application\/ld+json\" class=\"yoast-schema-graph\">{\"@context\":\"https:\/\/schema.org\",\"@graph\":[{\"@type\":\"WebPage\",\"@id\":\"https:\/\/www.bez.sk\/pl\/mozliwosci-dla-mlodych-ludzi\/\",\"url\":\"https:\/\/www.bez.sk\/pl\/mozliwosci-dla-mlodych-ludzi\/\",\"name\":\"Mo\u017cliwo\u015bci dla m\u0142odych ludzi - BEZ Transform\u00e1tory\",\"isPartOf\":{\"@id\":\"https:\/\/www.bez.sk\/pl\/#website\"},\"datePublished\":\"2024-12-03T16:20:03+00:00\",\"dateModified\":\"2025-11-03T15:27:48+00:00\",\"breadcrumb\":{\"@id\":\"https:\/\/www.bez.sk\/pl\/mozliwosci-dla-mlodych-ludzi\/#breadcrumb\"},\"inLanguage\":\"pl-PL\",\"potentialAction\":[{\"@type\":\"ReadAction\",\"target\":[\"https:\/\/www.bez.sk\/pl\/mozliwosci-dla-mlodych-ludzi\/\"]}]},{\"@type\":\"BreadcrumbList\",\"@id\":\"https:\/\/www.bez.sk\/pl\/mozliwosci-dla-mlodych-ludzi\/#breadcrumb\",\"itemListElement\":[{\"@type\":\"ListItem\",\"position\":1,\"name\":\"Domovsk\u00e1 str\u00e1nka\",\"item\":\"https:\/\/www.bez.sk\/pl\/%d0%b3%d0%be%d0%bb%d0%be%d0%b2%d0%bd%d0%b0-%d1%81%d1%82%d0%be%d1%80%d1%96%d0%bd%d0%ba%d0%b0\/\"},{\"@type\":\"ListItem\",\"position\":2,\"name\":\"Mo\u017cliwo\u015bci dla m\u0142odych ludzi\"}]},{\"@type\":\"WebSite\",\"@id\":\"https:\/\/www.bez.sk\/pl\/#website\",\"url\":\"https:\/\/www.bez.sk\/pl\/\",\"name\":\"BEZ Transform\u00e1tory\",\"description\":\"\",\"potentialAction\":[{\"@type\":\"SearchAction\",\"target\":{\"@type\":\"EntryPoint\",\"urlTemplate\":\"https:\/\/www.bez.sk\/pl\/?s={search_term_string}\"},\"query-input\":{\"@type\":\"PropertyValueSpecification\",\"valueRequired\":true,\"valueName\":\"search_term_string\"}}],\"inLanguage\":\"pl-PL\"}]}<\/script>\n<!-- \/ Yoast SEO plugin. -->","yoast_head_json":{"title":"Mo\u017cliwo\u015bci dla m\u0142odych ludzi - BEZ Transform\u00e1tory","robots":{"index":"index","follow":"follow","max-snippet":"max-snippet:-1","max-image-preview":"max-image-preview:large","max-video-preview":"max-video-preview:-1"},"canonical":"https:\/\/www.bez.sk\/pl\/mozliwosci-dla-mlodych-ludzi\/","og_locale":"pl_PL","og_type":"article","og_title":"Mo\u017cliwo\u015bci dla m\u0142odych ludzi - BEZ Transform\u00e1tory","og_url":"https:\/\/www.bez.sk\/pl\/mozliwosci-dla-mlodych-ludzi\/","og_site_name":"BEZ Transform\u00e1tory","article_modified_time":"2025-11-03T15:27:48+00:00","twitter_card":"summary_large_image","twitter_misc":{"Szacowany czas czytania":"32 minuty"},"schema":{"@context":"https:\/\/schema.org","@graph":[{"@type":"WebPage","@id":"https:\/\/www.bez.sk\/pl\/mozliwosci-dla-mlodych-ludzi\/","url":"https:\/\/www.bez.sk\/pl\/mozliwosci-dla-mlodych-ludzi\/","name":"Mo\u017cliwo\u015bci dla m\u0142odych ludzi - BEZ Transform\u00e1tory","isPartOf":{"@id":"https:\/\/www.bez.sk\/pl\/#website"},"datePublished":"2024-12-03T16:20:03+00:00","dateModified":"2025-11-03T15:27:48+00:00","breadcrumb":{"@id":"https:\/\/www.bez.sk\/pl\/mozliwosci-dla-mlodych-ludzi\/#breadcrumb"},"inLanguage":"pl-PL","potentialAction":[{"@type":"ReadAction","target":["https:\/\/www.bez.sk\/pl\/mozliwosci-dla-mlodych-ludzi\/"]}]},{"@type":"BreadcrumbList","@id":"https:\/\/www.bez.sk\/pl\/mozliwosci-dla-mlodych-ludzi\/#breadcrumb","itemListElement":[{"@type":"ListItem","position":1,"name":"Domovsk\u00e1 str\u00e1nka","item":"https:\/\/www.bez.sk\/pl\/%d0%b3%d0%be%d0%bb%d0%be%d0%b2%d0%bd%d0%b0-%d1%81%d1%82%d0%be%d1%80%d1%96%d0%bd%d0%ba%d0%b0\/"},{"@type":"ListItem","position":2,"name":"Mo\u017cliwo\u015bci dla m\u0142odych ludzi"}]},{"@type":"WebSite","@id":"https:\/\/www.bez.sk\/pl\/#website","url":"https:\/\/www.bez.sk\/pl\/","name":"BEZ Transform\u00e1tory","description":"","potentialAction":[{"@type":"SearchAction","target":{"@type":"EntryPoint","urlTemplate":"https:\/\/www.bez.sk\/pl\/?s={search_term_string}"},"query-input":{"@type":"PropertyValueSpecification","valueRequired":true,"valueName":"search_term_string"}}],"inLanguage":"pl-PL"}]}},"_links":{"self":[{"href":"https:\/\/www.bez.sk\/pl\/wp-json\/wp\/v2\/pages\/5971","targetHints":{"allow":["GET"]}}],"collection":[{"href":"https:\/\/www.bez.sk\/pl\/wp-json\/wp\/v2\/pages"}],"about":[{"href":"https:\/\/www.bez.sk\/pl\/wp-json\/wp\/v2\/types\/page"}],"author":[{"embeddable":true,"href":"https:\/\/www.bez.sk\/pl\/wp-json\/wp\/v2\/users\/3"}],"replies":[{"embeddable":true,"href":"https:\/\/www.bez.sk\/pl\/wp-json\/wp\/v2\/comments?post=5971"}],"version-history":[{"count":9,"href":"https:\/\/www.bez.sk\/pl\/wp-json\/wp\/v2\/pages\/5971\/revisions"}],"predecessor-version":[{"id":10263,"href":"https:\/\/www.bez.sk\/pl\/wp-json\/wp\/v2\/pages\/5971\/revisions\/10263"}],"wp:attachment":[{"href":"https:\/\/www.bez.sk\/pl\/wp-json\/wp\/v2\/media?parent=5971"}],"curies":[{"name":"wp","href":"https:\/\/api.w.org\/{rel}","templated":true}]}}