{"id":5959,"date":"2024-11-22T16:33:01","date_gmt":"2024-11-22T15:33:01","guid":{"rendered":"https:\/\/www.bez.sk\/transformatory-specjalne\/"},"modified":"2026-03-31T13:23:59","modified_gmt":"2026-03-31T11:23:59","slug":"transformatory-specjalne","status":"publish","type":"page","link":"https:\/\/www.bez.sk\/pl\/transformatory-specjalne\/","title":{"rendered":"Transformatory specjalne"},"content":{"rendered":"\n<style type=\"text\/css\" data-created_by=\"avia_inline_auto\" id=\"style-css-av-1ib0uu-f33bcbdaa9868e39f55e9362ea3da107\">\n.avia-section.av-1ib0uu-f33bcbdaa9868e39f55e9362ea3da107{\nbackground-repeat:no-repeat;\nbackground-image:url(https:\/\/www.bez.sk\/wp-content\/uploads\/2024\/11\/PF__3688.jpg);\nbackground-position:50% 50%;\nbackground-attachment:scroll;\n}\n.avia-section.av-1ib0uu-f33bcbdaa9868e39f55e9362ea3da107 .av-section-color-overlay{\nopacity:0.6;\nbackground-color:#092b7a;\n}\n<\/style>\n<div id='av_section_1'  class='avia-section av-1ib0uu-f33bcbdaa9868e39f55e9362ea3da107 main_color avia-section-large avia-no-border-styling  avia-builder-el-0  el_before_av_section  avia-builder-el-first  subpage-banner avia-full-stretch avia-bg-style-scroll av-section-color-overlay-active container_wrap sidebar_right'  data-section-bg-repeat='stretch'><div class=\"av-section-color-overlay-wrap\"><div class=\"av-section-color-overlay\"><\/div><div class='container av-section-cont-open' ><main  role=\"main\" itemprop=\"mainContentOfPage\"  class='template-page content  av-content-small alpha units'><div class='post-entry post-entry-type-page post-entry-5959'><div class='entry-content-wrapper clearfix'>\n<div  class='flex_column av-4wtfa-0bfa06ac4e31e8ee9d2917005e78780e av_one_full  avia-builder-el-1  avia-builder-el-no-sibling  first flex_column_div  '     ><p>\n<style type=\"text\/css\" data-created_by=\"avia_inline_auto\" id=\"style-css-av-m3n17cs2-9f537cd671c97b0959380e0620f75a46\">\n#top .av-special-heading.av-m3n17cs2-9f537cd671c97b0959380e0620f75a46{\npadding-bottom:10px;\n}\nbody .av-special-heading.av-m3n17cs2-9f537cd671c97b0959380e0620f75a46 .av-special-heading-tag .heading-char{\nfont-size:25px;\n}\n.av-special-heading.av-m3n17cs2-9f537cd671c97b0959380e0620f75a46 .av-subheading{\nfont-size:15px;\n}\n<\/style>\n<div  class='av-special-heading av-m3n17cs2-9f537cd671c97b0959380e0620f75a46 av-special-heading-h1 blockquote modern-quote  avia-builder-el-2  el_before_av_textblock  avia-builder-el-first '><h1 class='av-special-heading-tag '  itemprop=\"headline\"  >Transformatory specjalne<\/h1><div class=\"special-heading-border\"><div class=\"special-heading-inner-border\"><\/div><\/div><\/div><br \/>\n<section  class='av_textblock_section av-m3ssd0ny-36151cd440ae458981ec1fc2813d8564 '   itemscope=\"itemscope\" itemtype=\"https:\/\/schema.org\/CreativeWork\" ><div class='avia_textblock'  itemprop=\"text\" ><p>Mo\u017cemy r\u00f3wnie\u017c produkowa\u0107 transformatory specjalne zgodnie z wymaganiami klienta. R\u00f3\u017cne rodzaje transformator\u00f3w specjalnych, takie jak transformatory inwerterowe, transformatory uziemiaj\u0105ce, transformatory dla \u017ar\u00f3de\u0142 odnawialnych, a tak\u017ce transformatory jednofazowe dla trakcji.<\/p>\n<\/div><\/section><\/p><\/div>\n\n<\/div><\/div><\/main><!-- close content main element --><\/div><\/div><\/div><div id='av_section_2'  class='avia-section av-m3n1vy1b-7d2477e1dcf37490ddc0540920fd73c8 main_color avia-section-default avia-no-border-styling  avia-builder-el-4  el_after_av_section  avia-builder-el-last  popis-section tehnicke-specifikacije-section avia-bg-style-scroll container_wrap sidebar_right'  ><div class='container av-section-cont-open' ><div class='template-page content  av-content-small alpha units'><div class='post-entry post-entry-type-page post-entry-5959'><div class='entry-content-wrapper clearfix'>\n<div class='flex_column_table av-m3n24lf8-dcf8f6dfafb77c2f0049af734531af34 sc-av_three_fifth av-equal-height-column-flextable'><div  class='flex_column av-m3n24lf8-dcf8f6dfafb77c2f0049af734531af34 av_three_fifth  avia-builder-el-5  el_before_av_two_fifth  avia-builder-el-first  first flex_column_table_cell av-equal-height-column av-align-middle  '     ><p>\n<style type=\"text\/css\" data-created_by=\"avia_inline_auto\" id=\"style-css-av-m3sxt6z8-05b130d505aeed51a7bea81e28e28415\">\n#top .av-special-heading.av-m3sxt6z8-05b130d505aeed51a7bea81e28e28415{\npadding-bottom:10px;\n}\nbody .av-special-heading.av-m3sxt6z8-05b130d505aeed51a7bea81e28e28415 .av-special-heading-tag .heading-char{\nfont-size:25px;\n}\n.av-special-heading.av-m3sxt6z8-05b130d505aeed51a7bea81e28e28415 .av-subheading{\nfont-size:15px;\n}\n<\/style>\n<div  class='av-special-heading av-m3sxt6z8-05b130d505aeed51a7bea81e28e28415 av-special-heading-h3 blockquote modern-quote  avia-builder-el-6  el_before_av_textblock  avia-builder-el-first  tehnicke-specifikacije-section-headling'><h3 class='av-special-heading-tag '  itemprop=\"headline\"  >Rodzaje transformator\u00f3w specjalnych:<\/h3><div class=\"special-heading-border\"><div class=\"special-heading-inner-border\"><\/div><\/div><\/div><br \/>\n<section  class='av_textblock_section av-m3swwc53-63997ce67e14b409403c54819595ce6c '   itemscope=\"itemscope\" itemtype=\"https:\/\/schema.org\/CreativeWork\" ><div class='avia_textblock'  itemprop=\"text\" ><h3><\/h3>\n<ul>\n<li><strong>Po\u0142\u0105czone transformatory<\/strong> &#8211; daj\u0105 mo\u017cliwo\u015b\u0107 szybkiej i \u0142atwej zmiany poziomu napi\u0119cia w pojedynczej jednostce na jednym lub obu uzwojeniach (zapewniaj\u0105c w ten spos\u00f3b elastyczno\u015b\u0107 systemu).<\/li>\n<li><strong>Transformatory tr\u00f3jwej\u015bciowe<\/strong> &#8211; stosowane w z\u0142o\u017conych systemach elektrycznych, gdzie umo\u017cliwiaj\u0105 jednoczesn\u0105 transformacj\u0119 energii elektrycznej mi\u0119dzy wieloma poziomami napi\u0119cia w ramach jednej jednostki.<\/li>\n<li><strong>Transformatory inwerterowe<\/strong> &#8211; s\u0105 specjalnie zaprojektowane do zastosowa\u0144 w przetwornicach cz\u0119stotliwo\u015bci, takich jak farmy wiatrowe i nap\u0119dy przemys\u0142owe, i s\u0105 kluczowe dla dzia\u0142ania odnawialnych \u017ar\u00f3de\u0142 energii (podobne do typu stosowanego w przypadku odnawialnych \u017ar\u00f3de\u0142 energii).<\/li>\n<li><strong>Transformatory jednofazowe<\/strong> &#8211; zapewniaj\u0105 niezawodne zasilanie dla domowych sieci dystrybucyjnych i lekkich sieci przemys\u0142owych.<\/li>\n<li><strong>Transformatory wzbudzenia<\/strong> &#8211; zapewniaj\u0105 stabiln\u0105 prac\u0119 i wydajn\u0105 regulacj\u0119 napi\u0119cia generator\u00f3w i silnik\u00f3w synchronicznych.<\/li>\n<li><strong>Przek\u0142adniki ziemnozwarciowe<\/strong> &#8211; chroni\u0105 sprz\u0119t i ludzi przed pora\u017ceniem elektrycznym, tworz\u0105c kontrolowan\u0105 \u015bcie\u017ck\u0119 o niskiej impedancji dla pr\u0105d\u00f3w ziemnozwarciowych.<\/li>\n<\/ul>\n<\/div><\/section><\/p><\/div><div class='av-flex-placeholder'><\/div><div  class='flex_column av-8lolq-b5bfcfa6e4bae80603598a615764d0ee av_two_fifth  avia-builder-el-8  el_after_av_three_fifth  el_before_av_one_full  flex_column_table_cell av-equal-height-column av-align-middle  '     ><style type=\"text\/css\" data-created_by=\"avia_inline_auto\" id=\"style-css-av-m3n1ye8b-71fa18f8e5d7c9808f99677f923b61a1\">\n.avia-image-container.av-m3n1ye8b-71fa18f8e5d7c9808f99677f923b61a1 img.avia_image{\nbox-shadow:none;\n}\n.avia-image-container.av-m3n1ye8b-71fa18f8e5d7c9808f99677f923b61a1 .av-image-caption-overlay-center{\ncolor:#ffffff;\n}\n<\/style>\n<div  class='avia-image-container av-m3n1ye8b-71fa18f8e5d7c9808f99677f923b61a1 av-styling- avia-align-center  avia-builder-el-9  avia-builder-el-no-sibling  specialne-image'   itemprop=\"image\" itemscope=\"itemscope\" itemtype=\"https:\/\/schema.org\/ImageObject\" ><div class=\"avia-image-container-inner\"><div class=\"avia-image-overlay-wrap\"><img decoding=\"async\" fetchpriority=\"high\" class='wp-image- avia-img-lazy-loading-not- avia_image ' src=\"http:\/\/www.bez.sk\/wp-content\/uploads\/2024\/12\/Dizajn-bez-nazvu-2.png\" alt='' title=''   itemprop=\"thumbnailUrl\"  \/><\/div><\/div><\/div><\/div><\/div><!--close column table wrapper. Autoclose: 1 --><div  class='flex_column av-7ytje-dde7bd6f13141959f6b47df8c0ef07bb av_one_full  avia-builder-el-10  el_after_av_two_fifth  el_before_av_one_full  first flex_column_div  '     ><section  class='av_textblock_section av-m472h59q-a9eb3aae098248524e0eefe980becd2c '   itemscope=\"itemscope\" itemtype=\"https:\/\/schema.org\/CreativeWork\" ><div class='avia_textblock'  itemprop=\"text\" ><p>Zapewniamy r\u00f3wnie\u017c profesjonaln\u0105 pomoc podczas instalacji, wi\u0119cej <strong><a href=\"http:\/\/www.bez.sk\/instalacia-pod-dohladom\/\">TUTAJ<\/a><\/strong>. Produkujemy r\u00f3wnie\u017c autotransformatory, transformatory spawalnicze, transformatory separacyjne i d\u0142awiki.<\/p>\n<\/div><\/section><\/div><div  class='flex_column av-p2ifa-6b571184329657ab45b9e240f5a45937 av_one_full  avia-builder-el-12  el_after_av_one_full  avia-builder-el-last  first flex_column_div  column-top-margin'     ><p>\n<style type=\"text\/css\" data-created_by=\"avia_inline_auto\" id=\"style-css-av-m3stwg0f-6f6e7a436c544f7e79f770d754189215\">\n#top .hr.hr-invisible.av-m3stwg0f-6f6e7a436c544f7e79f770d754189215{\nheight:50px;\n}\n<\/style>\n<div  class='hr av-m3stwg0f-6f6e7a436c544f7e79f770d754189215 hr-invisible  avia-builder-el-13  el_before_av_buttonrow  avia-builder-el-first '><span class='hr-inner '><span class=\"hr-inner-style\"><\/span><\/span><\/div><br \/>\n<div  class='avia-buttonrow-wrap av-m3st6xtu-8a2296fa88eb614076a4a0d8319748f8 avia-buttonrow-center  avia-builder-el-14  el_after_av_hr  avia-builder-el-last '>\n\n<style type=\"text\/css\" data-created_by=\"avia_inline_auto\" id=\"style-css-av-m3st5uqu-cbcbc6b8d0cf81a4569a5485a3054faa\">\n#top #wrap_all .avia-button.av-m3st5uqu-cbcbc6b8d0cf81a4569a5485a3054faa{\nmargin-bottom:5px;\nmargin-right:3px;\nmargin-left:3px;\n}\n<\/style>\n<a href='https:\/\/www.bez.sk\/pl\/formularz-zapytania\/'  class='avia-button av-m3st5uqu-cbcbc6b8d0cf81a4569a5485a3054faa avia-icon_select-no avia-size-large avia-color-theme-color'   aria-label=\"Formularz zapytania\"><span class='avia_iconbox_title' >Formularz zapytania<\/span><\/a>\n<\/div><\/p><\/div><\/div><\/div><\/div><!-- close content main div --><\/div><\/div><div id='after_section_2'  class='main_color av_default_container_wrap container_wrap sidebar_right'  ><div class='container av-section-cont-open' ><div class='template-page content  av-content-small alpha units'><div class='post-entry post-entry-type-page post-entry-5959'><div class='entry-content-wrapper clearfix'>\n","protected":false},"excerpt":{"rendered":"","protected":false},"author":3,"featured_media":0,"parent":0,"menu_order":0,"comment_status":"closed","ping_status":"closed","template":"","meta":{"footnotes":""},"class_list":["post-5959","page","type-page","status-publish","hentry"],"yoast_head":"<!-- This site is optimized with the Yoast SEO plugin v24.1 - https:\/\/yoast.com\/wordpress\/plugins\/seo\/ -->\n<title>Transformatory specjalne - BEZ Transform\u00e1tory<\/title>\n<meta name=\"robots\" content=\"index, follow, max-snippet:-1, max-image-preview:large, max-video-preview:-1\" \/>\n<link rel=\"canonical\" href=\"https:\/\/www.bez.sk\/pl\/transformatory-specjalne\/\" \/>\n<meta property=\"og:locale\" content=\"pl_PL\" \/>\n<meta property=\"og:type\" content=\"article\" \/>\n<meta property=\"og:title\" content=\"Transformatory specjalne - BEZ Transform\u00e1tory\" \/>\n<meta property=\"og:url\" content=\"https:\/\/www.bez.sk\/pl\/transformatory-specjalne\/\" \/>\n<meta property=\"og:site_name\" content=\"BEZ Transform\u00e1tory\" \/>\n<meta property=\"article:modified_time\" content=\"2026-03-31T11:23:59+00:00\" \/>\n<meta name=\"twitter:card\" content=\"summary_large_image\" \/>\n<meta name=\"twitter:label1\" content=\"Szacowany czas czytania\" \/>\n\t<meta name=\"twitter:data1\" content=\"23 minuty\" \/>\n<script type=\"application\/ld+json\" class=\"yoast-schema-graph\">{\"@context\":\"https:\/\/schema.org\",\"@graph\":[{\"@type\":\"WebPage\",\"@id\":\"https:\/\/www.bez.sk\/pl\/transformatory-specjalne\/\",\"url\":\"https:\/\/www.bez.sk\/pl\/transformatory-specjalne\/\",\"name\":\"Transformatory specjalne - BEZ Transform\u00e1tory\",\"isPartOf\":{\"@id\":\"https:\/\/www.bez.sk\/pl\/#website\"},\"datePublished\":\"2024-11-22T15:33:01+00:00\",\"dateModified\":\"2026-03-31T11:23:59+00:00\",\"breadcrumb\":{\"@id\":\"https:\/\/www.bez.sk\/pl\/transformatory-specjalne\/#breadcrumb\"},\"inLanguage\":\"pl-PL\",\"potentialAction\":[{\"@type\":\"ReadAction\",\"target\":[\"https:\/\/www.bez.sk\/pl\/transformatory-specjalne\/\"]}]},{\"@type\":\"BreadcrumbList\",\"@id\":\"https:\/\/www.bez.sk\/pl\/transformatory-specjalne\/#breadcrumb\",\"itemListElement\":[{\"@type\":\"ListItem\",\"position\":1,\"name\":\"Domovsk\u00e1 str\u00e1nka\",\"item\":\"https:\/\/www.bez.sk\/pl\/%d0%b3%d0%be%d0%bb%d0%be%d0%b2%d0%bd%d0%b0-%d1%81%d1%82%d0%be%d1%80%d1%96%d0%bd%d0%ba%d0%b0\/\"},{\"@type\":\"ListItem\",\"position\":2,\"name\":\"Transformatory specjalne\"}]},{\"@type\":\"WebSite\",\"@id\":\"https:\/\/www.bez.sk\/pl\/#website\",\"url\":\"https:\/\/www.bez.sk\/pl\/\",\"name\":\"BEZ Transform\u00e1tory\",\"description\":\"\",\"potentialAction\":[{\"@type\":\"SearchAction\",\"target\":{\"@type\":\"EntryPoint\",\"urlTemplate\":\"https:\/\/www.bez.sk\/pl\/?s={search_term_string}\"},\"query-input\":{\"@type\":\"PropertyValueSpecification\",\"valueRequired\":true,\"valueName\":\"search_term_string\"}}],\"inLanguage\":\"pl-PL\"}]}<\/script>\n<!-- \/ Yoast SEO plugin. -->","yoast_head_json":{"title":"Transformatory specjalne - BEZ Transform\u00e1tory","robots":{"index":"index","follow":"follow","max-snippet":"max-snippet:-1","max-image-preview":"max-image-preview:large","max-video-preview":"max-video-preview:-1"},"canonical":"https:\/\/www.bez.sk\/pl\/transformatory-specjalne\/","og_locale":"pl_PL","og_type":"article","og_title":"Transformatory specjalne - BEZ Transform\u00e1tory","og_url":"https:\/\/www.bez.sk\/pl\/transformatory-specjalne\/","og_site_name":"BEZ Transform\u00e1tory","article_modified_time":"2026-03-31T11:23:59+00:00","twitter_card":"summary_large_image","twitter_misc":{"Szacowany czas czytania":"23 minuty"},"schema":{"@context":"https:\/\/schema.org","@graph":[{"@type":"WebPage","@id":"https:\/\/www.bez.sk\/pl\/transformatory-specjalne\/","url":"https:\/\/www.bez.sk\/pl\/transformatory-specjalne\/","name":"Transformatory specjalne - BEZ Transform\u00e1tory","isPartOf":{"@id":"https:\/\/www.bez.sk\/pl\/#website"},"datePublished":"2024-11-22T15:33:01+00:00","dateModified":"2026-03-31T11:23:59+00:00","breadcrumb":{"@id":"https:\/\/www.bez.sk\/pl\/transformatory-specjalne\/#breadcrumb"},"inLanguage":"pl-PL","potentialAction":[{"@type":"ReadAction","target":["https:\/\/www.bez.sk\/pl\/transformatory-specjalne\/"]}]},{"@type":"BreadcrumbList","@id":"https:\/\/www.bez.sk\/pl\/transformatory-specjalne\/#breadcrumb","itemListElement":[{"@type":"ListItem","position":1,"name":"Domovsk\u00e1 str\u00e1nka","item":"https:\/\/www.bez.sk\/pl\/%d0%b3%d0%be%d0%bb%d0%be%d0%b2%d0%bd%d0%b0-%d1%81%d1%82%d0%be%d1%80%d1%96%d0%bd%d0%ba%d0%b0\/"},{"@type":"ListItem","position":2,"name":"Transformatory specjalne"}]},{"@type":"WebSite","@id":"https:\/\/www.bez.sk\/pl\/#website","url":"https:\/\/www.bez.sk\/pl\/","name":"BEZ Transform\u00e1tory","description":"","potentialAction":[{"@type":"SearchAction","target":{"@type":"EntryPoint","urlTemplate":"https:\/\/www.bez.sk\/pl\/?s={search_term_string}"},"query-input":{"@type":"PropertyValueSpecification","valueRequired":true,"valueName":"search_term_string"}}],"inLanguage":"pl-PL"}]}},"_links":{"self":[{"href":"https:\/\/www.bez.sk\/pl\/wp-json\/wp\/v2\/pages\/5959","targetHints":{"allow":["GET"]}}],"collection":[{"href":"https:\/\/www.bez.sk\/pl\/wp-json\/wp\/v2\/pages"}],"about":[{"href":"https:\/\/www.bez.sk\/pl\/wp-json\/wp\/v2\/types\/page"}],"author":[{"embeddable":true,"href":"https:\/\/www.bez.sk\/pl\/wp-json\/wp\/v2\/users\/3"}],"replies":[{"embeddable":true,"href":"https:\/\/www.bez.sk\/pl\/wp-json\/wp\/v2\/comments?post=5959"}],"version-history":[{"count":4,"href":"https:\/\/www.bez.sk\/pl\/wp-json\/wp\/v2\/pages\/5959\/revisions"}],"predecessor-version":[{"id":12057,"href":"https:\/\/www.bez.sk\/pl\/wp-json\/wp\/v2\/pages\/5959\/revisions\/12057"}],"wp:attachment":[{"href":"https:\/\/www.bez.sk\/pl\/wp-json\/wp\/v2\/media?parent=5959"}],"curies":[{"name":"wp","href":"https:\/\/api.w.org\/{rel}","templated":true}]}}