{"id":1621,"date":"2024-09-18T16:30:26","date_gmt":"2024-09-18T14:30:26","guid":{"rendered":"https:\/\/www.bez.sk\/referenzen\/"},"modified":"2026-04-02T09:32:35","modified_gmt":"2026-04-02T07:32:35","slug":"referenzen","status":"publish","type":"page","link":"https:\/\/www.bez.sk\/de\/referenzen\/","title":{"rendered":"Referenzen"},"content":{"rendered":"<div id='av_section_1'  class='avia-section av-2y8pm-d84f7685521a57a8c063c6d6d7b61461 main_color avia-section-large avia-no-border-styling  avia-builder-el-0  el_before_av_section  avia-builder-el-first  subpage-banner avia-bg-style-scroll container_wrap fullsize'  ><div class='container av-section-cont-open' ><main  role=\"main\" itemprop=\"mainContentOfPage\"  class='template-page content  av-content-full alpha units'><div class='post-entry post-entry-type-page post-entry-1621'><div class='entry-content-wrapper clearfix'>\n<div  class='flex_column av-1y8vm-161ed8fbab29a172190ba079e49526d2 av_one_full  avia-builder-el-1  avia-builder-el-no-sibling  first flex_column_div  '     ><p>\n<style type=\"text\/css\" data-created_by=\"avia_inline_auto\" id=\"style-css-av-m3ona8zx-5d7685ab3e4124540ce80000231d4c22\">\n#top .av-special-heading.av-m3ona8zx-5d7685ab3e4124540ce80000231d4c22{\npadding-bottom:10px;\n}\nbody .av-special-heading.av-m3ona8zx-5d7685ab3e4124540ce80000231d4c22 .av-special-heading-tag .heading-char{\nfont-size:25px;\n}\n.av-special-heading.av-m3ona8zx-5d7685ab3e4124540ce80000231d4c22 .av-subheading{\nfont-size:15px;\n}\n<\/style>\n<div  class='av-special-heading av-m3ona8zx-5d7685ab3e4124540ce80000231d4c22 av-special-heading-h1 blockquote modern-quote  avia-builder-el-2  el_before_av_textblock  avia-builder-el-first '><h1 class='av-special-heading-tag '  itemprop=\"headline\"  >Referenzen<\/h1><div class=\"special-heading-border\"><div class=\"special-heading-inner-border\"><\/div><\/div><\/div><br \/>\n<section  class='av_textblock_section av-m3ona012-dedf32f51fac2d979431f6138b0644dc '   itemscope=\"itemscope\" itemtype=\"https:\/\/schema.org\/CreativeWork\" ><div class='avia_textblock'  itemprop=\"text\" ><p>Werfen Sie einen Blick auf unsere erfolgreichen Implementierungen und \u00fcberzeugen Sie sich selbst von der Qualit\u00e4t unserer L\u00f6sung.<\/p>\n<\/div><\/section><\/p><\/div>\n\n<\/div><\/div><\/main><!-- close content main element --><\/div><\/div><div id='av_section_2'  class='avia-section av-1s9iu-50b33ee96a8c8534f3335bf235dea31a main_color avia-section-default avia-no-border-styling  avia-builder-el-4  el_after_av_section  avia-builder-el-last  avia-bg-style-scroll container_wrap fullsize'  ><div class='container av-section-cont-open' ><div class='template-page content  av-content-full alpha units'><div class='post-entry post-entry-type-page post-entry-1621'><div class='entry-content-wrapper clearfix'>\n<div  class='flex_column av-oh9q-a7a5ca80fc980a63fc75f8f88603d46f av_one_full  avia-builder-el-5  avia-builder-el-no-sibling  first flex_column_div  '     ><\/div>\n\n","protected":false},"excerpt":{"rendered":"","protected":false},"author":3,"featured_media":0,"parent":0,"menu_order":0,"comment_status":"closed","ping_status":"closed","template":"","meta":{"footnotes":""},"class_list":["post-1621","page","type-page","status-publish","hentry"],"yoast_head":"<!-- This site is optimized with the Yoast SEO plugin v24.1 - https:\/\/yoast.com\/wordpress\/plugins\/seo\/ -->\n<title>Referenzen - BEZ Transform\u00e1tory<\/title>\n<meta name=\"robots\" content=\"index, follow, max-snippet:-1, max-image-preview:large, max-video-preview:-1\" \/>\n<link rel=\"canonical\" href=\"https:\/\/www.bez.sk\/de\/referenzen\/\" \/>\n<meta property=\"og:locale\" content=\"de_DE\" \/>\n<meta property=\"og:type\" content=\"article\" \/>\n<meta property=\"og:title\" content=\"Referenzen - BEZ Transform\u00e1tory\" \/>\n<meta property=\"og:url\" content=\"https:\/\/www.bez.sk\/de\/referenzen\/\" \/>\n<meta property=\"og:site_name\" content=\"BEZ Transform\u00e1tory\" \/>\n<meta property=\"article:modified_time\" content=\"2026-04-02T07:32:35+00:00\" \/>\n<meta name=\"twitter:card\" content=\"summary_large_image\" \/>\n<meta name=\"twitter:label1\" content=\"Gesch\u00e4tzte Lesezeit\" \/>\n\t<meta name=\"twitter:data1\" content=\"1\u00a0Minute\" \/>\n<script type=\"application\/ld+json\" class=\"yoast-schema-graph\">{\"@context\":\"https:\/\/schema.org\",\"@graph\":[{\"@type\":\"WebPage\",\"@id\":\"https:\/\/www.bez.sk\/de\/referenzen\/\",\"url\":\"https:\/\/www.bez.sk\/de\/referenzen\/\",\"name\":\"Referenzen - BEZ Transform\u00e1tory\",\"isPartOf\":{\"@id\":\"https:\/\/www.bez.sk\/de\/#website\"},\"datePublished\":\"2024-09-18T14:30:26+00:00\",\"dateModified\":\"2026-04-02T07:32:35+00:00\",\"breadcrumb\":{\"@id\":\"https:\/\/www.bez.sk\/de\/referenzen\/#breadcrumb\"},\"inLanguage\":\"de\",\"potentialAction\":[{\"@type\":\"ReadAction\",\"target\":[\"https:\/\/www.bez.sk\/de\/referenzen\/\"]}]},{\"@type\":\"BreadcrumbList\",\"@id\":\"https:\/\/www.bez.sk\/de\/referenzen\/#breadcrumb\",\"itemListElement\":[{\"@type\":\"ListItem\",\"position\":1,\"name\":\"Domovsk\u00e1 str\u00e1nka\",\"item\":\"https:\/\/www.bez.sk\/de\/%d0%b3%d0%be%d0%bb%d0%be%d0%b2%d0%bd%d0%b0-%d1%81%d1%82%d0%be%d1%80%d1%96%d0%bd%d0%ba%d0%b0\/\"},{\"@type\":\"ListItem\",\"position\":2,\"name\":\"Referenzen\"}]},{\"@type\":\"WebSite\",\"@id\":\"https:\/\/www.bez.sk\/de\/#website\",\"url\":\"https:\/\/www.bez.sk\/de\/\",\"name\":\"BEZ Transform\u00e1tory\",\"description\":\"\",\"potentialAction\":[{\"@type\":\"SearchAction\",\"target\":{\"@type\":\"EntryPoint\",\"urlTemplate\":\"https:\/\/www.bez.sk\/de\/?s={search_term_string}\"},\"query-input\":{\"@type\":\"PropertyValueSpecification\",\"valueRequired\":true,\"valueName\":\"search_term_string\"}}],\"inLanguage\":\"de\"}]}<\/script>\n<!-- \/ Yoast SEO plugin. -->","yoast_head_json":{"title":"Referenzen - BEZ Transform\u00e1tory","robots":{"index":"index","follow":"follow","max-snippet":"max-snippet:-1","max-image-preview":"max-image-preview:large","max-video-preview":"max-video-preview:-1"},"canonical":"https:\/\/www.bez.sk\/de\/referenzen\/","og_locale":"de_DE","og_type":"article","og_title":"Referenzen - BEZ Transform\u00e1tory","og_url":"https:\/\/www.bez.sk\/de\/referenzen\/","og_site_name":"BEZ Transform\u00e1tory","article_modified_time":"2026-04-02T07:32:35+00:00","twitter_card":"summary_large_image","twitter_misc":{"Gesch\u00e4tzte Lesezeit":"1\u00a0Minute"},"schema":{"@context":"https:\/\/schema.org","@graph":[{"@type":"WebPage","@id":"https:\/\/www.bez.sk\/de\/referenzen\/","url":"https:\/\/www.bez.sk\/de\/referenzen\/","name":"Referenzen - BEZ Transform\u00e1tory","isPartOf":{"@id":"https:\/\/www.bez.sk\/de\/#website"},"datePublished":"2024-09-18T14:30:26+00:00","dateModified":"2026-04-02T07:32:35+00:00","breadcrumb":{"@id":"https:\/\/www.bez.sk\/de\/referenzen\/#breadcrumb"},"inLanguage":"de","potentialAction":[{"@type":"ReadAction","target":["https:\/\/www.bez.sk\/de\/referenzen\/"]}]},{"@type":"BreadcrumbList","@id":"https:\/\/www.bez.sk\/de\/referenzen\/#breadcrumb","itemListElement":[{"@type":"ListItem","position":1,"name":"Domovsk\u00e1 str\u00e1nka","item":"https:\/\/www.bez.sk\/de\/%d0%b3%d0%be%d0%bb%d0%be%d0%b2%d0%bd%d0%b0-%d1%81%d1%82%d0%be%d1%80%d1%96%d0%bd%d0%ba%d0%b0\/"},{"@type":"ListItem","position":2,"name":"Referenzen"}]},{"@type":"WebSite","@id":"https:\/\/www.bez.sk\/de\/#website","url":"https:\/\/www.bez.sk\/de\/","name":"BEZ Transform\u00e1tory","description":"","potentialAction":[{"@type":"SearchAction","target":{"@type":"EntryPoint","urlTemplate":"https:\/\/www.bez.sk\/de\/?s={search_term_string}"},"query-input":{"@type":"PropertyValueSpecification","valueRequired":true,"valueName":"search_term_string"}}],"inLanguage":"de"}]}},"_links":{"self":[{"href":"https:\/\/www.bez.sk\/de\/wp-json\/wp\/v2\/pages\/1621","targetHints":{"allow":["GET"]}}],"collection":[{"href":"https:\/\/www.bez.sk\/de\/wp-json\/wp\/v2\/pages"}],"about":[{"href":"https:\/\/www.bez.sk\/de\/wp-json\/wp\/v2\/types\/page"}],"author":[{"embeddable":true,"href":"https:\/\/www.bez.sk\/de\/wp-json\/wp\/v2\/users\/3"}],"replies":[{"embeddable":true,"href":"https:\/\/www.bez.sk\/de\/wp-json\/wp\/v2\/comments?post=1621"}],"version-history":[{"count":11,"href":"https:\/\/www.bez.sk\/de\/wp-json\/wp\/v2\/pages\/1621\/revisions"}],"predecessor-version":[{"id":12045,"href":"https:\/\/www.bez.sk\/de\/wp-json\/wp\/v2\/pages\/1621\/revisions\/12045"}],"wp:attachment":[{"href":"https:\/\/www.bez.sk\/de\/wp-json\/wp\/v2\/media?parent=1621"}],"curies":[{"name":"wp","href":"https:\/\/api.w.org\/{rel}","templated":true}]}}