{"id":1587,"date":"2024-11-22T16:33:01","date_gmt":"2024-11-22T15:33:01","guid":{"rendered":"https:\/\/www.bez.sk\/spezielle-transformatoren\/"},"modified":"2026-03-31T13:22:13","modified_gmt":"2026-03-31T11:22:13","slug":"spezielle-transformatoren","status":"publish","type":"page","link":"https:\/\/www.bez.sk\/de\/spezielle-transformatoren\/","title":{"rendered":"Spezielle Transformatoren"},"content":{"rendered":"\n<style type=\"text\/css\" data-created_by=\"avia_inline_auto\" id=\"style-css-av-1ib0uu-f33bcbdaa9868e39f55e9362ea3da107\">\n.avia-section.av-1ib0uu-f33bcbdaa9868e39f55e9362ea3da107{\nbackground-repeat:no-repeat;\nbackground-image:url(https:\/\/www.bez.sk\/wp-content\/uploads\/2024\/11\/PF__3688.jpg);\nbackground-position:50% 50%;\nbackground-attachment:scroll;\n}\n.avia-section.av-1ib0uu-f33bcbdaa9868e39f55e9362ea3da107 .av-section-color-overlay{\nopacity:0.6;\nbackground-color:#092b7a;\n}\n<\/style>\n<div id='av_section_1'  class='avia-section av-1ib0uu-f33bcbdaa9868e39f55e9362ea3da107 main_color avia-section-large avia-no-border-styling  avia-builder-el-0  el_before_av_section  avia-builder-el-first  subpage-banner avia-full-stretch avia-bg-style-scroll av-section-color-overlay-active container_wrap fullsize'  data-section-bg-repeat='stretch'><div class=\"av-section-color-overlay-wrap\"><div class=\"av-section-color-overlay\"><\/div><div class='container av-section-cont-open' ><main  role=\"main\" itemprop=\"mainContentOfPage\"  class='template-page content  av-content-full alpha units'><div class='post-entry post-entry-type-page post-entry-1587'><div class='entry-content-wrapper clearfix'>\n<div  class='flex_column av-4wtfa-0bfa06ac4e31e8ee9d2917005e78780e av_one_full  avia-builder-el-1  avia-builder-el-no-sibling  first flex_column_div  '     ><p>\n<style type=\"text\/css\" data-created_by=\"avia_inline_auto\" id=\"style-css-av-m3n17cs2-f1042ea9b3c10f225eac9b491e7a7161\">\n#top .av-special-heading.av-m3n17cs2-f1042ea9b3c10f225eac9b491e7a7161{\npadding-bottom:10px;\n}\nbody .av-special-heading.av-m3n17cs2-f1042ea9b3c10f225eac9b491e7a7161 .av-special-heading-tag .heading-char{\nfont-size:25px;\n}\n.av-special-heading.av-m3n17cs2-f1042ea9b3c10f225eac9b491e7a7161 .av-subheading{\nfont-size:15px;\n}\n<\/style>\n<div  class='av-special-heading av-m3n17cs2-f1042ea9b3c10f225eac9b491e7a7161 av-special-heading-h1 blockquote modern-quote  avia-builder-el-2  el_before_av_textblock  avia-builder-el-first '><h1 class='av-special-heading-tag '  itemprop=\"headline\"  >Spezielle Transformatoren<\/h1><div class=\"special-heading-border\"><div class=\"special-heading-inner-border\"><\/div><\/div><\/div><br \/>\n<section  class='av_textblock_section av-m3ssd0ny-36151cd440ae458981ec1fc2813d8564 '   itemscope=\"itemscope\" itemtype=\"https:\/\/schema.org\/CreativeWork\" ><div class='avia_textblock'  itemprop=\"text\" ><p>Wir k\u00f6nnen auch Spezialtransformatoren nach Ihren Anforderungen herstellen. Verschiedene Arten von Spezialtransformatoren wie Wechselrichtertransformatoren, Erdtransformatoren, Transformatoren f\u00fcr erneuerbare Energien sowie Einphasentransformatoren f\u00fcr den Traktionsbereich.<\/p>\n<\/div><\/section><\/p><\/div>\n\n<\/div><\/div><\/main><!-- close content main element --><\/div><\/div><\/div><div id='av_section_2'  class='avia-section av-m3n1vy1b-7d2477e1dcf37490ddc0540920fd73c8 main_color avia-section-default avia-no-border-styling  avia-builder-el-4  el_after_av_section  avia-builder-el-last  popis-section tehnicke-specifikacije-section avia-bg-style-scroll container_wrap fullsize'  ><div class='container av-section-cont-open' ><div class='template-page content  av-content-full alpha units'><div class='post-entry post-entry-type-page post-entry-1587'><div class='entry-content-wrapper clearfix'>\n<div class='flex_column_table av-m3n24lf8-dcf8f6dfafb77c2f0049af734531af34 sc-av_three_fifth av-equal-height-column-flextable'><div  class='flex_column av-m3n24lf8-dcf8f6dfafb77c2f0049af734531af34 av_three_fifth  avia-builder-el-5  el_before_av_two_fifth  avia-builder-el-first  first flex_column_table_cell av-equal-height-column av-align-middle  '     ><p>\n<style type=\"text\/css\" data-created_by=\"avia_inline_auto\" id=\"style-css-av-m3sxt6z8-559432b360fe303ff4cea26f2a1f7197\">\n#top .av-special-heading.av-m3sxt6z8-559432b360fe303ff4cea26f2a1f7197{\npadding-bottom:10px;\n}\nbody .av-special-heading.av-m3sxt6z8-559432b360fe303ff4cea26f2a1f7197 .av-special-heading-tag .heading-char{\nfont-size:25px;\n}\n.av-special-heading.av-m3sxt6z8-559432b360fe303ff4cea26f2a1f7197 .av-subheading{\nfont-size:15px;\n}\n<\/style>\n<div  class='av-special-heading av-m3sxt6z8-559432b360fe303ff4cea26f2a1f7197 av-special-heading-h3 blockquote modern-quote  avia-builder-el-6  el_before_av_textblock  avia-builder-el-first  tehnicke-specifikacije-section-headling'><h3 class='av-special-heading-tag '  itemprop=\"headline\"  >Arten von Spezialtransformatoren:<\/h3><div class=\"special-heading-border\"><div class=\"special-heading-inner-border\"><\/div><\/div><\/div><br \/>\n<section  class='av_textblock_section av-m3swwc53-63997ce67e14b409403c54819595ce6c '   itemscope=\"itemscope\" itemtype=\"https:\/\/schema.org\/CreativeWork\" ><div class='avia_textblock'  itemprop=\"text\" ><h3><\/h3>\n<ul>\n<li><strong>Zusammenschaltbare Transformatoren<\/strong> &#8211; geben Ihnen die M\u00f6glichkeit, das Spannungsniveau innerhalb einer einzigen Einheit auf einer oder beiden Wicklungen schnell und einfach zu \u00e4ndern (und damit Ihrem System Flexibilit\u00e4t zu verleihen).<\/li>\n<li><strong>Transformatoren mit drei Eing\u00e4ngen<\/strong> &#8211; werden f\u00fcr komplexe elektrische Systeme verwendet, in denen sie die gleichzeitige Umwandlung von elektrischer Energie zwischen mehreren Spannungsebenen in einem einzigen Ger\u00e4t erm\u00f6glichen<\/li>\n<li><strong>Wechselrichter-Transformatoren<\/strong> &#8211; wurden speziell f\u00fcr Frequenzumrichter-Anwendungen wie Windparks und Industrieantriebe entwickelt und sind der Schl\u00fcssel zum Betrieb von erneuerbaren Energiequellen (\u00e4hnlich dem Typ, der f\u00fcr erneuerbare Energien verwendet wird).<\/li>\n<li><strong>Einphasentransformatoren<\/strong> &#8211; liefern zuverl\u00e4ssigen Strom f\u00fcr Verteilernetze in Privathaushalten und in der Leichtindustrie.<\/li>\n<li><strong>Erregertransformatoren<\/strong> &#8211; gew\u00e4hrleisten einen stabilen Betrieb und eine effiziente Spannungsregelung von Generatoren und Synchronmotoren.<\/li>\n<li><strong>Erdschlusswandler<\/strong> &#8211; sch\u00fctzen Ger\u00e4te und Menschen vor Stromschl\u00e4gen, indem sie einen kontrollierten Pfad mit niedriger Impedanz f\u00fcr Erdschlussstr\u00f6me schaffen.<\/li>\n<\/ul>\n<\/div><\/section><\/p><\/div><div class='av-flex-placeholder'><\/div><div  class='flex_column av-8lolq-b5bfcfa6e4bae80603598a615764d0ee av_two_fifth  avia-builder-el-8  el_after_av_three_fifth  el_before_av_one_full  flex_column_table_cell av-equal-height-column av-align-middle  '     ><style type=\"text\/css\" data-created_by=\"avia_inline_auto\" id=\"style-css-av-m3n1ye8b-ebf74a1f61675560fc95ab8ef2c0eef9\">\n.avia-image-container.av-m3n1ye8b-ebf74a1f61675560fc95ab8ef2c0eef9 img.avia_image{\nbox-shadow:none;\n}\n.avia-image-container.av-m3n1ye8b-ebf74a1f61675560fc95ab8ef2c0eef9 .av-image-caption-overlay-center{\ncolor:#ffffff;\n}\n<\/style>\n<div  class='avia-image-container av-m3n1ye8b-ebf74a1f61675560fc95ab8ef2c0eef9 av-styling- avia-align-center  avia-builder-el-9  avia-builder-el-no-sibling  specialne-image'   itemprop=\"image\" itemscope=\"itemscope\" itemtype=\"https:\/\/schema.org\/ImageObject\" ><div class=\"avia-image-container-inner\"><div class=\"avia-image-overlay-wrap\"><img decoding=\"async\" fetchpriority=\"high\" class='wp-image-1510 avia-img-lazy-loading-not-1510 avia_image ' src=\"https:\/\/www.bez.sk\/wp-content\/uploads\/2024\/12\/Dizajn-bez-nazvu-2.png\" alt='' title='Dizajn bez na\u0301zvu (2)'  height=\"2000\" width=\"1924\"  itemprop=\"thumbnailUrl\" srcset=\"https:\/\/www.bez.sk\/wp-content\/uploads\/2024\/12\/Dizajn-bez-nazvu-2.png 1924w, https:\/\/www.bez.sk\/wp-content\/uploads\/2024\/12\/Dizajn-bez-nazvu-2-289x300.png 289w, https:\/\/www.bez.sk\/wp-content\/uploads\/2024\/12\/Dizajn-bez-nazvu-2-991x1030.png 991w, https:\/\/www.bez.sk\/wp-content\/uploads\/2024\/12\/Dizajn-bez-nazvu-2-768x798.png 768w, https:\/\/www.bez.sk\/wp-content\/uploads\/2024\/12\/Dizajn-bez-nazvu-2-1478x1536.png 1478w, https:\/\/www.bez.sk\/wp-content\/uploads\/2024\/12\/Dizajn-bez-nazvu-2-36x36.png 36w, https:\/\/www.bez.sk\/wp-content\/uploads\/2024\/12\/Dizajn-bez-nazvu-2-1443x1500.png 1443w, https:\/\/www.bez.sk\/wp-content\/uploads\/2024\/12\/Dizajn-bez-nazvu-2-678x705.png 678w\" sizes=\"(max-width: 1924px) 100vw, 1924px\" \/><\/div><\/div><\/div><\/div><\/div><!--close column table wrapper. Autoclose: 1 --><div  class='flex_column av-7ytje-dde7bd6f13141959f6b47df8c0ef07bb av_one_full  avia-builder-el-10  el_after_av_two_fifth  el_before_av_one_full  first flex_column_div  '     ><section  class='av_textblock_section av-m472h59q-a9eb3aae098248524e0eefe980becd2c '   itemscope=\"itemscope\" itemtype=\"https:\/\/schema.org\/CreativeWork\" ><div class='avia_textblock'  itemprop=\"text\" ><p>Wir bieten auch professionelle Unterst\u00fctzung bei der Installation, mehr <strong><a href=\"http:\/\/www.bez.sk\/instalacia-pod-dohladom\/\">HIER<\/a><\/strong>. Wir stellen auch Autotransformatoren, Schwei\u00dftransformatoren, Trenntransformatoren und Drosseln her.<\/p>\n<\/div><\/section><\/div><div  class='flex_column av-p2ifa-6b571184329657ab45b9e240f5a45937 av_one_full  avia-builder-el-12  el_after_av_one_full  avia-builder-el-last  first flex_column_div  column-top-margin'     ><p>\n<style type=\"text\/css\" data-created_by=\"avia_inline_auto\" id=\"style-css-av-m3stwg0f-6f6e7a436c544f7e79f770d754189215\">\n#top .hr.hr-invisible.av-m3stwg0f-6f6e7a436c544f7e79f770d754189215{\nheight:50px;\n}\n<\/style>\n<div  class='hr av-m3stwg0f-6f6e7a436c544f7e79f770d754189215 hr-invisible  avia-builder-el-13  el_before_av_buttonrow  avia-builder-el-first '><span class='hr-inner '><span class=\"hr-inner-style\"><\/span><\/span><\/div><br \/>\n<div  class='avia-buttonrow-wrap av-m3st6xtu-8a2296fa88eb614076a4a0d8319748f8 avia-buttonrow-center  avia-builder-el-14  el_after_av_hr  avia-builder-el-last '>\n\n<style type=\"text\/css\" data-created_by=\"avia_inline_auto\" id=\"style-css-av-m3st5uqu-00f7f245f46b99f125c4e4b8862332ab\">\n#top #wrap_all .avia-button.av-m3st5uqu-00f7f245f46b99f125c4e4b8862332ab{\nmargin-bottom:5px;\nmargin-right:3px;\nmargin-left:3px;\n}\n<\/style>\n<a href='https:\/\/www.bez.sk\/de\/anfrageformular\/'  class='avia-button av-m3st5uqu-00f7f245f46b99f125c4e4b8862332ab avia-icon_select-no avia-size-large avia-color-theme-color'   aria-label=\"Anfrageformular\"><span class='avia_iconbox_title' >Anfrageformular<\/span><\/a>\n<\/div><\/p><\/div>\n","protected":false},"excerpt":{"rendered":"","protected":false},"author":3,"featured_media":0,"parent":0,"menu_order":0,"comment_status":"closed","ping_status":"closed","template":"","meta":{"footnotes":""},"class_list":["post-1587","page","type-page","status-publish","hentry"],"yoast_head":"<!-- This site is optimized with the Yoast SEO plugin v24.1 - https:\/\/yoast.com\/wordpress\/plugins\/seo\/ -->\n<title>Spezielle Transformatoren - BEZ Transform\u00e1tory<\/title>\n<meta name=\"robots\" content=\"index, follow, max-snippet:-1, max-image-preview:large, max-video-preview:-1\" \/>\n<link rel=\"canonical\" href=\"https:\/\/www.bez.sk\/de\/spezielle-transformatoren\/\" \/>\n<meta property=\"og:locale\" content=\"de_DE\" \/>\n<meta property=\"og:type\" content=\"article\" \/>\n<meta property=\"og:title\" content=\"Spezielle Transformatoren - BEZ Transform\u00e1tory\" \/>\n<meta property=\"og:url\" content=\"https:\/\/www.bez.sk\/de\/spezielle-transformatoren\/\" \/>\n<meta property=\"og:site_name\" content=\"BEZ Transform\u00e1tory\" \/>\n<meta property=\"article:modified_time\" content=\"2026-03-31T11:22:13+00:00\" \/>\n<meta name=\"twitter:card\" content=\"summary_large_image\" \/>\n<meta name=\"twitter:label1\" content=\"Gesch\u00e4tzte Lesezeit\" \/>\n\t<meta name=\"twitter:data1\" content=\"23\u00a0Minuten\" \/>\n<script type=\"application\/ld+json\" class=\"yoast-schema-graph\">{\"@context\":\"https:\/\/schema.org\",\"@graph\":[{\"@type\":\"WebPage\",\"@id\":\"https:\/\/www.bez.sk\/de\/spezielle-transformatoren\/\",\"url\":\"https:\/\/www.bez.sk\/de\/spezielle-transformatoren\/\",\"name\":\"Spezielle Transformatoren - BEZ Transform\u00e1tory\",\"isPartOf\":{\"@id\":\"https:\/\/www.bez.sk\/de\/#website\"},\"datePublished\":\"2024-11-22T15:33:01+00:00\",\"dateModified\":\"2026-03-31T11:22:13+00:00\",\"breadcrumb\":{\"@id\":\"https:\/\/www.bez.sk\/de\/spezielle-transformatoren\/#breadcrumb\"},\"inLanguage\":\"de\",\"potentialAction\":[{\"@type\":\"ReadAction\",\"target\":[\"https:\/\/www.bez.sk\/de\/spezielle-transformatoren\/\"]}]},{\"@type\":\"BreadcrumbList\",\"@id\":\"https:\/\/www.bez.sk\/de\/spezielle-transformatoren\/#breadcrumb\",\"itemListElement\":[{\"@type\":\"ListItem\",\"position\":1,\"name\":\"Domovsk\u00e1 str\u00e1nka\",\"item\":\"https:\/\/www.bez.sk\/de\/%d0%b3%d0%be%d0%bb%d0%be%d0%b2%d0%bd%d0%b0-%d1%81%d1%82%d0%be%d1%80%d1%96%d0%bd%d0%ba%d0%b0\/\"},{\"@type\":\"ListItem\",\"position\":2,\"name\":\"Spezielle Transformatoren\"}]},{\"@type\":\"WebSite\",\"@id\":\"https:\/\/www.bez.sk\/de\/#website\",\"url\":\"https:\/\/www.bez.sk\/de\/\",\"name\":\"BEZ Transform\u00e1tory\",\"description\":\"\",\"potentialAction\":[{\"@type\":\"SearchAction\",\"target\":{\"@type\":\"EntryPoint\",\"urlTemplate\":\"https:\/\/www.bez.sk\/de\/?s={search_term_string}\"},\"query-input\":{\"@type\":\"PropertyValueSpecification\",\"valueRequired\":true,\"valueName\":\"search_term_string\"}}],\"inLanguage\":\"de\"}]}<\/script>\n<!-- \/ Yoast SEO plugin. -->","yoast_head_json":{"title":"Spezielle Transformatoren - BEZ Transform\u00e1tory","robots":{"index":"index","follow":"follow","max-snippet":"max-snippet:-1","max-image-preview":"max-image-preview:large","max-video-preview":"max-video-preview:-1"},"canonical":"https:\/\/www.bez.sk\/de\/spezielle-transformatoren\/","og_locale":"de_DE","og_type":"article","og_title":"Spezielle Transformatoren - BEZ Transform\u00e1tory","og_url":"https:\/\/www.bez.sk\/de\/spezielle-transformatoren\/","og_site_name":"BEZ Transform\u00e1tory","article_modified_time":"2026-03-31T11:22:13+00:00","twitter_card":"summary_large_image","twitter_misc":{"Gesch\u00e4tzte Lesezeit":"23\u00a0Minuten"},"schema":{"@context":"https:\/\/schema.org","@graph":[{"@type":"WebPage","@id":"https:\/\/www.bez.sk\/de\/spezielle-transformatoren\/","url":"https:\/\/www.bez.sk\/de\/spezielle-transformatoren\/","name":"Spezielle Transformatoren - BEZ Transform\u00e1tory","isPartOf":{"@id":"https:\/\/www.bez.sk\/de\/#website"},"datePublished":"2024-11-22T15:33:01+00:00","dateModified":"2026-03-31T11:22:13+00:00","breadcrumb":{"@id":"https:\/\/www.bez.sk\/de\/spezielle-transformatoren\/#breadcrumb"},"inLanguage":"de","potentialAction":[{"@type":"ReadAction","target":["https:\/\/www.bez.sk\/de\/spezielle-transformatoren\/"]}]},{"@type":"BreadcrumbList","@id":"https:\/\/www.bez.sk\/de\/spezielle-transformatoren\/#breadcrumb","itemListElement":[{"@type":"ListItem","position":1,"name":"Domovsk\u00e1 str\u00e1nka","item":"https:\/\/www.bez.sk\/de\/%d0%b3%d0%be%d0%bb%d0%be%d0%b2%d0%bd%d0%b0-%d1%81%d1%82%d0%be%d1%80%d1%96%d0%bd%d0%ba%d0%b0\/"},{"@type":"ListItem","position":2,"name":"Spezielle Transformatoren"}]},{"@type":"WebSite","@id":"https:\/\/www.bez.sk\/de\/#website","url":"https:\/\/www.bez.sk\/de\/","name":"BEZ Transform\u00e1tory","description":"","potentialAction":[{"@type":"SearchAction","target":{"@type":"EntryPoint","urlTemplate":"https:\/\/www.bez.sk\/de\/?s={search_term_string}"},"query-input":{"@type":"PropertyValueSpecification","valueRequired":true,"valueName":"search_term_string"}}],"inLanguage":"de"}]}},"_links":{"self":[{"href":"https:\/\/www.bez.sk\/de\/wp-json\/wp\/v2\/pages\/1587","targetHints":{"allow":["GET"]}}],"collection":[{"href":"https:\/\/www.bez.sk\/de\/wp-json\/wp\/v2\/pages"}],"about":[{"href":"https:\/\/www.bez.sk\/de\/wp-json\/wp\/v2\/types\/page"}],"author":[{"embeddable":true,"href":"https:\/\/www.bez.sk\/de\/wp-json\/wp\/v2\/users\/3"}],"replies":[{"embeddable":true,"href":"https:\/\/www.bez.sk\/de\/wp-json\/wp\/v2\/comments?post=1587"}],"version-history":[{"count":11,"href":"https:\/\/www.bez.sk\/de\/wp-json\/wp\/v2\/pages\/1587\/revisions"}],"predecessor-version":[{"id":12055,"href":"https:\/\/www.bez.sk\/de\/wp-json\/wp\/v2\/pages\/1587\/revisions\/12055"}],"wp:attachment":[{"href":"https:\/\/www.bez.sk\/de\/wp-json\/wp\/v2\/media?parent=1587"}],"curies":[{"name":"wp","href":"https:\/\/api.w.org\/{rel}","templated":true}]}}