{"id":1582,"date":"2024-11-16T15:05:12","date_gmt":"2024-11-16T14:05:12","guid":{"rendered":"https:\/\/www.bez.sk\/kataloge\/"},"modified":"2026-04-02T09:25:18","modified_gmt":"2026-04-02T07:25:18","slug":"kataloge","status":"publish","type":"page","link":"https:\/\/www.bez.sk\/de\/kataloge\/","title":{"rendered":"Kataloge"},"content":{"rendered":"<div id='av_section_1'  class='avia-section av-1hkjs-0ed5fcecefd92ac99e3a568e0e4b5e59 main_color avia-section-large avia-no-border-styling  avia-builder-el-0  el_before_av_section  avia-builder-el-first  subpage-banner avia-bg-style-scroll container_wrap fullsize'  ><div class='container av-section-cont-open' ><main  role=\"main\" itemprop=\"mainContentOfPage\"  class='template-page content  av-content-full alpha units'><div class='post-entry post-entry-type-page post-entry-1582'><div class='entry-content-wrapper clearfix'>\n<div  class='flex_column av-96shk-f60adca8f8d5e0494cd1afea1f669c3a av_one_full  avia-builder-el-1  avia-builder-el-no-sibling  first flex_column_div  '     ><p>\n<style type=\"text\/css\" data-created_by=\"avia_inline_auto\" id=\"style-css-av-m3j9fm82-0be47d56760a590679c3daa454b375c9\">\n#top .av-special-heading.av-m3j9fm82-0be47d56760a590679c3daa454b375c9{\npadding-bottom:10px;\n}\nbody .av-special-heading.av-m3j9fm82-0be47d56760a590679c3daa454b375c9 .av-special-heading-tag .heading-char{\nfont-size:25px;\n}\n.av-special-heading.av-m3j9fm82-0be47d56760a590679c3daa454b375c9 .av-subheading{\nfont-size:15px;\n}\n<\/style>\n<div  class='av-special-heading av-m3j9fm82-0be47d56760a590679c3daa454b375c9 av-special-heading-h1 blockquote modern-quote  avia-builder-el-2  el_before_av_textblock  avia-builder-el-first '><h1 class='av-special-heading-tag '  itemprop=\"headline\"  >Kataloge<\/h1><div class=\"special-heading-border\"><div class=\"special-heading-inner-border\"><\/div><\/div><\/div><br \/>\n\n<style type=\"text\/css\" data-created_by=\"avia_inline_auto\" id=\"style-css-av-m3j9gojd-2c44a264a585a3e8372b373caa5c0025\">\n#top .av_textblock_section.av-m3j9gojd-2c44a264a585a3e8372b373caa5c0025 .avia_textblock{\ncolor:#ffffff;\n}\n<\/style>\n<section  class='av_textblock_section av-m3j9gojd-2c44a264a585a3e8372b373caa5c0025 '   itemscope=\"itemscope\" itemtype=\"https:\/\/schema.org\/CreativeWork\" ><div class='avia_textblock av_inherit_color'  itemprop=\"text\" ><p>\u00dcbersicht \u00fcber unsere verf\u00fcgbaren Produktkataloge zum Download<\/p>\n<\/div><\/section><\/p><\/div>\n\n<\/div><\/div><\/main><!-- close content main element --><\/div><\/div><div id='av_section_2'  class='avia-section av-m3jyeeof-a6b9276884cdd9e904fd9eba11ab41a7 main_color avia-section-default avia-no-border-styling  avia-builder-el-4  el_after_av_section  el_before_av_section  stiahnite-si-katalogy-section avia-bg-style-scroll container_wrap fullsize'  ><div class='container av-section-cont-open' ><div class='template-page content  av-content-full alpha units'><div class='post-entry post-entry-type-page post-entry-1582'><div class='entry-content-wrapper clearfix'>\n<div  class='flex_column av-34qisg-c0b680cfb3c3065e8562c0129c5c4ff6 av_one_full  avia-builder-el-5  el_before_av_heading  avia-builder-el-first  initro-text-col first flex_column_div  '     ><section  class='av_textblock_section av-2vsjqo-822cdd595eb27d2e1a7ba29f969ec45b '   itemscope=\"itemscope\" itemtype=\"https:\/\/schema.org\/CreativeWork\" ><div class='avia_textblock'  itemprop=\"text\" ><div class=\"title-container\">\n<div class=\"line\"><\/div>\n<p class=\"title\" style=\"text-align: center;\">\u00dcBERBLICK<\/p>\n<div class=\"line\"><\/div>\n<\/div>\n<\/div><\/section><\/div>\n<style type=\"text\/css\" data-created_by=\"avia_inline_auto\" id=\"style-css-av-m3k8jvle-6b1095131c50f55c93b22a3f61b65efb\">\n#top .av-special-heading.av-m3k8jvle-6b1095131c50f55c93b22a3f61b65efb{\npadding-bottom:10px;\n}\nbody .av-special-heading.av-m3k8jvle-6b1095131c50f55c93b22a3f61b65efb .av-special-heading-tag .heading-char{\nfont-size:25px;\n}\n.av-special-heading.av-m3k8jvle-6b1095131c50f55c93b22a3f61b65efb .av-subheading{\nfont-size:15px;\n}\n<\/style>\n<div  class='av-special-heading av-m3k8jvle-6b1095131c50f55c93b22a3f61b65efb av-special-heading-h2 blockquote modern-quote modern-centered  avia-builder-el-7  el_after_av_one_full  el_before_av_one_third '><h2 class='av-special-heading-tag '  itemprop=\"headline\"  >Laden Sie unsere Kataloge herunter<\/h2><div class=\"special-heading-border\"><div class=\"special-heading-inner-border\"><\/div><\/div><\/div>\n\n<style type=\"text\/css\" data-created_by=\"avia_inline_auto\" id=\"style-css-av-7vuo8-9bd187ee3dc1759eb5b115ecb93af5ca\">\n.flex_column.av-7vuo8-9bd187ee3dc1759eb5b115ecb93af5ca{\nborder-radius:15px 15px 15px 15px;\npadding:40px 20px 40px 20px;\nbackground-color:#f9f9f9;\n}\n<\/style>\n<div  class='flex_column av-7vuo8-9bd187ee3dc1759eb5b115ecb93af5ca av_one_third  avia-builder-el-8  el_after_av_heading  el_before_av_one_third  first flex_column_div  '     ><p>\n<style type=\"text\/css\" data-created_by=\"avia_inline_auto\" id=\"style-css-av-m3k8nvxf-695b218d9f8646fed15ac533dc998d70\">\n.avia-image-container.av-m3k8nvxf-695b218d9f8646fed15ac533dc998d70 img.avia_image{\nbox-shadow:none;\n}\n.avia-image-container.av-m3k8nvxf-695b218d9f8646fed15ac533dc998d70 .av-image-caption-overlay-center{\ncolor:#ffffff;\n}\n<\/style>\n<div  class='avia-image-container av-m3k8nvxf-695b218d9f8646fed15ac533dc998d70 av-styling- avia-align-center  avia-builder-el-9  el_before_av_textblock  avia-builder-el-first '   itemprop=\"image\" itemscope=\"itemscope\" itemtype=\"https:\/\/schema.org\/ImageObject\" ><div class=\"avia-image-container-inner\"><div class=\"avia-image-overlay-wrap\"><img decoding=\"async\" fetchpriority=\"high\" class='wp-image-3293 avia-img-lazy-loading-not-3293 avia_image ' src=\"https:\/\/www.bez.sk\/wp-content\/uploads\/2025\/03\/Kvapalinou-plnene-transformatory-stredneho-vykonu-212x300.png\" alt='' title='Kvapalinou plnene\u0301 transforma\u0301tory stredne\u0301ho vy\u0301konu'  height=\"300\" width=\"212\"  itemprop=\"thumbnailUrl\" srcset=\"https:\/\/www.bez.sk\/wp-content\/uploads\/2025\/03\/Kvapalinou-plnene-transformatory-stredneho-vykonu-212x300.png 212w, https:\/\/www.bez.sk\/wp-content\/uploads\/2025\/03\/Kvapalinou-plnene-transformatory-stredneho-vykonu-729x1030.png 729w, https:\/\/www.bez.sk\/wp-content\/uploads\/2025\/03\/Kvapalinou-plnene-transformatory-stredneho-vykonu-768x1085.png 768w, https:\/\/www.bez.sk\/wp-content\/uploads\/2025\/03\/Kvapalinou-plnene-transformatory-stredneho-vykonu-499x705.png 499w, https:\/\/www.bez.sk\/wp-content\/uploads\/2025\/03\/Kvapalinou-plnene-transformatory-stredneho-vykonu.png 960w\" sizes=\"(max-width: 212px) 100vw, 212px\" \/><\/div><\/div><\/div><br \/>\n<section  class='av_textblock_section av-m3j9psq9-71a252b8bec59345d78801b147a3870a '   itemscope=\"itemscope\" itemtype=\"https:\/\/schema.org\/CreativeWork\" ><div class='avia_textblock'  itemprop=\"text\" ><p style=\"text-align: center;\">Fl\u00fcssigkeitsgef\u00fcllte Transformatoren f\u00fcr mittlere Leistungen<\/p>\n<\/div><\/section><br \/>\n<div  class='avia-button-wrap av-m3j9q798-6579b9f9df46706eb67ab692b0391a3d-wrap avia-button-center  avia-builder-el-11  el_after_av_textblock  avia-builder-el-last '><a href='https:\/\/www.bez.sk\/wp-content\/uploads\/2025\/04\/BEZ-Flussigkeitsgefullte-Transformatoren-05-2025-DE.pdf'  class='avia-button av-m3j9q798-6579b9f9df46706eb67ab692b0391a3d av-link-btn avia-icon_select-no avia-size-medium avia-position-center avia-color-theme-color'  target=\"_blank\"  rel=\"noopener noreferrer\"  aria-label=\"Herunterladen\"><span class='avia_iconbox_title' >Herunterladen<\/span><\/a><\/div><\/p><\/div>\n<style type=\"text\/css\" data-created_by=\"avia_inline_auto\" id=\"style-css-av-m3kabgr3-d9995b1f93b5768b7e1d0ae60d552e14\">\n.flex_column.av-m3kabgr3-d9995b1f93b5768b7e1d0ae60d552e14{\nborder-radius:15px 15px 15px 15px;\npadding:40px 20px 40px 20px;\nbackground-color:#f9f9f9;\n}\n<\/style>\n<div  class='flex_column av-m3kabgr3-d9995b1f93b5768b7e1d0ae60d552e14 av_one_third  avia-builder-el-12  el_after_av_one_third  el_before_av_one_third  flex_column_div  '     ><p>\n<style type=\"text\/css\" data-created_by=\"avia_inline_auto\" id=\"style-css-av-2c8jn1-b6916877f02e3b88741c1ed2aaeb52fd\">\n.avia-image-container.av-2c8jn1-b6916877f02e3b88741c1ed2aaeb52fd img.avia_image{\nbox-shadow:none;\n}\n.avia-image-container.av-2c8jn1-b6916877f02e3b88741c1ed2aaeb52fd .av-image-caption-overlay-center{\ncolor:#ffffff;\n}\n<\/style>\n<div  class='avia-image-container av-2c8jn1-b6916877f02e3b88741c1ed2aaeb52fd av-styling- avia-align-center  avia-builder-el-13  el_before_av_textblock  avia-builder-el-first '   itemprop=\"image\" itemscope=\"itemscope\" itemtype=\"https:\/\/schema.org\/ImageObject\" ><div class=\"avia-image-container-inner\"><div class=\"avia-image-overlay-wrap\"><img decoding=\"async\" fetchpriority=\"high\" class='wp-image-5426 avia-img-lazy-loading-not-5426 avia_image ' src=\"https:\/\/www.bez.sk\/wp-content\/uploads\/2025\/05\/bez-transformatory-liatinove-214x300.jpg\" alt='' title='bez-transformatory-liatinove'  height=\"300\" width=\"214\"  itemprop=\"thumbnailUrl\" srcset=\"https:\/\/www.bez.sk\/wp-content\/uploads\/2025\/05\/bez-transformatory-liatinove-214x300.jpg 214w, https:\/\/www.bez.sk\/wp-content\/uploads\/2025\/05\/bez-transformatory-liatinove.jpg 500w\" sizes=\"(max-width: 214px) 100vw, 214px\" \/><\/div><\/div><\/div><br \/>\n<section  class='av_textblock_section av-m3ka3y5f-2136952c2e0b773b620dc210ec9d75e0 '   itemscope=\"itemscope\" itemtype=\"https:\/\/schema.org\/CreativeWork\" ><div class='avia_textblock'  itemprop=\"text\" ><p style=\"text-align: center;\">Mittlere Leistungstransformatoren mit Gussisolierung<\/p>\n<\/div><\/section><br \/>\n<div  class='avia-button-wrap av-7zyut-403d6ff60f4bded2116c03ea6d178018-wrap avia-button-center  avia-builder-el-15  el_after_av_textblock  avia-builder-el-last '><a href='https:\/\/www.bez.sk\/wp-content\/uploads\/2025\/04\/GIEC39FHARZ_-_TRANSFORMATOREN_05_2025_DE.pdf'  class='avia-button av-7zyut-403d6ff60f4bded2116c03ea6d178018 av-link-btn avia-icon_select-no avia-size-medium avia-position-center avia-color-theme-color'  target=\"_blank\"  rel=\"noopener noreferrer\"  aria-label=\"Herunterladen\"><span class='avia_iconbox_title' >Herunterladen<\/span><\/a><\/div><\/p><\/div>\n<style type=\"text\/css\" data-created_by=\"avia_inline_auto\" id=\"style-css-av-m3kabpcs-5afb12da92f0a78edf9d5fc699e7fc1e\">\n.flex_column.av-m3kabpcs-5afb12da92f0a78edf9d5fc699e7fc1e{\nborder-radius:15px 15px 15px 15px;\npadding:40px 20px 40px 20px;\nbackground-color:#f9f9f9;\n}\n<\/style>\n<div  class='flex_column av-m3kabpcs-5afb12da92f0a78edf9d5fc699e7fc1e av_one_third  avia-builder-el-16  el_after_av_one_third  avia-builder-el-last  flex_column_div  '     ><p>\n<style type=\"text\/css\" data-created_by=\"avia_inline_auto\" id=\"style-css-av-254qj9-126ac4e1497ca6cbb3c6dc752a1eb253\">\n.avia-image-container.av-254qj9-126ac4e1497ca6cbb3c6dc752a1eb253 img.avia_image{\nbox-shadow:none;\n}\n.avia-image-container.av-254qj9-126ac4e1497ca6cbb3c6dc752a1eb253 .av-image-caption-overlay-center{\ncolor:#ffffff;\n}\n<\/style>\n<div  class='avia-image-container av-254qj9-126ac4e1497ca6cbb3c6dc752a1eb253 av-styling- avia-align-center  avia-builder-el-17  el_before_av_textblock  avia-builder-el-first '   itemprop=\"image\" itemscope=\"itemscope\" itemtype=\"https:\/\/schema.org\/ImageObject\" ><div class=\"avia-image-container-inner\"><div class=\"avia-image-overlay-wrap\"><img decoding=\"async\" fetchpriority=\"high\" class='wp-image-3299 avia-img-lazy-loading-not-3299 avia_image ' src=\"https:\/\/www.bez.sk\/wp-content\/uploads\/2025\/03\/Transformatory-urcene-pre-obnovitelne-zdroje-energie-212x300.png\" alt='' title='Transforma\u0301tory urc\u030cene\u0301 pre obnovitel\u030cne\u0301 zdroje energie'  height=\"300\" width=\"212\"  itemprop=\"thumbnailUrl\" srcset=\"https:\/\/www.bez.sk\/wp-content\/uploads\/2025\/03\/Transformatory-urcene-pre-obnovitelne-zdroje-energie-212x300.png 212w, https:\/\/www.bez.sk\/wp-content\/uploads\/2025\/03\/Transformatory-urcene-pre-obnovitelne-zdroje-energie-728x1030.png 728w, https:\/\/www.bez.sk\/wp-content\/uploads\/2025\/03\/Transformatory-urcene-pre-obnovitelne-zdroje-energie-768x1086.png 768w, https:\/\/www.bez.sk\/wp-content\/uploads\/2025\/03\/Transformatory-urcene-pre-obnovitelne-zdroje-energie-498x705.png 498w, https:\/\/www.bez.sk\/wp-content\/uploads\/2025\/03\/Transformatory-urcene-pre-obnovitelne-zdroje-energie.png 960w\" sizes=\"(max-width: 212px) 100vw, 212px\" \/><\/div><\/div><\/div><br \/>\n<section  class='av_textblock_section av-m3ka4hnv-85354e42f71d0dd73bc5af382e5de1a6 '   itemscope=\"itemscope\" itemtype=\"https:\/\/schema.org\/CreativeWork\" ><div class='avia_textblock'  itemprop=\"text\" ><p style=\"text-align: center;\">Transformatoren f\u00fcr erneuerbare Energiequellen<\/p>\n<\/div><\/section><br \/>\n<div  class='avia-button-wrap av-1yts0d-b6f2da4a36446d821421f2574f1d64aa-wrap avia-button-center  avia-builder-el-19  el_after_av_textblock  avia-builder-el-last '><a href='https:\/\/www.bez.sk\/wp-content\/uploads\/2025\/04\/BEZ-Transformatoren-fur-erneuerbare-Energiequellen-05-2025-DE.pdf'  class='avia-button av-1yts0d-b6f2da4a36446d821421f2574f1d64aa av-link-btn avia-icon_select-no avia-size-medium avia-position-center avia-color-theme-color'  target=\"_blank\"  rel=\"noopener noreferrer\"  aria-label=\"Herunterladen\"><span class='avia_iconbox_title' >Herunterladen<\/span><\/a><\/div><\/p><\/div><\/div><\/div><\/div><!-- close content main div --><\/div><\/div><div id='av_section_3'  class='avia-section av-20bxut-771fbcfcbe2d0a75f8de7ea238b8bbea main_color avia-section-default avia-no-border-styling  avia-builder-el-20  el_after_av_section  avia-builder-el-last  kontakty-section avia-bg-style-scroll container_wrap fullsize'  ><div class='container av-section-cont-open' ><div class='template-page content  av-content-full alpha units'><div class='post-entry post-entry-type-page post-entry-1582'><div class='entry-content-wrapper clearfix'>\n<div  class='flex_column av-1yhfkd-0bf1da6f5771629fc85751f46806f6f5 av_one_full  avia-builder-el-21  el_before_av_one_half  avia-builder-el-first  initro-text-col first flex_column_div  '     ><section  class='av_textblock_section av-1qzckl-2533b5f1da91ab13cedc4e694e292803 '   itemscope=\"itemscope\" itemtype=\"https:\/\/schema.org\/CreativeWork\" ><div class='avia_textblock'  itemprop=\"text\" ><div class=\"title-container\">\n<div class=\"line\"><\/div>\n<p class=\"title\" style=\"text-align: center;\">Kontakt<\/p>\n<div class=\"line\"><\/div>\n<\/div>\n<\/div><\/section><\/div><div class='flex_column_table av-1jnv8d-f1f70ad0d17962fa1167bb847734ddae sc-av_one_half av-equal-height-column-flextable'>\n<style type=\"text\/css\" data-created_by=\"avia_inline_auto\" id=\"style-css-av-1jnv8d-f1f70ad0d17962fa1167bb847734ddae\">\n.flex_column.av-1jnv8d-f1f70ad0d17962fa1167bb847734ddae{\nwidth:45%;\nmargin-left:0;\nborder-width:3px;\nborder-color:#1e469b;\nborder-style:solid;\nborder-radius:15px 15px 15px 15px;\npadding:40px 40px 40px 40px;\n}\n#top .flex_column_table.av-equal-height-column-flextable.av-1jnv8d-f1f70ad0d17962fa1167bb847734ddae .av-flex-placeholder{\nwidth:10%;\n}\n<\/style>\n<div  class='flex_column av-1jnv8d-f1f70ad0d17962fa1167bb847734ddae av_one_half  avia-builder-el-23  el_after_av_one_full  el_before_av_one_half  kontaktujte-nas-col first flex_column_table_cell av-equal-height-column av-align-top  column-top-margin'     ><p>\n<style type=\"text\/css\" data-created_by=\"avia_inline_auto\" id=\"style-css-av-1dhpjp-7086ec4066e17c8100241a54f4ed3632\">\n#top .av-special-heading.av-1dhpjp-7086ec4066e17c8100241a54f4ed3632{\npadding-bottom:10px;\n}\nbody .av-special-heading.av-1dhpjp-7086ec4066e17c8100241a54f4ed3632 .av-special-heading-tag .heading-char{\nfont-size:25px;\n}\n.av-special-heading.av-1dhpjp-7086ec4066e17c8100241a54f4ed3632 .av-subheading{\nfont-size:15px;\n}\n<\/style>\n<div  class='av-special-heading av-1dhpjp-7086ec4066e17c8100241a54f4ed3632 av-special-heading-h2 blockquote modern-quote  avia-builder-el-24  el_before_av_codeblock  avia-builder-el-first  contact-title'><h2 class='av-special-heading-tag '  itemprop=\"headline\"  >Kontaktieren Sie uns<\/h2><div class=\"special-heading-border\"><div class=\"special-heading-inner-border\"><\/div><\/div><\/div><br \/>\n<\/p><\/div><div class='av-flex-placeholder'><\/div>\n<style type=\"text\/css\" data-created_by=\"avia_inline_auto\" id=\"style-css-av-140ykl-4c9893a21882407e0b04a936c5774085\">\n.flex_column.av-140ykl-4c9893a21882407e0b04a936c5774085{\nwidth:45%;\nmargin-left:0;\n}\n#top .flex_column_table.av-equal-height-column-flextable.av-140ykl-4c9893a21882407e0b04a936c5774085 .av-flex-placeholder{\nwidth:10%;\n}\n<\/style>\n<div  class='flex_column av-140ykl-4c9893a21882407e0b04a936c5774085 av_one_half  avia-builder-el-26  el_after_av_one_half  avia-builder-el-last  pomozme-pri-vybere-col flex_column_table_cell av-equal-height-column av-align-top  column-top-margin'     ><p>\n<style type=\"text\/css\" data-created_by=\"avia_inline_auto\" id=\"style-css-av-ugjnh-eeadcba798dddbebe42d347e0c9b1a62\">\n#top .hr.hr-invisible.av-ugjnh-eeadcba798dddbebe42d347e0c9b1a62{\nheight:30px;\n}\n<\/style>\n<div  class='hr av-ugjnh-eeadcba798dddbebe42d347e0c9b1a62 hr-invisible  avia-builder-el-27  el_before_av_heading  avia-builder-el-first  av-medium-hide av-small-hide av-mini-hide'><span class='hr-inner '><span class=\"hr-inner-style\"><\/span><\/span><\/div><br \/>\n\n<style type=\"text\/css\" data-created_by=\"avia_inline_auto\" id=\"style-css-av-pzcet-d57373d27d621c6a05baaf715048585b\">\n#top .av-special-heading.av-pzcet-d57373d27d621c6a05baaf715048585b{\npadding-bottom:10px;\n}\nbody .av-special-heading.av-pzcet-d57373d27d621c6a05baaf715048585b .av-special-heading-tag .heading-char{\nfont-size:25px;\n}\n.av-special-heading.av-pzcet-d57373d27d621c6a05baaf715048585b .av-subheading{\nfont-size:15px;\n}\n<\/style>\n<div  class='av-special-heading av-pzcet-d57373d27d621c6a05baaf715048585b av-special-heading-h3 blockquote modern-quote  avia-builder-el-28  el_after_av_hr  el_before_av_image  av-medium-hide av-small-hide av-mini-hide'><h3 class='av-special-heading-tag '  itemprop=\"headline\"  >Wir werden Ihnen helfen<\/h3><div class=\"special-heading-border\"><div class=\"special-heading-inner-border\"><\/div><\/div><\/div><br \/>\n\n<style type=\"text\/css\" data-created_by=\"avia_inline_auto\" id=\"style-css-av-ks24l-93e0f956d87fb7641002cf29e6d038f6\">\n.avia-image-container.av-ks24l-93e0f956d87fb7641002cf29e6d038f6 img.avia_image{\nbox-shadow:none;\n}\n.avia-image-container.av-ks24l-93e0f956d87fb7641002cf29e6d038f6 .av-image-caption-overlay-center{\ncolor:#ffffff;\n}\n<\/style>\n<div  class='avia-image-container av-ks24l-93e0f956d87fb7641002cf29e6d038f6 av-styling- avia-align-left  avia-builder-el-29  el_after_av_heading  el_before_av_hr  arrow-image av-small-hide av-mini-hide'   itemprop=\"image\" itemscope=\"itemscope\" itemtype=\"https:\/\/schema.org\/ImageObject\" ><div class=\"avia-image-container-inner\"><div class=\"avia-image-overlay-wrap\"><img decoding=\"async\" fetchpriority=\"high\" class='wp-image-1514 avia-img-lazy-loading-not-1514 avia_image ' src=\"https:\/\/www.bez.sk\/wp-content\/uploads\/2024\/12\/arrow.svg\" alt='' title='arrow'   itemprop=\"thumbnailUrl\"  \/><\/div><\/div><\/div><br \/>\n\n<style type=\"text\/css\" data-created_by=\"avia_inline_auto\" id=\"style-css-av-dhnd9-b115644b2a01697d639ff31fcf60e284\">\n#top .hr.hr-invisible.av-dhnd9-b115644b2a01697d639ff31fcf60e284{\nheight:50px;\n}\n<\/style>\n<div  class='hr av-dhnd9-b115644b2a01697d639ff31fcf60e284 hr-invisible  avia-builder-el-30  el_after_av_image  el_before_av_image '><span class='hr-inner '><span class=\"hr-inner-style\"><\/span><\/span><\/div><br \/>\n\n<style type=\"text\/css\" data-created_by=\"avia_inline_auto\" id=\"style-css-av-10vi5-59eb55c9d382b076a855b987f28b3909\">\n.avia-image-container.av-10vi5-59eb55c9d382b076a855b987f28b3909 img.avia_image{\nbox-shadow:none;\n}\n.avia-image-container.av-10vi5-59eb55c9d382b076a855b987f28b3909 .av-image-caption-overlay-center{\ncolor:#ffffff;\n}\n<\/style>\n<div  class='avia-image-container av-10vi5-59eb55c9d382b076a855b987f28b3909 av-styling- avia-align-left  avia-builder-el-31  el_after_av_hr  avia-builder-el-last  mapa-image'   itemprop=\"image\" itemscope=\"itemscope\" itemtype=\"https:\/\/schema.org\/ImageObject\" ><div class=\"avia-image-container-inner\"><div class=\"avia-image-overlay-wrap\"><img decoding=\"async\" fetchpriority=\"high\" class='wp-image-2699 avia-img-lazy-loading-not-2699 avia_image ' src=\"https:\/\/www.bez.sk\/wp-content\/uploads\/2025\/02\/transformatory-skladom.jpeg\" alt='' title='transformatory-skladom'  height=\"748\" width=\"1032\"  itemprop=\"thumbnailUrl\" srcset=\"https:\/\/www.bez.sk\/wp-content\/uploads\/2025\/02\/transformatory-skladom.jpeg 1032w, https:\/\/www.bez.sk\/wp-content\/uploads\/2025\/02\/transformatory-skladom-300x217.jpeg 300w, https:\/\/www.bez.sk\/wp-content\/uploads\/2025\/02\/transformatory-skladom-1030x747.jpeg 1030w, https:\/\/www.bez.sk\/wp-content\/uploads\/2025\/02\/transformatory-skladom-768x557.jpeg 768w, https:\/\/www.bez.sk\/wp-content\/uploads\/2025\/02\/transformatory-skladom-705x511.jpeg 705w\" sizes=\"(max-width: 1032px) 100vw, 1032px\" \/><\/div><\/div><\/div><\/p><\/div><\/div><!--close column table wrapper. Autoclose: 1 -->\n<\/p>\n","protected":false},"excerpt":{"rendered":"","protected":false},"author":3,"featured_media":0,"parent":0,"menu_order":0,"comment_status":"closed","ping_status":"closed","template":"","meta":{"footnotes":""},"class_list":["post-1582","page","type-page","status-publish","hentry"],"yoast_head":"<!-- This site is optimized with the Yoast SEO plugin v24.1 - https:\/\/yoast.com\/wordpress\/plugins\/seo\/ -->\n<title>Kataloge - BEZ Transform\u00e1tory<\/title>\n<meta name=\"robots\" content=\"index, follow, max-snippet:-1, max-image-preview:large, max-video-preview:-1\" \/>\n<link rel=\"canonical\" href=\"https:\/\/www.bez.sk\/de\/kataloge\/\" \/>\n<meta property=\"og:locale\" content=\"de_DE\" \/>\n<meta property=\"og:type\" content=\"article\" \/>\n<meta property=\"og:title\" content=\"Kataloge - BEZ Transform\u00e1tory\" \/>\n<meta property=\"og:url\" content=\"https:\/\/www.bez.sk\/de\/kataloge\/\" \/>\n<meta property=\"og:site_name\" content=\"BEZ Transform\u00e1tory\" \/>\n<meta property=\"article:modified_time\" content=\"2026-04-02T07:25:18+00:00\" \/>\n<meta name=\"twitter:card\" content=\"summary_large_image\" \/>\n<meta name=\"twitter:label1\" content=\"Gesch\u00e4tzte Lesezeit\" \/>\n\t<meta name=\"twitter:data1\" content=\"2\u00a0Minuten\" \/>\n<script type=\"application\/ld+json\" class=\"yoast-schema-graph\">{\"@context\":\"https:\/\/schema.org\",\"@graph\":[{\"@type\":\"WebPage\",\"@id\":\"https:\/\/www.bez.sk\/de\/kataloge\/\",\"url\":\"https:\/\/www.bez.sk\/de\/kataloge\/\",\"name\":\"Kataloge - BEZ Transform\u00e1tory\",\"isPartOf\":{\"@id\":\"https:\/\/www.bez.sk\/de\/#website\"},\"datePublished\":\"2024-11-16T14:05:12+00:00\",\"dateModified\":\"2026-04-02T07:25:18+00:00\",\"breadcrumb\":{\"@id\":\"https:\/\/www.bez.sk\/de\/kataloge\/#breadcrumb\"},\"inLanguage\":\"de\",\"potentialAction\":[{\"@type\":\"ReadAction\",\"target\":[\"https:\/\/www.bez.sk\/de\/kataloge\/\"]}]},{\"@type\":\"BreadcrumbList\",\"@id\":\"https:\/\/www.bez.sk\/de\/kataloge\/#breadcrumb\",\"itemListElement\":[{\"@type\":\"ListItem\",\"position\":1,\"name\":\"Domovsk\u00e1 str\u00e1nka\",\"item\":\"https:\/\/www.bez.sk\/de\/%d0%b3%d0%be%d0%bb%d0%be%d0%b2%d0%bd%d0%b0-%d1%81%d1%82%d0%be%d1%80%d1%96%d0%bd%d0%ba%d0%b0\/\"},{\"@type\":\"ListItem\",\"position\":2,\"name\":\"Kataloge\"}]},{\"@type\":\"WebSite\",\"@id\":\"https:\/\/www.bez.sk\/de\/#website\",\"url\":\"https:\/\/www.bez.sk\/de\/\",\"name\":\"BEZ Transform\u00e1tory\",\"description\":\"\",\"potentialAction\":[{\"@type\":\"SearchAction\",\"target\":{\"@type\":\"EntryPoint\",\"urlTemplate\":\"https:\/\/www.bez.sk\/de\/?s={search_term_string}\"},\"query-input\":{\"@type\":\"PropertyValueSpecification\",\"valueRequired\":true,\"valueName\":\"search_term_string\"}}],\"inLanguage\":\"de\"}]}<\/script>\n<!-- \/ Yoast SEO plugin. -->","yoast_head_json":{"title":"Kataloge - BEZ Transform\u00e1tory","robots":{"index":"index","follow":"follow","max-snippet":"max-snippet:-1","max-image-preview":"max-image-preview:large","max-video-preview":"max-video-preview:-1"},"canonical":"https:\/\/www.bez.sk\/de\/kataloge\/","og_locale":"de_DE","og_type":"article","og_title":"Kataloge - BEZ Transform\u00e1tory","og_url":"https:\/\/www.bez.sk\/de\/kataloge\/","og_site_name":"BEZ Transform\u00e1tory","article_modified_time":"2026-04-02T07:25:18+00:00","twitter_card":"summary_large_image","twitter_misc":{"Gesch\u00e4tzte Lesezeit":"2\u00a0Minuten"},"schema":{"@context":"https:\/\/schema.org","@graph":[{"@type":"WebPage","@id":"https:\/\/www.bez.sk\/de\/kataloge\/","url":"https:\/\/www.bez.sk\/de\/kataloge\/","name":"Kataloge - BEZ Transform\u00e1tory","isPartOf":{"@id":"https:\/\/www.bez.sk\/de\/#website"},"datePublished":"2024-11-16T14:05:12+00:00","dateModified":"2026-04-02T07:25:18+00:00","breadcrumb":{"@id":"https:\/\/www.bez.sk\/de\/kataloge\/#breadcrumb"},"inLanguage":"de","potentialAction":[{"@type":"ReadAction","target":["https:\/\/www.bez.sk\/de\/kataloge\/"]}]},{"@type":"BreadcrumbList","@id":"https:\/\/www.bez.sk\/de\/kataloge\/#breadcrumb","itemListElement":[{"@type":"ListItem","position":1,"name":"Domovsk\u00e1 str\u00e1nka","item":"https:\/\/www.bez.sk\/de\/%d0%b3%d0%be%d0%bb%d0%be%d0%b2%d0%bd%d0%b0-%d1%81%d1%82%d0%be%d1%80%d1%96%d0%bd%d0%ba%d0%b0\/"},{"@type":"ListItem","position":2,"name":"Kataloge"}]},{"@type":"WebSite","@id":"https:\/\/www.bez.sk\/de\/#website","url":"https:\/\/www.bez.sk\/de\/","name":"BEZ Transform\u00e1tory","description":"","potentialAction":[{"@type":"SearchAction","target":{"@type":"EntryPoint","urlTemplate":"https:\/\/www.bez.sk\/de\/?s={search_term_string}"},"query-input":{"@type":"PropertyValueSpecification","valueRequired":true,"valueName":"search_term_string"}}],"inLanguage":"de"}]}},"_links":{"self":[{"href":"https:\/\/www.bez.sk\/de\/wp-json\/wp\/v2\/pages\/1582","targetHints":{"allow":["GET"]}}],"collection":[{"href":"https:\/\/www.bez.sk\/de\/wp-json\/wp\/v2\/pages"}],"about":[{"href":"https:\/\/www.bez.sk\/de\/wp-json\/wp\/v2\/types\/page"}],"author":[{"embeddable":true,"href":"https:\/\/www.bez.sk\/de\/wp-json\/wp\/v2\/users\/3"}],"replies":[{"embeddable":true,"href":"https:\/\/www.bez.sk\/de\/wp-json\/wp\/v2\/comments?post=1582"}],"version-history":[{"count":71,"href":"https:\/\/www.bez.sk\/de\/wp-json\/wp\/v2\/pages\/1582\/revisions"}],"predecessor-version":[{"id":12450,"href":"https:\/\/www.bez.sk\/de\/wp-json\/wp\/v2\/pages\/1582\/revisions\/12450"}],"wp:attachment":[{"href":"https:\/\/www.bez.sk\/de\/wp-json\/wp\/v2\/media?parent=1582"}],"curies":[{"name":"wp","href":"https:\/\/api.w.org\/{rel}","templated":true}]}}